{"id":110,"date":"2017-06-25T04:11:01","date_gmt":"2017-06-25T04:11:01","guid":{"rendered":"http:\/\/remunomex.uas.edu.mx\/?page_id=110"},"modified":"2019-01-03T20:12:51","modified_gmt":"2019-01-03T20:12:51","slug":"museo-el-jaguar","status":"publish","type":"page","link":"http:\/\/remunomex.uas.edu.mx\/index.php\/museo-el-jaguar\/","title":{"rendered":"MUSEO EL JAGUAR"},"content":{"rendered":"\n\t\t<!-- MasterSlider -->\n\t\t<div id=\"P_MS69ff5aef43b39\" class=\"master-slider-parent msl ms-parent-id-29\" style=\"max-width:945px;\">\n\n\t\t\t\n\t\t\t<!-- MasterSlider Main -->\n\t\t\t<div id=\"MS69ff5aef43b39\" class=\"master-slider ms-skin-light-6 round-skin\" >\n\t\t\t\t \t\t\t\t \n\t\t\t\t<div  class=\"ms-slide\" data-delay=\"3\" data-fill-mode=\"fill\"  >\n\t\t\t\t\t<img src=\"http:\/\/remunomex.uas.edu.mx\/wp-content\/plugins\/master-slider\/public\/assets\/css\/blank.gif\" alt=\"\" title=\"\" data-src=\"http:\/\/remunomex.uas.edu.mx\/wp-content\/uploads\/2017\/08\/Museo-el-Jaguar-5.jpg\" \/>\n\n\n\t<div class=\"ms-thumb\" ><div class=\"ms-tab-context\"><div class=&quot;ms-tab-context&quot;><\/div><\/div>\n<\/div>\n\t\t\t\t<\/div>\n\t\t\t\t<div  class=\"ms-slide\" data-delay=\"3\" data-fill-mode=\"fill\"  >\n\t\t\t\t\t<img src=\"http:\/\/remunomex.uas.edu.mx\/wp-content\/plugins\/master-slider\/public\/assets\/css\/blank.gif\" alt=\"\" title=\"\" data-src=\"http:\/\/remunomex.uas.edu.mx\/wp-content\/uploads\/2017\/08\/Museo-el-Jaguar-2.jpg\" \/>\n\n\n\t<div class=\"ms-thumb\" ><div class=\"ms-tab-context\"><div class=&quot;ms-tab-context&quot;><\/div><\/div>\n<\/div>\n\t\t\t\t<\/div>\n\t\t\t\t<div  class=\"ms-slide\" data-delay=\"3\" data-fill-mode=\"fit\"  >\n\t\t\t\t\t<img src=\"http:\/\/remunomex.uas.edu.mx\/wp-content\/plugins\/master-slider\/public\/assets\/css\/blank.gif\" alt=\"\" title=\"\" data-src=\"http:\/\/remunomex.uas.edu.mx\/wp-content\/uploads\/2017\/08\/Museo-el-Jaguar-1.jpg\" \/>\n\n\n\t<div class=\"ms-thumb\" ><div class=\"ms-tab-context\"><div class=&quot;ms-tab-context&quot;><\/div><\/div>\n<\/div>\n\t\t\t\t<\/div>\n\t\t\t\t<div  class=\"ms-slide\" data-delay=\"3\" data-fill-mode=\"fit\"  >\n\t\t\t\t\t<img src=\"http:\/\/remunomex.uas.edu.mx\/wp-content\/plugins\/master-slider\/public\/assets\/css\/blank.gif\" alt=\"\" title=\"\" data-src=\"http:\/\/remunomex.uas.edu.mx\/wp-content\/uploads\/2017\/08\/Museo-el-Jaguar-3.jpg\" \/>\n\n\n\t<div class=\"ms-thumb\" ><div class=\"ms-tab-context\"><div class=&quot;ms-tab-context&quot;><\/div><\/div>\n<\/div>\n\t\t\t\t<\/div>\n\t\t\t\t<div  class=\"ms-slide\" data-delay=\"3\" data-fill-mode=\"fill\"  >\n\t\t\t\t\t<img src=\"http:\/\/remunomex.uas.edu.mx\/wp-content\/plugins\/master-slider\/public\/assets\/css\/blank.gif\" alt=\"\" title=\"\" data-src=\"http:\/\/remunomex.uas.edu.mx\/wp-content\/uploads\/2017\/08\/Museo-el-Jaguar-4.jpg\" \/>\n\n\n\t<div class=\"ms-thumb\" ><div class=\"ms-tab-context\"><div class=&quot;ms-tab-context&quot;><\/div><\/div>\n<\/div>\n\t\t\t\t<\/div>\n\n\t\t\t<\/div>\n\t\t\t<!-- END MasterSlider Main -->\n\n\t\t\t \n\t\t<\/div>\n\t\t<!-- END MasterSlider -->\n\n\t\t<script>\n\t\t(function ( $ ) {\n\t\t\t\"use strict\";\n\n\t\t\t$(function () {\n\t\t\t\tvar masterslider_3b39 = new MasterSlider();\n\n\t\t\t\t\/\/ slider controls\n\t\t\t\tmasterslider_3b39.control('arrows'     ,{ autohide:true, overVideo:true  });\t\t\t\tmasterslider_3b39.control('bullets'    ,{ autohide:false, overVideo:true, dir:'h', align:'bottom' , margin:10  });\n\n\t\t\t\tmasterslider_3b39.control('scrollbar'  ,{ autohide:true, overVideo:true, dir:'h', inset:true, align:'top', color:'#404040' , margin:10  , width:4 });\n\t\t\t\t\/\/ slider setup\n\t\t\t\tmasterslider_3b39.setup(\"MS69ff5aef43b39\", {\n\t\t\t\t\t\twidth           : 800,\n\t\t\t\t\t\theight          : 480,\n\t\t\t\t\t\tminHeight       : 0,\n\t\t\t\t\t\tspace           : 0,\n\t\t\t\t\t\tstart           : 1,\n\t\t\t\t\t\tgrabCursor      : true,\n\t\t\t\t\t\tswipe           : true,\n\t\t\t\t\t\tmouse           : true,\n\t\t\t\t\t\tlayout          : \"boxed\",\n\t\t\t\t\t\twheel           : false,\n\t\t\t\t\t\tautoplay        : false,\n\t\t\t\t\t\tinstantStartLayers:false,\n\t\t\t\t\t\tloop            : false,\n\t\t\t\t\t\tshuffle         : false,\n\t\t\t\t\t\tpreload         : 0,\n\t\t\t\t\t\theightLimit     : true,\n\t\t\t\t\t\tautoHeight      : false,\n\t\t\t\t\t\tsmoothHeight    : true,\n\t\t\t\t\t\tendPause        : false,\n\t\t\t\t\t\toverPause       : true,\n\t\t\t\t\t\tfillMode        : \"fill\",\n\t\t\t\t\t\tcenterControls  : false,\n\t\t\t\t\t\tstartOnAppear   : false,\n\t\t\t\t\t\tlayersMode      : \"center\",\n\t\t\t\t\t\thideLayers      : false,\n\t\t\t\t\t\tfullscreenMargin: 0,\n\t\t\t\t\t\tspeed           : 20,\n\t\t\t\t\t\tdir             : \"h\",\n\t\t\t\t\t\tparallaxMode    : 'swipe',\n\t\t\t\t\t\tview            : \"basic\"\n\t\t\t\t});\n\n\t\t\t\t\n\t\t\t\twindow.masterslider_instances = window.masterslider_instances || [];\n\t\t\t\twindow.masterslider_instances.push( masterslider_3b39 );\n\t\t\t });\n\n\t\t})(jQuery);\n\t\t<\/script>\n\n\n<hr \/>\n<div id=\"informacion\"><strong>Direcci\u00f3n<\/strong><br \/>\nDomicilio conocido<br \/>\nCentro, C.P. 82972<br \/>\nSan Ignacio, Sinaloa<\/div>\n<p><strong>Informaci\u00f3n de la direcci\u00f3n del museo<\/strong><\/p>\n<p><img loading=\"lazy\" class=\"\" src=\"http:\/\/www.deprimeranoticias.com\/Img\/b110645d6fe84bd.jpg\" alt=\"Imagen relacionada\" width=\"214\" height=\"160\" \/>\u00a0<img loading=\"lazy\" class=\"\" src=\"https:\/\/www.debate.com.mx\/export\/sites\/debate\/img\/2016\/07\/24\/cristo-san-ignacio.jpg_701797536.jpg\" alt=\"Imagen relacionada\" width=\"261\" height=\"160\" \/>\u00a0<img loading=\"lazy\" class=\"\" src=\"https:\/\/www.turimexico.com\/wp-content\/uploads\/2015\/06\/templo-san-ignacio.jpg\" alt=\"Resultado de imagen para san ignacio sinaloa\" width=\"173\" height=\"160\" \/><\/p>\n<div style=\"text-align: justify;\">San Ignacio, Sinaloa fue fundado en el a\u00f1o de 1633 por el padre Jesuita Diego Gonz\u00e1lez de Cueto. El nombre original de esta regi\u00f3n era Piaxtla. De acuerdo con la tradici\u00f3n oral, existe una famosa leyenda del peque\u00f1o poblado denominado Piaxtla, as\u00ed llamado hasta antes de que los espa\u00f1oles colonizaran la regi\u00f3n hoy conocida como la municipalidad de San Ignacio, concretamente la cabecera de este municipio. Antes de la llegada de los espa\u00f1oles estuvo habitado el municipio por los pueblos ind\u00edgenas como los\u00a0piaxtlas,\u00a0totorames,\u00a0xixime,\u00a0hinas,\u00a0humis,\u00a0sabaibo\u00a0y un poco de ind\u00edgenas\u00a0tepehuanes\u00a0en los l\u00edmites de la sierra con el estado de\u00a0Durango. En el a\u00f1o de 1748 en lo que hoy es el municipio de San Ignacio, los misioneros jesuitas establecen, r\u00edo arriba de la cabecera, la principal misi\u00f3n denominada Santa Apolonia con los pueblos de visitas de San Mateo y Santiago, compuestas por ind\u00edgenas mexicanos, seg\u00fan se ilustra el prestigiado historiador H\u00e9ctor Olea, en Opus Los asentamientos humanos de Sinaloa.<\/div>\n<p>&nbsp;<\/p>\n<div><strong>Tel\u00e9fono<\/strong>:\u00a0(696) 104-77 -64 y (667) 201-87-19<\/div>\n<p>&nbsp;<\/p>\n<div><strong>Datos generales<\/strong><br \/>\nPrimer museo sobre una especie emblem\u00e1tica en M\u00e9xico. Este museo abre caminos para promover la biodiversidad y brinda espacios interactivos para los habitantes de Cabaz\u00e1n y de otras comunidades. Cuenta con cuatro salas donde los visitantes conocen los aspectos hist\u00f3ricos, culturales, ecol\u00f3gicos y de conservaci\u00f3n del jaguar y sus h\u00e1bitats. Presenta los resultados del Censo Nacional del Jaguar 2010. El jaguar es el felino m\u00e1s grande de Am\u00e9rica y se encuentra en peligro de extinci\u00f3n. En su fundaci\u00f3n participaron la Universidad Aut\u00f3noma de Sinaloa, la Universidad Nacional Aut\u00f3noma de M\u00e9xico, la Secretar\u00eda del Medio Ambiente, la Comisi\u00f3n Nacional de \u00c1reas Naturales y Protegidas (Conanp) y el Ayuntamiento de San Ignacio. La comunidad de Cabaz\u00e1n fue fundada por los misioneros jesuitas en el a\u00f1o de 1779 y se encuentra a 70 kil\u00f3metros de Mazatl\u00e1n sobre la carretera libre M\u00e9xico 15 y a ocho kil\u00f3metros hacia la sierra del pueblo de San Ignacio.<\/div>\n<p>&nbsp;<\/p>\n<div><strong>Fecha de fundaci\u00f3n<\/strong><br \/>\n30 de Marzo de 2011.<\/p>\n<div><strong>Redes Sociales<\/strong><\/div>\n<div>Facebook: <a href=\"https:\/\/www.facebook.com\/museodeljaguar.sinaloa?lst=100000106321669%3A100005025211091%3A1502331982\" target=\"_blank\" rel=\"noopener\">Museo Del Jaguar Sinaloa<\/a><\/div>\n<div>Correo electr\u00f3nico:\u00a0yamel@uas.edu.mx<\/div>\n<p>&nbsp;<\/p>\n<div><iframe loading=\"lazy\" src=\"https:\/\/www.youtube.com\/embed\/f1ITP7JkyTA\" width=\"560\" height=\"315\" frameborder=\"0\" allowfullscreen=\"allowfullscreen\"><\/iframe><\/div>\n<hr \/>\n<h3 style=\"text-align: center;\">Responsable del Museo<\/h3>\n<div style=\"text-align: center;\">Yamel Rubio<\/div>\n<\/div>\n","protected":false},"excerpt":{"rendered":"<p>Direcci\u00f3n Domicilio conocido Centro, C.P. 82972 San Ignacio, Sinaloa Informaci\u00f3n de la direcci\u00f3n del museo \u00a0\u00a0 San Ignacio, Sinaloa fue<\/p>\n","protected":false},"author":1,"featured_media":0,"parent":0,"menu_order":0,"comment_status":"closed","ping_status":"closed","template":"","meta":[],"_links":{"self":[{"href":"http:\/\/remunomex.uas.edu.mx\/index.php\/wp-json\/wp\/v2\/pages\/110"}],"collection":[{"href":"http:\/\/remunomex.uas.edu.mx\/index.php\/wp-json\/wp\/v2\/pages"}],"about":[{"href":"http:\/\/remunomex.uas.edu.mx\/index.php\/wp-json\/wp\/v2\/types\/page"}],"author":[{"embeddable":true,"href":"http:\/\/remunomex.uas.edu.mx\/index.php\/wp-json\/wp\/v2\/users\/1"}],"replies":[{"embeddable":true,"href":"http:\/\/remunomex.uas.edu.mx\/index.php\/wp-json\/wp\/v2\/comments?post=110"}],"version-history":[{"count":7,"href":"http:\/\/remunomex.uas.edu.mx\/index.php\/wp-json\/wp\/v2\/pages\/110\/revisions"}],"predecessor-version":[{"id":1312,"href":"http:\/\/remunomex.uas.edu.mx\/index.php\/wp-json\/wp\/v2\/pages\/110\/revisions\/1312"}],"wp:attachment":[{"href":"http:\/\/remunomex.uas.edu.mx\/index.php\/wp-json\/wp\/v2\/media?parent=110"}],"curies":[{"name":"wp","href":"https:\/\/api.w.org\/{rel}","templated":true}]}}