{"id":111,"date":"2017-06-28T04:01:00","date_gmt":"2017-06-28T04:01:00","guid":{"rendered":"http:\/\/remunomex.uas.edu.mx\/?page_id=111"},"modified":"2019-01-03T20:34:05","modified_gmt":"2019-01-03T20:34:05","slug":"museo-gral-antonio-rosales","status":"publish","type":"page","link":"http:\/\/remunomex.uas.edu.mx\/index.php\/museo-gral-antonio-rosales\/","title":{"rendered":"MUSEO GRAL. ANTONIO ROSALES"},"content":{"rendered":"\n\t\t<!-- MasterSlider -->\n\t\t<div id=\"P_MS69f8633e9de01\" class=\"master-slider-parent msl ms-parent-id-40\" style=\"max-width:945px;\">\n\n\t\t\t\n\t\t\t<!-- MasterSlider Main -->\n\t\t\t<div id=\"MS69f8633e9de01\" class=\"master-slider ms-skin-light-6 round-skin\" >\n\t\t\t\t \t\t\t\t \n\t\t\t\t<div  class=\"ms-slide\" data-delay=\"3\" data-fill-mode=\"fill\"  >\n\t\t\t\t\t<img src=\"http:\/\/remunomex.uas.edu.mx\/wp-content\/plugins\/master-slider\/public\/assets\/css\/blank.gif\" alt=\"\" title=\"\" data-src=\"http:\/\/remunomex.uas.edu.mx\/wp-content\/uploads\/2017\/08\/Museo-gral-antonio-rosales-1.png\" \/>\n\n\n\t<div class=\"ms-thumb\" ><div class=\"ms-tab-context\"><div class=&quot;ms-tab-context&quot;><\/div><\/div>\n<\/div>\n\t\t\t\t<\/div>\n\t\t\t\t<div  class=\"ms-slide\" data-delay=\"3\" data-fill-mode=\"fit\"  >\n\t\t\t\t\t<img src=\"http:\/\/remunomex.uas.edu.mx\/wp-content\/plugins\/master-slider\/public\/assets\/css\/blank.gif\" alt=\"\" title=\"\" data-src=\"http:\/\/remunomex.uas.edu.mx\/wp-content\/uploads\/2017\/08\/Museo-gral-antonio-rosales-4.png\" \/>\n\n\n\t<div class=\"ms-thumb\" ><div class=\"ms-tab-context\"><div class=&quot;ms-tab-context&quot;><\/div><\/div>\n<\/div>\n\t\t\t\t<\/div>\n\t\t\t\t<div  class=\"ms-slide\" data-delay=\"3\" data-fill-mode=\"fit\"  >\n\t\t\t\t\t<img src=\"http:\/\/remunomex.uas.edu.mx\/wp-content\/plugins\/master-slider\/public\/assets\/css\/blank.gif\" alt=\"\" title=\"\" data-src=\"http:\/\/remunomex.uas.edu.mx\/wp-content\/uploads\/2017\/08\/Museo-gral-antonio-rosales-2.png\" \/>\n\n\n\t<div class=\"ms-thumb\" ><div class=\"ms-tab-context\"><div class=&quot;ms-tab-context&quot;><\/div><\/div>\n<\/div>\n\t\t\t\t<\/div>\n\t\t\t\t<div  class=\"ms-slide\" data-delay=\"3\" data-fill-mode=\"fit\"  >\n\t\t\t\t\t<img src=\"http:\/\/remunomex.uas.edu.mx\/wp-content\/plugins\/master-slider\/public\/assets\/css\/blank.gif\" alt=\"\" title=\"\" data-src=\"http:\/\/remunomex.uas.edu.mx\/wp-content\/uploads\/2017\/08\/gral-Antonio-Rosales.png\" \/>\n\n\n\t<div class=\"ms-thumb\" ><div class=\"ms-tab-context\"><div class=&quot;ms-tab-context&quot;><\/div><\/div>\n<\/div>\n\t\t\t\t<\/div>\n\t\t\t\t<div  class=\"ms-slide\" data-delay=\"3\" data-fill-mode=\"fill\"  >\n\t\t\t\t\t<img src=\"http:\/\/remunomex.uas.edu.mx\/wp-content\/plugins\/master-slider\/public\/assets\/css\/blank.gif\" alt=\"\" title=\"\" data-src=\"http:\/\/remunomex.uas.edu.mx\/wp-content\/uploads\/2017\/08\/Museo-gral-antonio-rosales-3.png\" \/>\n\n\n\t<div class=\"ms-thumb\" ><div class=\"ms-tab-context\"><div class=&quot;ms-tab-context&quot;><\/div><\/div>\n<\/div>\n\t\t\t\t<\/div>\n\t\t\t\t<div  class=\"ms-slide\" data-delay=\"3\" data-fill-mode=\"fit\"  >\n\t\t\t\t\t<img src=\"http:\/\/remunomex.uas.edu.mx\/wp-content\/plugins\/master-slider\/public\/assets\/css\/blank.gif\" alt=\"\" title=\"\" data-src=\"http:\/\/remunomex.uas.edu.mx\/wp-content\/uploads\/2017\/08\/Museo-gral-antonio-rosales-5.png\" \/>\n\n\n\t<div class=\"ms-thumb\" ><div class=\"ms-tab-context\"><div class=&quot;ms-tab-context&quot;><\/div><\/div>\n<\/div>\n\t\t\t\t<\/div>\n\n\t\t\t<\/div>\n\t\t\t<!-- END MasterSlider Main -->\n\n\t\t\t \n\t\t<\/div>\n\t\t<!-- END MasterSlider -->\n\n\t\t<script>\n\t\t(function ( $ ) {\n\t\t\t\"use strict\";\n\n\t\t\t$(function () {\n\t\t\t\tvar masterslider_de01 = new MasterSlider();\n\n\t\t\t\t\/\/ slider controls\n\t\t\t\tmasterslider_de01.control('arrows'     ,{ autohide:true, overVideo:true  });\t\t\t\tmasterslider_de01.control('bullets'    ,{ autohide:false, overVideo:true, dir:'h', align:'bottom' , margin:10  });\n\n\t\t\t\tmasterslider_de01.control('scrollbar'  ,{ autohide:true, overVideo:true, dir:'h', inset:true, align:'top', color:'#404040' , margin:10  , width:4 });\n\t\t\t\t\/\/ slider setup\n\t\t\t\tmasterslider_de01.setup(\"MS69f8633e9de01\", {\n\t\t\t\t\t\twidth           : 800,\n\t\t\t\t\t\theight          : 480,\n\t\t\t\t\t\tminHeight       : 0,\n\t\t\t\t\t\tspace           : 0,\n\t\t\t\t\t\tstart           : 1,\n\t\t\t\t\t\tgrabCursor      : true,\n\t\t\t\t\t\tswipe           : true,\n\t\t\t\t\t\tmouse           : true,\n\t\t\t\t\t\tlayout          : \"boxed\",\n\t\t\t\t\t\twheel           : false,\n\t\t\t\t\t\tautoplay        : false,\n\t\t\t\t\t\tinstantStartLayers:false,\n\t\t\t\t\t\tloop            : false,\n\t\t\t\t\t\tshuffle         : false,\n\t\t\t\t\t\tpreload         : 0,\n\t\t\t\t\t\theightLimit     : true,\n\t\t\t\t\t\tautoHeight      : false,\n\t\t\t\t\t\tsmoothHeight    : true,\n\t\t\t\t\t\tendPause        : false,\n\t\t\t\t\t\toverPause       : true,\n\t\t\t\t\t\tfillMode        : \"fill\",\n\t\t\t\t\t\tcenterControls  : false,\n\t\t\t\t\t\tstartOnAppear   : false,\n\t\t\t\t\t\tlayersMode      : \"center\",\n\t\t\t\t\t\thideLayers      : false,\n\t\t\t\t\t\tfullscreenMargin: 0,\n\t\t\t\t\t\tspeed           : 20,\n\t\t\t\t\t\tdir             : \"h\",\n\t\t\t\t\t\tparallaxMode    : 'swipe',\n\t\t\t\t\t\tview            : \"basic\"\n\t\t\t\t});\n\n\t\t\t\t\n\t\t\t\twindow.masterslider_instances = window.masterslider_instances || [];\n\t\t\t\twindow.masterslider_instances.push( masterslider_de01 );\n\t\t\t });\n\n\t\t})(jQuery);\n\t\t<\/script>\n\n\n<hr \/>\n<div><strong>Direcci\u00f3n<\/strong><br \/>\nCalle Dr. Mora poste No.30<\/div>\n<p>Entre Agustina Ram\u00edrez y G\u00f3mez Far\u00edas<br \/>\nSan Pedro Rosales, Navolato, Sinaloa<\/p>\n<p><iframe loading=\"lazy\" style=\"border: 0;\" src=\"https:\/\/www.google.com\/maps\/embed?pb=!1m18!1m12!1m3!1d8616.26088049917!2d-107.55787013391182!3d24.771766370741812!2m3!1f0!2f0!3f0!3m2!1i1024!2i768!4f13.1!3m3!1m2!1s0x86bccf3e593250ad%3A0x7c478703bb9e77b9!2sSan+Pedro%2C+Sinaloa!5e0!3m2!1ses-419!2smx!4v1503286340372\" width=\"350\" height=\"300\" frameborder=\"0\" allowfullscreen=\"allowfullscreen\"><\/iframe><br \/>\n<strong> Informaci\u00f3n de la direcci\u00f3n del museo<\/strong><\/p>\n<p><img loading=\"lazy\" class=\"\" src=\"http:\/\/1.bp.blogspot.com\/_c4_24cgFmAQ\/TUn40o0f-lI\/AAAAAAAAFlc\/xfqttCIc6jA\/s1600\/navolato+kiosko.jpg\" alt=\"Imagen relacionada\" width=\"221\" height=\"166\" \/>\u00a0<img loading=\"lazy\" class=\"\" src=\"https:\/\/www.navolato.gob.mx\/images\/noticia\/junio\/3.12.JPG\" alt=\"Imagen relacionada\" width=\"248\" height=\"165\" \/>\u00a0<img loading=\"lazy\" class=\"\" src=\"http:\/\/siglo.inafed.gob.mx\/enciclopedia\/EMM25sinaloa\/municipios\/25018\/25m018-01.jpg\" alt=\"Imagen relacionada\" width=\"248\" height=\"165\" \/><\/p>\n<div style=\"text-align: justify;\">La ciudad de Navolato se localiza a escasos 25\u00a0km\u00a0de la ciudad de\u00a0Culiac\u00e1n. El origen de la palabra Navolato proviene del\u00a0idioma mayo\u00a0\u00abNavo\u00bb (<i>tunas o nopales<\/i>), seg\u00fan Heberto Sinagawa, historiador oficial del estado de Sinaloa; indica que el nombre correcto es \u00abcerco de nopales\u00bb. Esta tesis no es un\u00e1nime. Navolato formaba parte territorial del municipio de\u00a0Culiac\u00e1n\u00a0hasta que en 1982 se erigi\u00f3 como municipio libre por mandato del gobernador\u00a0Antonio Toledo Corro. La actividad principal es la agricultura, siendo sus productos principales la ca\u00f1a de az\u00facar, el ma\u00edz y las hortalizas. Seg\u00fan c\u00e1lculos para el a\u00f1o 2008 se conturbar\u00e1 con la ciudad de Culiac\u00e1n.<\/div>\n<p>&nbsp;<\/p>\n<div><strong>Telefono<\/strong>: (667) 167-42-72 y (667) 710-06-06<\/div>\n<p>&nbsp;<\/p>\n<div><strong>Datos generales<\/strong><\/div>\n<div>Posee grandes atractivos naturales, hist\u00f3ricos, culturales y tradicionales como son: naturaleza, aves, arquitectura, cultura, artesan\u00edas, fiestas tradicionales, gastronom\u00eda, comunicaci\u00f3n y servicios.<br \/>\n<a href=\"http:\/\/remunomex.uas.edu.mx\/wp-content\/uploads\/2017\/08\/GRAL.-ANTONIO-ROSALES.pdf\" target=\"_blank\" rel=\"noopener\">Ver mas<\/a><\/div>\n<p>&nbsp;<\/p>\n<div><strong>Fecha de fundaci\u00f3n<\/strong><\/div>\n<div>18 de Diciembre de 1995.<\/div>\n<p>&nbsp;<\/p>\n<div><strong>Redes sociales<\/strong><\/div>\n<div>Correo electr\u00f3nico:\u00a0<a href=\"mailto:sintec_2000@hotmail.com\">sintec_2000@hotmail.com<\/a><\/div>\n<hr \/>\n<h3 style=\"text-align: center;\">Responsable del Museo<\/h3>\n<div style=\"text-align: center;\">Arq.\u00a0Rodolfo Anguiano Valenzuela<\/div>\n","protected":false},"excerpt":{"rendered":"<p>Direcci\u00f3n Calle Dr. Mora poste No.30 Entre Agustina Ram\u00edrez y G\u00f3mez Far\u00edas San Pedro Rosales, Navolato, Sinaloa Informaci\u00f3n de la<\/p>\n","protected":false},"author":1,"featured_media":0,"parent":0,"menu_order":0,"comment_status":"closed","ping_status":"closed","template":"","meta":[],"_links":{"self":[{"href":"http:\/\/remunomex.uas.edu.mx\/index.php\/wp-json\/wp\/v2\/pages\/111"}],"collection":[{"href":"http:\/\/remunomex.uas.edu.mx\/index.php\/wp-json\/wp\/v2\/pages"}],"about":[{"href":"http:\/\/remunomex.uas.edu.mx\/index.php\/wp-json\/wp\/v2\/types\/page"}],"author":[{"embeddable":true,"href":"http:\/\/remunomex.uas.edu.mx\/index.php\/wp-json\/wp\/v2\/users\/1"}],"replies":[{"embeddable":true,"href":"http:\/\/remunomex.uas.edu.mx\/index.php\/wp-json\/wp\/v2\/comments?post=111"}],"version-history":[{"count":12,"href":"http:\/\/remunomex.uas.edu.mx\/index.php\/wp-json\/wp\/v2\/pages\/111\/revisions"}],"predecessor-version":[{"id":1319,"href":"http:\/\/remunomex.uas.edu.mx\/index.php\/wp-json\/wp\/v2\/pages\/111\/revisions\/1319"}],"wp:attachment":[{"href":"http:\/\/remunomex.uas.edu.mx\/index.php\/wp-json\/wp\/v2\/media?parent=111"}],"curies":[{"name":"wp","href":"https:\/\/api.w.org\/{rel}","templated":true}]}}