{"id":115,"date":"2017-06-25T04:14:03","date_gmt":"2017-06-25T04:14:03","guid":{"rendered":"http:\/\/remunomex.uas.edu.mx\/?page_id=115"},"modified":"2019-01-03T19:52:03","modified_gmt":"2019-01-03T19:52:03","slug":"museo-de-angostura","status":"publish","type":"page","link":"http:\/\/remunomex.uas.edu.mx\/index.php\/museo-de-angostura\/","title":{"rendered":"MUSEO DE ANGOSTURA"},"content":{"rendered":"<p><img loading=\"lazy\" class=\"aligncenter wp-image-916 size-large\" src=\"http:\/\/remunomex.uas.edu.mx\/wp-content\/uploads\/2017\/06\/Pagina-en-obras-1024x285.jpg\" alt=\"\" width=\"800\" height=\"223\" srcset=\"http:\/\/remunomex.uas.edu.mx\/wp-content\/uploads\/2017\/06\/Pagina-en-obras-1024x285.jpg 1024w, http:\/\/remunomex.uas.edu.mx\/wp-content\/uploads\/2017\/06\/Pagina-en-obras-300x83.jpg 300w, http:\/\/remunomex.uas.edu.mx\/wp-content\/uploads\/2017\/06\/Pagina-en-obras-768x214.jpg 768w\" sizes=\"(max-width: 800px) 100vw, 800px\" \/><\/p>\n<hr \/>\n<div><strong>Direcci\u00f3n<\/strong><br \/>\nAngostura, Sinaloa<\/div>\n<div><\/div>\n<div><strong>Informaci\u00f3n de la direcci\u00f3n del museo<\/strong><\/div>\n<div><img loading=\"lazy\" class=\"\" src=\"https:\/\/noticias.caracoltv.com\/sites\/default\/files\/240415_angostura.gif\" alt=\"Imagen relacionada\" width=\"235\" height=\"156\" \/>\u00a0<img loading=\"lazy\" class=\"\" src=\"https:\/\/www.debate.com.mx\/__export\/1468448260497\/sites\/debate\/img\/2016\/07\/13\/dsc_0045.jpg_539665225.jpg\" alt=\"Imagen relacionada\" width=\"208\" height=\"156\" \/>\u00a0<img loading=\"lazy\" class=\"\" src=\"https:\/\/www.debate.com.mx\/__export\/1467945899656\/sites\/debate\/img\/2016\/07\/07\/angostura.jpg_539665225.jpg\" alt=\"Resultado de imagen para angostura sinaloa\" width=\"206\" height=\"155\" \/><\/div>\n<div style=\"text-align: justify;\">La cercan\u00eda con la comunidad de Alhuey, las dificultades para atravesar el cauce del r\u00edo \u00c9vora, en temporadas de lluvia por las personas que ven\u00edan a sembrar en los f\u00e9rtiles y planos terrenos a los cuales ellos llamaban la angostura, por su ubicaci\u00f3n entre (en medio) de dos cauces conductores del llanto celeste (la lluvia), a dichos cauces se les llamaban: r\u00edo \u00c9vora, cuyo nacimiento es en la serran\u00eda de Mocorito, el cual al estar ya dentro de la jurisdicci\u00f3n de los terrenos llamados \u00abPotrero de los soldados\u00bb, de dicho cauce sal\u00eda un afluente menor al cual con el paso del tiempo se le llam\u00f3 \u201cel arroyo\u201d, dichos cauces a cierta distancia uno del otro, sus corrientes eran paralelas aunque el r\u00edo \u00c9vora era de mayor longitud. Y como se dice al inicio de este escrito. La cercan\u00eda con la comunidad de Alhuey, el agua para beber que era la mejor de la regi\u00f3n y la facilidad para conseguir todo lo necesario para vivir, fueron sin duda los factores que influyeron en quienes ten\u00edan que ir y venir, y decidieron restablecerse en la franja angosta de terreno que estaba entre las dos corrientes de agua, dando con eso el origen a la fundaci\u00f3n de la comunidad de \u00abLa Angostura\u00bb, esto por los a\u00f1os de 1760-1780.<\/div>\n<p>&nbsp;<\/p>\n<div><strong>Tel\u00e9fono<\/strong>: (673) 103-26-29<\/div>\n<div>\n<hr \/>\n<\/div>\n<h3 style=\"text-align: center;\">Responsable del Museo<\/h3>\n<div style=\"text-align: center;\">Joaquin Inzunza Chavez<\/div>\n","protected":false},"excerpt":{"rendered":"<p>Direcci\u00f3n Angostura, Sinaloa Informaci\u00f3n de la direcci\u00f3n del museo \u00a0\u00a0 La cercan\u00eda con la comunidad de Alhuey, las dificultades para<\/p>\n","protected":false},"author":1,"featured_media":0,"parent":0,"menu_order":0,"comment_status":"closed","ping_status":"closed","template":"","meta":[],"_links":{"self":[{"href":"http:\/\/remunomex.uas.edu.mx\/index.php\/wp-json\/wp\/v2\/pages\/115"}],"collection":[{"href":"http:\/\/remunomex.uas.edu.mx\/index.php\/wp-json\/wp\/v2\/pages"}],"about":[{"href":"http:\/\/remunomex.uas.edu.mx\/index.php\/wp-json\/wp\/v2\/types\/page"}],"author":[{"embeddable":true,"href":"http:\/\/remunomex.uas.edu.mx\/index.php\/wp-json\/wp\/v2\/users\/1"}],"replies":[{"embeddable":true,"href":"http:\/\/remunomex.uas.edu.mx\/index.php\/wp-json\/wp\/v2\/comments?post=115"}],"version-history":[{"count":6,"href":"http:\/\/remunomex.uas.edu.mx\/index.php\/wp-json\/wp\/v2\/pages\/115\/revisions"}],"predecessor-version":[{"id":1307,"href":"http:\/\/remunomex.uas.edu.mx\/index.php\/wp-json\/wp\/v2\/pages\/115\/revisions\/1307"}],"wp:attachment":[{"href":"http:\/\/remunomex.uas.edu.mx\/index.php\/wp-json\/wp\/v2\/media?parent=115"}],"curies":[{"name":"wp","href":"https:\/\/api.w.org\/{rel}","templated":true}]}}