{"id":117,"date":"2017-06-25T04:15:17","date_gmt":"2017-06-25T04:15:17","guid":{"rendered":"http:\/\/remunomex.uas.edu.mx\/?page_id=117"},"modified":"2019-01-03T21:29:28","modified_gmt":"2019-01-03T21:29:28","slug":"museo-minero","status":"publish","type":"page","link":"http:\/\/remunomex.uas.edu.mx\/index.php\/museo-minero\/","title":{"rendered":"MUSEO MINERO"},"content":{"rendered":"\n\t\t<!-- MasterSlider -->\n\t\t<div id=\"P_MS69f763b989972\" class=\"master-slider-parent msl ms-parent-id-30\" style=\"max-width:945px;\">\n\n\t\t\t\n\t\t\t<!-- MasterSlider Main -->\n\t\t\t<div id=\"MS69f763b989972\" class=\"master-slider ms-skin-light-6 round-skin\" >\n\t\t\t\t \t\t\t\t \n\t\t\t\t<div  class=\"ms-slide\" data-delay=\"3\" data-fill-mode=\"fit\"  >\n\t\t\t\t\t<img src=\"http:\/\/remunomex.uas.edu.mx\/wp-content\/plugins\/master-slider\/public\/assets\/css\/blank.gif\" alt=\"\" title=\"\" data-src=\"http:\/\/remunomex.uas.edu.mx\/wp-content\/uploads\/2017\/08\/Museo-Minero-1.jpg\" \/>\n\n\n\t<div class=\"ms-thumb\" ><div class=\"ms-tab-context\"><div class=&quot;ms-tab-context&quot;><\/div><\/div>\n<\/div>\n\t\t\t\t<\/div>\n\n\t\t\t<\/div>\n\t\t\t<!-- END MasterSlider Main -->\n\n\t\t\t \n\t\t<\/div>\n\t\t<!-- END MasterSlider -->\n\n\t\t<script>\n\t\t(function ( $ ) {\n\t\t\t\"use strict\";\n\n\t\t\t$(function () {\n\t\t\t\tvar masterslider_9972 = new MasterSlider();\n\n\t\t\t\t\/\/ slider controls\n\t\t\t\tmasterslider_9972.control('arrows'     ,{ autohide:true, overVideo:true  });\t\t\t\tmasterslider_9972.control('bullets'    ,{ autohide:false, overVideo:true, dir:'h', align:'bottom' , margin:10  });\n\n\t\t\t\tmasterslider_9972.control('scrollbar'  ,{ autohide:true, overVideo:true, dir:'h', inset:true, align:'top', color:'#404040' , margin:10  , width:4 });\n\t\t\t\t\/\/ slider setup\n\t\t\t\tmasterslider_9972.setup(\"MS69f763b989972\", {\n\t\t\t\t\t\twidth           : 800,\n\t\t\t\t\t\theight          : 480,\n\t\t\t\t\t\tminHeight       : 0,\n\t\t\t\t\t\tspace           : 0,\n\t\t\t\t\t\tstart           : 1,\n\t\t\t\t\t\tgrabCursor      : true,\n\t\t\t\t\t\tswipe           : true,\n\t\t\t\t\t\tmouse           : true,\n\t\t\t\t\t\tlayout          : \"boxed\",\n\t\t\t\t\t\twheel           : false,\n\t\t\t\t\t\tautoplay        : false,\n\t\t\t\t\t\tinstantStartLayers:false,\n\t\t\t\t\t\tloop            : false,\n\t\t\t\t\t\tshuffle         : false,\n\t\t\t\t\t\tpreload         : 0,\n\t\t\t\t\t\theightLimit     : true,\n\t\t\t\t\t\tautoHeight      : false,\n\t\t\t\t\t\tsmoothHeight    : true,\n\t\t\t\t\t\tendPause        : false,\n\t\t\t\t\t\toverPause       : true,\n\t\t\t\t\t\tfillMode        : \"fill\",\n\t\t\t\t\t\tcenterControls  : false,\n\t\t\t\t\t\tstartOnAppear   : false,\n\t\t\t\t\t\tlayersMode      : \"center\",\n\t\t\t\t\t\thideLayers      : false,\n\t\t\t\t\t\tfullscreenMargin: 0,\n\t\t\t\t\t\tspeed           : 20,\n\t\t\t\t\t\tdir             : \"h\",\n\t\t\t\t\t\tparallaxMode    : 'swipe',\n\t\t\t\t\t\tview            : \"basic\"\n\t\t\t\t});\n\n\t\t\t\t\n\t\t\t\twindow.masterslider_instances = window.masterslider_instances || [];\n\t\t\t\twindow.masterslider_instances.push( masterslider_9972 );\n\t\t\t });\n\n\t\t})(jQuery);\n\t\t<\/script>\n\n\n<hr \/>\n<div><strong>Direcci\u00f3n<\/strong><br \/>\nDomicilio conocido S\/N<br \/>\nC.P. 82650<br \/>\nConcordia, Concordia, Sinaloa<\/div>\n<div><\/div>\n<div><strong>Informaci\u00f3n de la direcci\u00f3n del museo<\/strong><\/div>\n<div><img loading=\"lazy\" class=\"\" src=\"http:\/\/reaccioninformativa.com\/assets\/site\/img\/notas\/CONCORDIA,-SIN.jpg\" alt=\"Resultado de imagen para concordia sinaloa\" width=\"278\" height=\"156\" \/>\u00a0<img loading=\"lazy\" class=\"\" src=\"http:\/\/codesin.mx\/wp-content\/uploads\/2014\/09\/Concordia-CALLES-DE-CONCORDIA-1280x853.jpg\" alt=\"Imagen relacionada\" width=\"234\" height=\"156\" \/>\u00a0<img loading=\"lazy\" class=\"\" src=\"https:\/\/www.elsiglodedurango.com.mx\/m\/i\/2017\/06\/595466.jpeg\" alt=\"Imagen relacionada\" width=\"207\" height=\"155\" \/><\/div>\n<div style=\"text-align: justify;\">De acuerdo a numerosas obras publicadas, escritas por historiadores reconocidos internacionalmente,\u200b se sabe que el capit\u00e1n\u00a0Francisco de Ibarra (explorador espa\u00f1ol)\u00a0fue quien conquist\u00f3 la Nueva Vizcaya,siendo el fundador de la villa de San Sebasti\u00e1n,\u200b actual ciudad de Concordia\u00a0Sinaloa, el d\u00eda\u00a020 de enero\u00a0de\u00a01565\u200b y del descubrimiento del mineral de\u00a0P\u00e1nuco (Sinaloa). Durante la etapa de todo el periodo colonial y hasta los primeros a\u00f1os del M\u00e9xico independiente conserv\u00f3 el nombre de Villa de San Sebasti\u00e1n.\u200b Durante la existencia del\u00a0Estado de Occidente, San Sebasti\u00e1n era la cabecera del Departamento de este nombre, conformado por el sur de Sinaloa, incluyendo\u00a0San Ignacio\u00a0y\u00a0El Rosario. En la primera Constituci\u00f3n Pol\u00edtica del estado de\u00a0Sinaloa, del a\u00f1o\u00a01831, el Departamento y la Villa de San Sebasti\u00e1n cambiaron de nombre por el de\u00a0<i>Concordia<\/i>\u00a0en recuerdo de una Logia Mas\u00f3nica ubicada en la localidad; siendo uno de los siete partidos que conformaban este estado.<\/div>\n<p>&nbsp;<\/p>\n<div><strong>Tel\u00e9fono<\/strong>: (694) 968-00-02 y (669) 926-52-31<\/div>\n<p>&nbsp;<\/p>\n<div><strong>Horarios y costos<\/strong><br \/>\nMartes a Domingo de 10:30 a.m. a 3 p.m.<\/div>\n<p>&nbsp;<\/p>\n<div><strong>Datos generales<\/strong><br \/>\nEn el inmueble conocido como la Casa de Piedra, que data del siglo XVII y que sirviera, en distintas \u00e9pocas, tanto como bodega de oro y plata, como de c\u00e1rcel, se localiza este museo, cuyo acervo comprende una importante colecci\u00f3n de objetos pertenecientes a las minas La Colorada, La Trinidad, La Candelaria y Santa Ana. Adem\u00e1s de las piezas relacionados con la actividad minera, el museo exhibe piezas arqueol\u00f3gicas, objetos de uso cotidiano de la \u00e9poca colonial y armas de la Revoluci\u00f3n.<\/div>\n<p>&nbsp;<\/p>\n<div><strong>Fecha de fundaci\u00f3n<\/strong><br \/>\n15 de Mayo de 2000.<\/div>\n<div>\n<hr \/>\n<\/div>\n<h3 style=\"text-align: center;\">Responsables del Museo<\/h3>\n<div style=\"text-align: center;\">Cesar Ca\u00f1edo Navarro y Martha Eulalia Rueda Torres<\/div>\n","protected":false},"excerpt":{"rendered":"<p>Direcci\u00f3n Domicilio conocido S\/N C.P. 82650 Concordia, Concordia, Sinaloa Informaci\u00f3n de la direcci\u00f3n del museo \u00a0\u00a0 De acuerdo a numerosas<\/p>\n","protected":false},"author":1,"featured_media":0,"parent":0,"menu_order":0,"comment_status":"closed","ping_status":"closed","template":"","meta":[],"_links":{"self":[{"href":"http:\/\/remunomex.uas.edu.mx\/index.php\/wp-json\/wp\/v2\/pages\/117"}],"collection":[{"href":"http:\/\/remunomex.uas.edu.mx\/index.php\/wp-json\/wp\/v2\/pages"}],"about":[{"href":"http:\/\/remunomex.uas.edu.mx\/index.php\/wp-json\/wp\/v2\/types\/page"}],"author":[{"embeddable":true,"href":"http:\/\/remunomex.uas.edu.mx\/index.php\/wp-json\/wp\/v2\/users\/1"}],"replies":[{"embeddable":true,"href":"http:\/\/remunomex.uas.edu.mx\/index.php\/wp-json\/wp\/v2\/comments?post=117"}],"version-history":[{"count":6,"href":"http:\/\/remunomex.uas.edu.mx\/index.php\/wp-json\/wp\/v2\/pages\/117\/revisions"}],"predecessor-version":[{"id":1336,"href":"http:\/\/remunomex.uas.edu.mx\/index.php\/wp-json\/wp\/v2\/pages\/117\/revisions\/1336"}],"wp:attachment":[{"href":"http:\/\/remunomex.uas.edu.mx\/index.php\/wp-json\/wp\/v2\/media?parent=117"}],"curies":[{"name":"wp","href":"https:\/\/api.w.org\/{rel}","templated":true}]}}