{"id":128,"date":"2017-06-25T04:36:50","date_gmt":"2017-06-25T04:36:50","guid":{"rendered":"http:\/\/remunomex.uas.edu.mx\/?page_id=128"},"modified":"2019-01-03T20:19:17","modified_gmt":"2019-01-03T20:19:17","slug":"museo-el-papanton","status":"publish","type":"page","link":"http:\/\/remunomex.uas.edu.mx\/index.php\/museo-el-papanton\/","title":{"rendered":"MUSEO EL PAPANT\u00d3N"},"content":{"rendered":"\n\t\t<!-- MasterSlider -->\n\t\t<div id=\"P_MS69ff59f6de796\" class=\"master-slider-parent msl ms-parent-id-18\" style=\"max-width:945px;\">\n\n\t\t\t\n\t\t\t<!-- MasterSlider Main -->\n\t\t\t<div id=\"MS69ff59f6de796\" class=\"master-slider ms-skin-light-6 round-skin\" >\n\t\t\t\t \t\t\t\t \n\t\t\t\t<div  class=\"ms-slide\" data-delay=\"3\" data-fill-mode=\"fill\"  >\n\t\t\t\t\t<img src=\"http:\/\/remunomex.uas.edu.mx\/wp-content\/plugins\/master-slider\/public\/assets\/css\/blank.gif\" alt=\"\" title=\"\" data-src=\"http:\/\/remunomex.uas.edu.mx\/wp-content\/uploads\/2017\/08\/Museo-Papanton-1.jpg\" \/>\n\n\n\t<div class=\"ms-thumb\" ><div class=\"ms-tab-context\"><div class=&quot;ms-tab-context&quot;><\/div><\/div>\n<\/div>\n\t\t\t\t<\/div>\n\t\t\t\t<div  class=\"ms-slide\" data-delay=\"3\" data-fill-mode=\"fill\"  >\n\t\t\t\t\t<img src=\"http:\/\/remunomex.uas.edu.mx\/wp-content\/plugins\/master-slider\/public\/assets\/css\/blank.gif\" alt=\"\" title=\"\" data-src=\"http:\/\/remunomex.uas.edu.mx\/wp-content\/uploads\/2017\/08\/Museo-Papanton-5.jpg\" \/>\n\n\n\t<div class=\"ms-thumb\" ><div class=\"ms-tab-context\"><div class=&quot;ms-tab-context&quot;><\/div><\/div>\n<\/div>\n\t\t\t\t<\/div>\n\t\t\t\t<div  class=\"ms-slide\" data-delay=\"3\" data-fill-mode=\"fill\"  >\n\t\t\t\t\t<img src=\"http:\/\/remunomex.uas.edu.mx\/wp-content\/plugins\/master-slider\/public\/assets\/css\/blank.gif\" alt=\"\" title=\"\" data-src=\"http:\/\/remunomex.uas.edu.mx\/wp-content\/uploads\/2017\/08\/Museo-Papanton-3.jpg\" \/>\n\n\n\t<div class=\"ms-thumb\" ><div class=\"ms-tab-context\"><div class=&quot;ms-tab-context&quot;><\/div><\/div>\n<\/div>\n\t\t\t\t<\/div>\n\t\t\t\t<div  class=\"ms-slide\" data-delay=\"3\" data-fill-mode=\"fill\"  >\n\t\t\t\t\t<img src=\"http:\/\/remunomex.uas.edu.mx\/wp-content\/plugins\/master-slider\/public\/assets\/css\/blank.gif\" alt=\"\" title=\"\" data-src=\"http:\/\/remunomex.uas.edu.mx\/wp-content\/uploads\/2017\/08\/Museo-Papanton-2.jpg\" \/>\n\n\n\t<div class=\"ms-thumb\" ><div class=\"ms-tab-context\"><div class=&quot;ms-tab-context&quot;><\/div><\/div>\n<\/div>\n\t\t\t\t<\/div>\n\n\t\t\t<\/div>\n\t\t\t<!-- END MasterSlider Main -->\n\n\t\t\t \n\t\t<\/div>\n\t\t<!-- END MasterSlider -->\n\n\t\t<script>\n\t\t(function ( $ ) {\n\t\t\t\"use strict\";\n\n\t\t\t$(function () {\n\t\t\t\tvar masterslider_e796 = new MasterSlider();\n\n\t\t\t\t\/\/ slider controls\n\t\t\t\tmasterslider_e796.control('arrows'     ,{ autohide:true, overVideo:true  });\t\t\t\tmasterslider_e796.control('bullets'    ,{ autohide:false, overVideo:true, dir:'h', align:'bottom' , margin:10  });\n\n\t\t\t\tmasterslider_e796.control('scrollbar'  ,{ autohide:true, overVideo:true, dir:'h', inset:true, align:'top', color:'#404040' , margin:10  , width:4 });\n\t\t\t\t\/\/ slider setup\n\t\t\t\tmasterslider_e796.setup(\"MS69ff59f6de796\", {\n\t\t\t\t\t\twidth           : 800,\n\t\t\t\t\t\theight          : 480,\n\t\t\t\t\t\tminHeight       : 0,\n\t\t\t\t\t\tspace           : 0,\n\t\t\t\t\t\tstart           : 1,\n\t\t\t\t\t\tgrabCursor      : true,\n\t\t\t\t\t\tswipe           : true,\n\t\t\t\t\t\tmouse           : true,\n\t\t\t\t\t\tlayout          : \"boxed\",\n\t\t\t\t\t\twheel           : false,\n\t\t\t\t\t\tautoplay        : false,\n\t\t\t\t\t\tinstantStartLayers:false,\n\t\t\t\t\t\tloop            : false,\n\t\t\t\t\t\tshuffle         : false,\n\t\t\t\t\t\tpreload         : 0,\n\t\t\t\t\t\theightLimit     : true,\n\t\t\t\t\t\tautoHeight      : false,\n\t\t\t\t\t\tsmoothHeight    : true,\n\t\t\t\t\t\tendPause        : false,\n\t\t\t\t\t\toverPause       : true,\n\t\t\t\t\t\tfillMode        : \"fill\",\n\t\t\t\t\t\tcenterControls  : false,\n\t\t\t\t\t\tstartOnAppear   : false,\n\t\t\t\t\t\tlayersMode      : \"center\",\n\t\t\t\t\t\thideLayers      : false,\n\t\t\t\t\t\tfullscreenMargin: 0,\n\t\t\t\t\t\tspeed           : 20,\n\t\t\t\t\t\tdir             : \"h\",\n\t\t\t\t\t\tparallaxMode    : 'swipe',\n\t\t\t\t\t\tview            : \"basic\"\n\t\t\t\t});\n\n\t\t\t\t\n\t\t\t\twindow.masterslider_instances = window.masterslider_instances || [];\n\t\t\t\twindow.masterslider_instances.push( masterslider_e796 );\n\t\t\t });\n\n\t\t})(jQuery);\n\t\t<\/script>\n\n\n<hr \/>\n<div><strong>Direcci\u00f3n<\/strong><\/div>\n<div>Dr. Barraza e Hidalgo S\/N<\/div>\n<div>Antigua Estaci\u00f3n del Ferrocarril<br \/>\nSantiago Papasquiaro, Durango<\/div>\n<div><\/div>\n<div>\n<p><strong>Informaci\u00f3n de la direcci\u00f3n del museo<\/strong><\/p>\n<\/div>\n<div><img loading=\"lazy\" class=\"\" src=\"https:\/\/i.ytimg.com\/vi\/w0A303P-hhA\/maxresdefault.jpg\" alt=\"Imagen relacionada\" width=\"264\" height=\"149\" \/>\u00a0<img loading=\"lazy\" class=\"\" src=\"https:\/\/i.ytimg.com\/vi\/LNN9_Qyvh_I\/maxresdefault.jpg\" alt=\"Imagen relacionada\" width=\"263\" height=\"148\" \/>\u00a0<img loading=\"lazy\" class=\"\" src=\"https:\/\/www.elsiglodedurango.com.mx\/m\/i\/2014\/09\/390291.jpeg\" alt=\"Resultado de imagen para santiago papasquiaro durango\" width=\"198\" height=\"148\" \/><\/div>\n<div>\n<div style=\"text-align: justify;\">Santiago Papasquiaro\u00a0es un municipio de 43\u00a0579 habitantes situado en un valle en el centro oeste del estado de\u00a0Durango,\u00a0M\u00e9xico. El pueblo se ubica en las laderas orientales de la\u00a0Sierra Madre Occidental. Santiago Papasquiaro se encuentra a una altitud de\u00a01713\u00a0m\u00a0sobre el nivel del mar. La\u00a0agricultura, el comercio, la actividad forestal y sobre todo la ganader\u00eda son fundamentales en la econom\u00eda local. Cuenta con dos instituciones de nivel superior que son el Instituto Tecnol\u00f3gico Superior de Santiago Papasquiaro y la\u00a0Universidad Aut\u00f3noma de Durango\u00a0campus Santiago y un hospital general inaugurado por el ministro Alfredo Teran.<\/div>\n<div style=\"text-align: justify;\">Santiago Papasquiaro es muy famoso por su\u00a0pinole, por eso los santiagueros tienen el apodo de \u00abpinoleros\u00bb.<\/div>\n<p>&nbsp;<\/p>\n<\/div>\n<p>&nbsp;<\/p>\n<div><strong>Tel\u00e9fono<\/strong>: (674) 862-07-34 \u00a0y \u00a0(674) 105-68-20<\/div>\n<p>&nbsp;<\/p>\n<div><strong>Horario<\/strong><br \/>\nDe 10 a.m. a 3 p.m.<\/div>\n<p>&nbsp;<\/p>\n<div><strong>Datos generales<\/strong><\/div>\n<div>En fecha reciente, el acervo del Museo Comunitario La Casa Colorada fue reubicado en la antigua estaci\u00f3n de ferrocarril, lugar reacondicionado para albergar la colecci\u00f3n arqueol\u00f3gica. La nueva sede se rebautiz\u00f3 con el nombre de Museo Comunitario Papant\u00f3n.<br \/>\nEste museo tiene por objetivo rescatar, preservar y difundir el patrimonio arqueol\u00f3gico de la regi\u00f3n. Su acervo est\u00e1 integrado por alrededor de mil 500 piezas.<\/div>\n<p><strong>Fecha de fundaci\u00f3n<\/strong><br \/>\n1 de Abril de 1992.<\/p>\n<div><strong>Redes sociales<\/strong><br \/>\nCorreo electr\u00f3nico:\u00a0juanp75@hotmail.com<\/div>\n<hr \/>\n<h3 style=\"text-align: center;\">Responsable del Museo<\/h3>\n<div style=\"text-align: center;\"><img loading=\"lazy\" class=\"alignnone size-medium wp-image-819\" src=\"http:\/\/remunomex.uas.edu.mx\/wp-content\/uploads\/2017\/06\/Responsable-del-Museo-Papanton-JUAN-PEREZ-MANDUJANO-225x300.jpg\" alt=\"\" width=\"225\" height=\"300\" srcset=\"http:\/\/remunomex.uas.edu.mx\/wp-content\/uploads\/2017\/06\/Responsable-del-Museo-Papanton-JUAN-PEREZ-MANDUJANO-225x300.jpg 225w, http:\/\/remunomex.uas.edu.mx\/wp-content\/uploads\/2017\/06\/Responsable-del-Museo-Papanton-JUAN-PEREZ-MANDUJANO-768x1024.jpg 768w, http:\/\/remunomex.uas.edu.mx\/wp-content\/uploads\/2017\/06\/Responsable-del-Museo-Papanton-JUAN-PEREZ-MANDUJANO.jpg 960w\" sizes=\"(max-width: 225px) 100vw, 225px\" \/><\/div>\n<div style=\"text-align: center;\">Profr. Juan P\u00e9rez Mandujano<\/div>\n","protected":false},"excerpt":{"rendered":"<p>Direcci\u00f3n Dr. Barraza e Hidalgo S\/N Antigua Estaci\u00f3n del Ferrocarril Santiago Papasquiaro, Durango Informaci\u00f3n de la direcci\u00f3n del museo \u00a0\u00a0<\/p>\n","protected":false},"author":1,"featured_media":0,"parent":0,"menu_order":0,"comment_status":"closed","ping_status":"closed","template":"","meta":[],"_links":{"self":[{"href":"http:\/\/remunomex.uas.edu.mx\/index.php\/wp-json\/wp\/v2\/pages\/128"}],"collection":[{"href":"http:\/\/remunomex.uas.edu.mx\/index.php\/wp-json\/wp\/v2\/pages"}],"about":[{"href":"http:\/\/remunomex.uas.edu.mx\/index.php\/wp-json\/wp\/v2\/types\/page"}],"author":[{"embeddable":true,"href":"http:\/\/remunomex.uas.edu.mx\/index.php\/wp-json\/wp\/v2\/users\/1"}],"replies":[{"embeddable":true,"href":"http:\/\/remunomex.uas.edu.mx\/index.php\/wp-json\/wp\/v2\/comments?post=128"}],"version-history":[{"count":8,"href":"http:\/\/remunomex.uas.edu.mx\/index.php\/wp-json\/wp\/v2\/pages\/128\/revisions"}],"predecessor-version":[{"id":1314,"href":"http:\/\/remunomex.uas.edu.mx\/index.php\/wp-json\/wp\/v2\/pages\/128\/revisions\/1314"}],"wp:attachment":[{"href":"http:\/\/remunomex.uas.edu.mx\/index.php\/wp-json\/wp\/v2\/media?parent=128"}],"curies":[{"name":"wp","href":"https:\/\/api.w.org\/{rel}","templated":true}]}}