{"id":131,"date":"2017-06-25T04:37:53","date_gmt":"2017-06-25T04:37:53","guid":{"rendered":"http:\/\/remunomex.uas.edu.mx\/?page_id=131"},"modified":"2019-01-03T19:44:20","modified_gmt":"2019-01-03T19:44:20","slug":"museo-contalpa","status":"publish","type":"page","link":"http:\/\/remunomex.uas.edu.mx\/index.php\/museo-contalpa\/","title":{"rendered":"MUSEO CONTALPA"},"content":{"rendered":"\n\t\t<!-- MasterSlider -->\n\t\t<div id=\"P_MS69e17bed06f57\" class=\"master-slider-parent msl ms-parent-id-17\" style=\"max-width:945px;\">\n\n\t\t\t\n\t\t\t<!-- MasterSlider Main -->\n\t\t\t<div id=\"MS69e17bed06f57\" class=\"master-slider ms-skin-light-6 round-skin\" >\n\t\t\t\t \t\t\t\t \n\t\t\t\t<div  class=\"ms-slide\" data-delay=\"3\" data-fill-mode=\"fill\"  >\n\t\t\t\t\t<img src=\"http:\/\/remunomex.uas.edu.mx\/wp-content\/plugins\/master-slider\/public\/assets\/css\/blank.gif\" alt=\"\" title=\"\" data-src=\"http:\/\/remunomex.uas.edu.mx\/wp-content\/uploads\/2017\/08\/MUSEO-CONTALPA-10.jpg\" \/>\n\n\n\t<div class=\"ms-thumb\" ><div class=\"ms-tab-context\"><div class=&quot;ms-tab-context&quot;><\/div><\/div>\n<\/div>\n\t\t\t\t<\/div>\n\t\t\t\t<div  class=\"ms-slide\" data-delay=\"3\" data-fill-mode=\"fill\"  >\n\t\t\t\t\t<img src=\"http:\/\/remunomex.uas.edu.mx\/wp-content\/plugins\/master-slider\/public\/assets\/css\/blank.gif\" alt=\"\" title=\"\" data-src=\"http:\/\/remunomex.uas.edu.mx\/wp-content\/uploads\/2017\/08\/MUSEO-CONTALPA-6.jpg\" \/>\n\n\n\t<div class=\"ms-thumb\" ><div class=\"ms-tab-context\"><div class=&quot;ms-tab-context&quot;><\/div><\/div>\n<\/div>\n\t\t\t\t<\/div>\n\t\t\t\t<div  class=\"ms-slide\" data-delay=\"3\" data-fill-mode=\"fill\"  >\n\t\t\t\t\t<img src=\"http:\/\/remunomex.uas.edu.mx\/wp-content\/plugins\/master-slider\/public\/assets\/css\/blank.gif\" alt=\"\" title=\"\" data-src=\"http:\/\/remunomex.uas.edu.mx\/wp-content\/uploads\/2017\/08\/MUSEO-CONTALPA-9.jpg\" \/>\n\n\n\t<div class=\"ms-thumb\" ><div class=\"ms-tab-context\"><div class=&quot;ms-tab-context&quot;><\/div><\/div>\n<\/div>\n\t\t\t\t<\/div>\n\t\t\t\t<div  class=\"ms-slide\" data-delay=\"3\" data-fill-mode=\"fill\"  >\n\t\t\t\t\t<img src=\"http:\/\/remunomex.uas.edu.mx\/wp-content\/plugins\/master-slider\/public\/assets\/css\/blank.gif\" alt=\"\" title=\"\" data-src=\"http:\/\/remunomex.uas.edu.mx\/wp-content\/uploads\/2017\/08\/MUSEO-CONTALPA-7.jpg\" \/>\n\n\n\t<div class=\"ms-thumb\" ><div class=\"ms-tab-context\"><div class=&quot;ms-tab-context&quot;><\/div><\/div>\n<\/div>\n\t\t\t\t<\/div>\n\t\t\t\t<div  class=\"ms-slide\" data-delay=\"3\" data-fill-mode=\"fill\"  >\n\t\t\t\t\t<img src=\"http:\/\/remunomex.uas.edu.mx\/wp-content\/plugins\/master-slider\/public\/assets\/css\/blank.gif\" alt=\"\" title=\"\" data-src=\"http:\/\/remunomex.uas.edu.mx\/wp-content\/uploads\/2017\/08\/MUSEO-CONTALPA-8.jpg\" \/>\n\n\n\t<div class=\"ms-thumb\" ><div class=\"ms-tab-context\"><div class=&quot;ms-tab-context&quot;><\/div><\/div>\n<\/div>\n\t\t\t\t<\/div>\n\t\t\t\t<div  class=\"ms-slide\" data-delay=\"3\" data-fill-mode=\"fill\"  >\n\t\t\t\t\t<img src=\"http:\/\/remunomex.uas.edu.mx\/wp-content\/plugins\/master-slider\/public\/assets\/css\/blank.gif\" alt=\"\" title=\"\" data-src=\"http:\/\/remunomex.uas.edu.mx\/wp-content\/uploads\/2017\/08\/MUSEO-CONTALPA-11.jpg\" \/>\n\n\n\t<div class=\"ms-thumb\" ><div class=\"ms-tab-context\"><div class=&quot;ms-tab-context&quot;><\/div><\/div>\n<\/div>\n\t\t\t\t<\/div>\n\t\t\t\t<div  class=\"ms-slide\" data-delay=\"3\" data-fill-mode=\"fill\"  >\n\t\t\t\t\t<img src=\"http:\/\/remunomex.uas.edu.mx\/wp-content\/plugins\/master-slider\/public\/assets\/css\/blank.gif\" alt=\"\" title=\"\" data-src=\"http:\/\/remunomex.uas.edu.mx\/wp-content\/uploads\/2017\/08\/MUSEO-CONTALPA-12.jpg\" \/>\n\n\n\t<div class=\"ms-thumb\" ><div class=\"ms-tab-context\"><div class=&quot;ms-tab-context&quot;><\/div><\/div>\n<\/div>\n\t\t\t\t<\/div>\n\t\t\t\t<div  class=\"ms-slide\" data-delay=\"3\" data-fill-mode=\"fill\"  >\n\t\t\t\t\t<img src=\"http:\/\/remunomex.uas.edu.mx\/wp-content\/plugins\/master-slider\/public\/assets\/css\/blank.gif\" alt=\"\" title=\"\" data-src=\"http:\/\/remunomex.uas.edu.mx\/wp-content\/uploads\/2017\/08\/MUSEO-CONTALPA-13.jpg\" \/>\n\n\n\t<div class=\"ms-thumb\" ><div class=\"ms-tab-context\"><div class=&quot;ms-tab-context&quot;><\/div><\/div>\n<\/div>\n\t\t\t\t<\/div>\n\t\t\t\t<div  class=\"ms-slide\" data-delay=\"3\" data-fill-mode=\"fill\"  >\n\t\t\t\t\t<img src=\"http:\/\/remunomex.uas.edu.mx\/wp-content\/plugins\/master-slider\/public\/assets\/css\/blank.gif\" alt=\"\" title=\"\" data-src=\"http:\/\/remunomex.uas.edu.mx\/wp-content\/uploads\/2017\/08\/MUSEO-CONTALPA-14.jpg\" \/>\n\n\n\t<div class=\"ms-thumb\" ><div class=\"ms-tab-context\"><div class=&quot;ms-tab-context&quot;><\/div><\/div>\n<\/div>\n\t\t\t\t<\/div>\n\t\t\t\t<div  class=\"ms-slide\" data-delay=\"3\" data-fill-mode=\"fill\"  >\n\t\t\t\t\t<img src=\"http:\/\/remunomex.uas.edu.mx\/wp-content\/plugins\/master-slider\/public\/assets\/css\/blank.gif\" alt=\"\" title=\"\" data-src=\"http:\/\/remunomex.uas.edu.mx\/wp-content\/uploads\/2017\/08\/MUSEO-CONTALPA-15.jpg\" \/>\n\n\n\t<div class=\"ms-thumb\" ><div class=\"ms-tab-context\"><div class=&quot;ms-tab-context&quot;><\/div><\/div>\n<\/div>\n\t\t\t\t<\/div>\n\t\t\t\t<div  class=\"ms-slide\" data-delay=\"3\" data-fill-mode=\"fill\"  >\n\t\t\t\t\t<img src=\"http:\/\/remunomex.uas.edu.mx\/wp-content\/plugins\/master-slider\/public\/assets\/css\/blank.gif\" alt=\"\" title=\"\" data-src=\"http:\/\/remunomex.uas.edu.mx\/wp-content\/uploads\/2017\/08\/MUSEO-CONTALPA-16.jpg\" \/>\n\n\n\t<div class=\"ms-thumb\" ><div class=\"ms-tab-context\"><div class=&quot;ms-tab-context&quot;><\/div><\/div>\n<\/div>\n\t\t\t\t<\/div>\n\n\t\t\t<\/div>\n\t\t\t<!-- END MasterSlider Main -->\n\n\t\t\t \n\t\t<\/div>\n\t\t<!-- END MasterSlider -->\n\n\t\t<script>\n\t\t(function ( $ ) {\n\t\t\t\"use strict\";\n\n\t\t\t$(function () {\n\t\t\t\tvar masterslider_6f57 = new MasterSlider();\n\n\t\t\t\t\/\/ slider controls\n\t\t\t\tmasterslider_6f57.control('arrows'     ,{ autohide:true, overVideo:true  });\t\t\t\tmasterslider_6f57.control('bullets'    ,{ autohide:false, overVideo:true, dir:'h', align:'bottom' , margin:10  });\n\n\t\t\t\tmasterslider_6f57.control('scrollbar'  ,{ autohide:true, overVideo:true, dir:'h', inset:true, align:'top', color:'#404040' , margin:10  , width:4 });\n\t\t\t\t\/\/ slider setup\n\t\t\t\tmasterslider_6f57.setup(\"MS69e17bed06f57\", {\n\t\t\t\t\t\twidth           : 800,\n\t\t\t\t\t\theight          : 480,\n\t\t\t\t\t\tminHeight       : 0,\n\t\t\t\t\t\tspace           : 0,\n\t\t\t\t\t\tstart           : 1,\n\t\t\t\t\t\tgrabCursor      : true,\n\t\t\t\t\t\tswipe           : true,\n\t\t\t\t\t\tmouse           : true,\n\t\t\t\t\t\tlayout          : \"boxed\",\n\t\t\t\t\t\twheel           : false,\n\t\t\t\t\t\tautoplay        : false,\n\t\t\t\t\t\tinstantStartLayers:false,\n\t\t\t\t\t\tloop            : false,\n\t\t\t\t\t\tshuffle         : false,\n\t\t\t\t\t\tpreload         : 0,\n\t\t\t\t\t\theightLimit     : true,\n\t\t\t\t\t\tautoHeight      : false,\n\t\t\t\t\t\tsmoothHeight    : true,\n\t\t\t\t\t\tendPause        : false,\n\t\t\t\t\t\toverPause       : true,\n\t\t\t\t\t\tfillMode        : \"fill\",\n\t\t\t\t\t\tcenterControls  : false,\n\t\t\t\t\t\tstartOnAppear   : false,\n\t\t\t\t\t\tlayersMode      : \"center\",\n\t\t\t\t\t\thideLayers      : false,\n\t\t\t\t\t\tfullscreenMargin: 0,\n\t\t\t\t\t\tspeed           : 20,\n\t\t\t\t\t\tdir             : \"h\",\n\t\t\t\t\t\tparallaxMode    : 'swipe',\n\t\t\t\t\t\tview            : \"basic\"\n\t\t\t\t});\n\n\t\t\t\t\n\t\t\t\twindow.masterslider_instances = window.masterslider_instances || [];\n\t\t\t\twindow.masterslider_instances.push( masterslider_6f57 );\n\t\t\t });\n\n\t\t})(jQuery);\n\t\t<\/script>\n\n\n<hr \/>\n<div><strong>Direcci\u00f3n<\/strong><br \/>\nFrancisco Zarco 303<br \/>\nZona Centro,C.P. 34840<br \/>\nNombre De Dios, Nombre de Dios, Durango<\/div>\n<p>&nbsp;<\/p>\n<p><iframe loading=\"lazy\" style=\"border: 0;\" src=\"https:\/\/www.google.com\/maps\/embed?pb=!1m18!1m12!1m3!1d912.3221171100263!2d-104.24179817074148!3d23.843888225675812!2m3!1f0!2f0!3f0!3m2!1i1024!2i768!4f13.1!3m3!1m2!1s0x0%3A0x0!2zMjPCsDUwJzM4LjAiTiAxMDTCsDE0JzI4LjUiVw!5e0!3m2!1ses!2sus!4v1502257356239\" width=\"350\" height=\"300\" frameborder=\"0\" allowfullscreen=\"allowfullscreen\"><\/iframe><\/p>\n<p><strong>Informaci\u00f3n de la direcci\u00f3n del museo<\/strong><\/p>\n<p><img loading=\"lazy\" class=\"\" src=\"https:\/\/www.mexicodesconocido.com.mx\/sites\/default\/files\/nodes\/inline\/exhacienda_juana_gerra_municipio_nombre_de_dios_durango_pj_ok.jpg\" alt=\"Resultado de imagen para nombre de dios durango\" width=\"239\" height=\"149\" \/>\u00a0<img loading=\"lazy\" class=\"\" src=\"https:\/\/www.mexicoenfotos.com\/MX14770272839268.jpg\" alt=\"Imagen relacionada\" width=\"224\" height=\"148\" \/>\u00a0<img loading=\"lazy\" class=\"\" src=\"https:\/\/www.mexicodesconocido.com.mx\/wp-content\/uploads\/2018\/07\/Nombre-d-Dios-2.jpg\" alt=\"Resultado de imagen para nombre de dios durango\" width=\"239\" height=\"149\" \/><\/p>\n<div style=\"text-align: justify;\">Nombre de Dios es un municipio que se ha ganado para la historia la primicia de la labor misional en el norte de M\u00e9xico, a pesar del estado de guerra entre chichimecas y espa\u00f1oles, apoyados relativamente por los tepehuanos de Guadiana, despu\u00e9s de la derrota que les infiera Francisco de Ibarra en 1554. Despu\u00e9s de esta fecha llegan a Nombre de Dios distinguidos misioneros, encabezados por Jer\u00f3nimo de Mendoza, sobrino del primer virrey de am\u00e9rica. A su llamado acudieron Pedro de Espinareda, primer inquisidor de la Nueva Espa\u00f1a y Jacinto de San Francisco, pionero de las expediciones a tierra firme, despu\u00e9s de la conquista de Cuba y soldado de Cort\u00e9s.<\/div>\n<p>&nbsp;<\/p>\n<div><strong>Tel\u00e9fono<\/strong>: (675) 878-02-18 y (675) 102-70-51<\/div>\n<p>&nbsp;<\/p>\n<div><strong>Horario<\/strong><br \/>\nDe Martes a S\u00e1bado de 9 a.m. a 3 p.m.<\/div>\n<p>&nbsp;<\/p>\n<div><strong>Datos generales<\/strong><\/div>\n<div>Cuenta con 6 salas:<\/div>\n<div>Sala uno:<\/div>\n<div style=\"padding-left: 30px;\">Tres temas:<\/div>\n<div style=\"padding-left: 60px;\">a) Recepci\u00f3n y biblioteca<\/div>\n<div style=\"padding-left: 60px;\">b) Exposiciones temporales<\/div>\n<div style=\"padding-left: 60px;\">c) Cocina r\u00fastica<\/div>\n<div>Sala dos:<\/div>\n<div style=\"padding-left: 30px;\">Dos temas:<\/div>\n<div style=\"padding-left: 60px;\">a) Paleontolog\u00eda<\/div>\n<div style=\"padding-left: 60px;\">b) Tecnolog\u00eda<\/div>\n<div>Sala tres:<\/div>\n<div style=\"padding-left: 30px;\">Dos temas:<\/div>\n<div style=\"padding-left: 60px;\">a) Arqueolog\u00eda<\/div>\n<div style=\"padding-left: 60px;\">b) Conquista espiritual<\/div>\n<div>Sala cuatro:<\/div>\n<div style=\"padding-left: 30px;\">Un tema:<\/div>\n<div style=\"padding-left: 60px;\">a) Colonia<\/div>\n<div>Sala cinco:<\/div>\n<div>\n<div style=\"padding-left: 30px;\">Un tema:<\/div>\n<\/div>\n<div style=\"padding-left: 60px;\">a) Monedas, pesas y medidas<\/div>\n<div>Sala seis:<\/div>\n<div style=\"padding-left: 30px;\">Un tema:<\/div>\n<div style=\"padding-left: 60px;\">\n<div>\u00a0a) Fotograf\u00edas de Nombre de Dios y galer\u00eda de reinas.<\/div>\n<\/div>\n<p>&nbsp;<\/p>\n<div><strong>Fecha de fundaci\u00f3n<\/strong><\/div>\n<div>30 de Mayo de 1987.<\/div>\n<p>&nbsp;<\/p>\n<div><strong>Redes sociales<\/strong><\/div>\n<div>Correo electr\u00f3nico:\u00a0rudiaz1@hotmail.com &#8211;\u00a0lic.jesusroldan@gmail<\/div>\n<div><\/div>\n<hr \/>\n<h3 style=\"text-align: center;\">Responsable del Museo<\/h3>\n<div style=\"text-align: center;\">Jose Rub\u00e9n Saucedo Diaz<\/div>\n","protected":false},"excerpt":{"rendered":"<p>Direcci\u00f3n Francisco Zarco 303 Zona Centro,C.P. 34840 Nombre De Dios, Nombre de Dios, Durango &nbsp; Informaci\u00f3n de la direcci\u00f3n del<\/p>\n","protected":false},"author":1,"featured_media":0,"parent":0,"menu_order":0,"comment_status":"closed","ping_status":"closed","template":"","meta":[],"_links":{"self":[{"href":"http:\/\/remunomex.uas.edu.mx\/index.php\/wp-json\/wp\/v2\/pages\/131"}],"collection":[{"href":"http:\/\/remunomex.uas.edu.mx\/index.php\/wp-json\/wp\/v2\/pages"}],"about":[{"href":"http:\/\/remunomex.uas.edu.mx\/index.php\/wp-json\/wp\/v2\/types\/page"}],"author":[{"embeddable":true,"href":"http:\/\/remunomex.uas.edu.mx\/index.php\/wp-json\/wp\/v2\/users\/1"}],"replies":[{"embeddable":true,"href":"http:\/\/remunomex.uas.edu.mx\/index.php\/wp-json\/wp\/v2\/comments?post=131"}],"version-history":[{"count":8,"href":"http:\/\/remunomex.uas.edu.mx\/index.php\/wp-json\/wp\/v2\/pages\/131\/revisions"}],"predecessor-version":[{"id":1306,"href":"http:\/\/remunomex.uas.edu.mx\/index.php\/wp-json\/wp\/v2\/pages\/131\/revisions\/1306"}],"wp:attachment":[{"href":"http:\/\/remunomex.uas.edu.mx\/index.php\/wp-json\/wp\/v2\/media?parent=131"}],"curies":[{"name":"wp","href":"https:\/\/api.w.org\/{rel}","templated":true}]}}