{"id":133,"date":"2017-06-25T04:40:07","date_gmt":"2017-06-25T04:40:07","guid":{"rendered":"http:\/\/remunomex.uas.edu.mx\/?page_id=133"},"modified":"2019-01-02T23:07:59","modified_gmt":"2019-01-02T23:07:59","slug":"museo-aviles","status":"publish","type":"page","link":"http:\/\/remunomex.uas.edu.mx\/index.php\/museo-aviles\/","title":{"rendered":"MUSEO AVILES"},"content":{"rendered":"\n\t\t<!-- MasterSlider -->\n\t\t<div id=\"P_MS69f87c9dbb200\" class=\"master-slider-parent msl ms-parent-id-16\" style=\"max-width:945px;\">\n\n\t\t\t\n\t\t\t<!-- MasterSlider Main -->\n\t\t\t<div id=\"MS69f87c9dbb200\" class=\"master-slider ms-skin-light-6 round-skin\" >\n\t\t\t\t \t\t\t\t \n\t\t\t\t<div  class=\"ms-slide\" data-delay=\"3\" data-fill-mode=\"fill\"  >\n\t\t\t\t\t<img src=\"http:\/\/remunomex.uas.edu.mx\/wp-content\/plugins\/master-slider\/public\/assets\/css\/blank.gif\" alt=\"\" title=\"\" data-src=\"http:\/\/remunomex.uas.edu.mx\/wp-content\/uploads\/2017\/08\/MUSEO-AVIL\u00c9S-1.png\" \/>\n\n\n\t<div class=\"ms-thumb\" ><div class=\"ms-tab-context\"><div class=&quot;ms-tab-context&quot;><\/div><\/div>\n<\/div>\n\t\t\t\t<\/div>\n\t\t\t\t<div  class=\"ms-slide\" data-delay=\"3\" data-fill-mode=\"fill\"  >\n\t\t\t\t\t<img src=\"http:\/\/remunomex.uas.edu.mx\/wp-content\/plugins\/master-slider\/public\/assets\/css\/blank.gif\" alt=\"\" title=\"\" data-src=\"http:\/\/remunomex.uas.edu.mx\/wp-content\/uploads\/2017\/08\/MUSEO-AVIL\u00c9S-2.png\" \/>\n\n\n\t<div class=\"ms-thumb\" ><div class=\"ms-tab-context\"><div class=&quot;ms-tab-context&quot;><\/div><\/div>\n<\/div>\n\t\t\t\t<\/div>\n\t\t\t\t<div  class=\"ms-slide\" data-delay=\"3\" data-fill-mode=\"fit\"  >\n\t\t\t\t\t<img src=\"http:\/\/remunomex.uas.edu.mx\/wp-content\/plugins\/master-slider\/public\/assets\/css\/blank.gif\" alt=\"\" title=\"\" data-src=\"http:\/\/remunomex.uas.edu.mx\/wp-content\/uploads\/2017\/08\/MUSEO-AVIL\u00c9S-3.png\" \/>\n\n\n\t<div class=\"ms-thumb\" ><div class=\"ms-tab-context\"><div class=&quot;ms-tab-context&quot;><\/div><\/div>\n<\/div>\n\t\t\t\t<\/div>\n\t\t\t\t<div  class=\"ms-slide\" data-delay=\"3\" data-fill-mode=\"fill\"  >\n\t\t\t\t\t<img src=\"http:\/\/remunomex.uas.edu.mx\/wp-content\/plugins\/master-slider\/public\/assets\/css\/blank.gif\" alt=\"\" title=\"\" data-src=\"http:\/\/remunomex.uas.edu.mx\/wp-content\/uploads\/2017\/08\/MUSEO-AVIL\u00c9S-4.png\" \/>\n\n\n\t<div class=\"ms-thumb\" ><div class=\"ms-tab-context\"><div class=&quot;ms-tab-context&quot;><\/div><\/div>\n<\/div>\n\t\t\t\t<\/div>\n\n\t\t\t<\/div>\n\t\t\t<!-- END MasterSlider Main -->\n\n\t\t\t \n\t\t<\/div>\n\t\t<!-- END MasterSlider -->\n\n\t\t<script>\n\t\t(function ( $ ) {\n\t\t\t\"use strict\";\n\n\t\t\t$(function () {\n\t\t\t\tvar masterslider_b200 = new MasterSlider();\n\n\t\t\t\t\/\/ slider controls\n\t\t\t\tmasterslider_b200.control('arrows'     ,{ autohide:true, overVideo:true  });\t\t\t\tmasterslider_b200.control('bullets'    ,{ autohide:false, overVideo:true, dir:'h', align:'bottom' , margin:10  });\n\n\t\t\t\tmasterslider_b200.control('scrollbar'  ,{ autohide:true, overVideo:true, dir:'h', inset:true, align:'top', color:'#404040' , margin:10  , width:4 });\n\t\t\t\t\/\/ slider setup\n\t\t\t\tmasterslider_b200.setup(\"MS69f87c9dbb200\", {\n\t\t\t\t\t\twidth           : 800,\n\t\t\t\t\t\theight          : 480,\n\t\t\t\t\t\tminHeight       : 0,\n\t\t\t\t\t\tspace           : 0,\n\t\t\t\t\t\tstart           : 1,\n\t\t\t\t\t\tgrabCursor      : true,\n\t\t\t\t\t\tswipe           : true,\n\t\t\t\t\t\tmouse           : true,\n\t\t\t\t\t\tlayout          : \"boxed\",\n\t\t\t\t\t\twheel           : false,\n\t\t\t\t\t\tautoplay        : false,\n\t\t\t\t\t\tinstantStartLayers:false,\n\t\t\t\t\t\tloop            : false,\n\t\t\t\t\t\tshuffle         : false,\n\t\t\t\t\t\tpreload         : 0,\n\t\t\t\t\t\theightLimit     : true,\n\t\t\t\t\t\tautoHeight      : false,\n\t\t\t\t\t\tsmoothHeight    : true,\n\t\t\t\t\t\tendPause        : false,\n\t\t\t\t\t\toverPause       : true,\n\t\t\t\t\t\tfillMode        : \"fill\",\n\t\t\t\t\t\tcenterControls  : false,\n\t\t\t\t\t\tstartOnAppear   : false,\n\t\t\t\t\t\tlayersMode      : \"center\",\n\t\t\t\t\t\thideLayers      : false,\n\t\t\t\t\t\tfullscreenMargin: 0,\n\t\t\t\t\t\tspeed           : 20,\n\t\t\t\t\t\tdir             : \"h\",\n\t\t\t\t\t\tparallaxMode    : 'swipe',\n\t\t\t\t\t\tview            : \"basic\"\n\t\t\t\t});\n\n\t\t\t\t\n\t\t\t\twindow.masterslider_instances = window.masterslider_instances || [];\n\t\t\t\twindow.masterslider_instances.push( masterslider_b200 );\n\t\t\t });\n\n\t\t})(jQuery);\n\t\t<\/script>\n\n\n<hr \/>\n<div><strong>Direcci\u00f3n<\/strong><br \/>\nAvenida Ju\u00e1rez 110 Ote.<\/div>\n<div>Zona Centro, C.P. 35180<br \/>\nCiudad Lerdo, Durango<\/div>\n<p><iframe loading=\"lazy\" style=\"border: 0;\" src=\"https:\/\/www.google.com\/maps\/embed?pb=!1m18!1m12!1m3!1d3601.248567231212!2d-103.59493408490076!3d25.496755383757723!2m3!1f0!2f0!3f0!3m2!1i1024!2i768!4f13.1!3m3!1m2!1s0x8690212adf33b9b3%3A0x1d1337807ade20fa!2sMuseo+Comunitario+Avil%C3%A9s!5e0!3m2!1ses!2sus!4v1502255345380\" width=\"350\" height=\"300\" frameborder=\"0\" allowfullscreen=\"allowfullscreen\"><\/iframe><\/p>\n<p><strong>Informaci\u00f3n de la direcci\u00f3n del museo<br \/>\n<\/strong><\/p>\n<p><img loading=\"lazy\" class=\"\" src=\"https:\/\/c1.staticflickr.com\/3\/2793\/4437601954_ee43c49a13.jpg\" alt=\"Imagen relacionada\" width=\"251\" height=\"169\" \/>\u00a0<img loading=\"lazy\" class=\"\" src=\"https:\/\/formato7.com\/wp-content\/uploads\/2017\/02\/197100105087001000000_09563620120925.jpg?w=640\" alt=\"Imagen relacionada\" width=\"226\" height=\"169\" \/>\u00a0<img loading=\"lazy\" class=\"\" src=\"https:\/\/www.mexicoenfotos.com\/MX12182349959131.jpg\" alt=\"Imagen relacionada\" width=\"226\" height=\"170\" \/><\/p>\n<div style=\"text-align: justify;\">Ciudad Lerdo tiene sus or\u00edgenes ligados estrechamente a\u00a0Espa\u00f1a, cuando en mayo de 1598 la misi\u00f3n de evangelizaci\u00f3n llamada Misi\u00f3n de San Juan de Casta por el misionero jesuita Juan Agust\u00edn de Espinoza, asistido por el capit\u00e1n Antonio Mar\u00edn Zapata, originario de\u00a0Madrid, arribaron a las riberas del\u00a0Rio Nazas\u00a0y dio lugar al primer asentamiento\u00a0espa\u00f1ol\u00a0en\u00a0La Laguna. Tiempo despu\u00e9s del primer asentamiento espa\u00f1ol, el 30 de mayo de 1799\u00a0Joaqu\u00edn Navarro\u00a0funda el nuevo asentamiento, llamado rancho San Fernando.<\/div>\n<p>&nbsp;<\/p>\n<div><strong>Horario<\/strong><br \/>\nDe Mi\u00e9rcoles a Domingo de 10 a.m. a 2 p.m.<\/div>\n<p>&nbsp;<\/p>\n<div><strong>Datos generales<\/strong><\/div>\n<div>Actualmente est\u00e1 instalado en la sala comedor del cronista de la ciudad. Los temas que tiene son:<\/div>\n<div>a) Paleontolog\u00eda.<\/div>\n<div>b) Primeros pobladores (arqueolog\u00eda)<\/div>\n<div>c) La hacienda de San Juan de Avil\u00e9s<\/div>\n<div>d) La Revoluci\u00f3n<\/div>\n<div>e) El Reparto Agrario<\/div>\n<div>f) Artesan\u00edas<\/div>\n<p>&nbsp;<\/p>\n<div><strong>Fecha de fundaci\u00f3n<\/strong><\/div>\n<div>17 de Noviembre de 1997.<\/div>\n<hr \/>\n<h3 style=\"text-align: center;\">Responsable del Museo<\/h3>\n<div style=\"text-align: center;\">Esperanza Alvarado De Santiago<\/div>\n","protected":false},"excerpt":{"rendered":"<p>Direcci\u00f3n Avenida Ju\u00e1rez 110 Ote. Zona Centro, C.P. 35180 Ciudad Lerdo, Durango Informaci\u00f3n de la direcci\u00f3n del museo \u00a0\u00a0 Ciudad<\/p>\n","protected":false},"author":1,"featured_media":0,"parent":0,"menu_order":0,"comment_status":"closed","ping_status":"closed","template":"","meta":[],"_links":{"self":[{"href":"http:\/\/remunomex.uas.edu.mx\/index.php\/wp-json\/wp\/v2\/pages\/133"}],"collection":[{"href":"http:\/\/remunomex.uas.edu.mx\/index.php\/wp-json\/wp\/v2\/pages"}],"about":[{"href":"http:\/\/remunomex.uas.edu.mx\/index.php\/wp-json\/wp\/v2\/types\/page"}],"author":[{"embeddable":true,"href":"http:\/\/remunomex.uas.edu.mx\/index.php\/wp-json\/wp\/v2\/users\/1"}],"replies":[{"embeddable":true,"href":"http:\/\/remunomex.uas.edu.mx\/index.php\/wp-json\/wp\/v2\/comments?post=133"}],"version-history":[{"count":7,"href":"http:\/\/remunomex.uas.edu.mx\/index.php\/wp-json\/wp\/v2\/pages\/133\/revisions"}],"predecessor-version":[{"id":1292,"href":"http:\/\/remunomex.uas.edu.mx\/index.php\/wp-json\/wp\/v2\/pages\/133\/revisions\/1292"}],"wp:attachment":[{"href":"http:\/\/remunomex.uas.edu.mx\/index.php\/wp-json\/wp\/v2\/media?parent=133"}],"curies":[{"name":"wp","href":"https:\/\/api.w.org\/{rel}","templated":true}]}}