{"id":139,"date":"2017-06-25T04:41:35","date_gmt":"2017-06-25T04:41:35","guid":{"rendered":"http:\/\/remunomex.uas.edu.mx\/?page_id=139"},"modified":"2019-01-03T20:26:18","modified_gmt":"2019-01-03T20:26:18","slug":"museo-estacion-orizonte","status":"publish","type":"page","link":"http:\/\/remunomex.uas.edu.mx\/index.php\/museo-estacion-orizonte\/","title":{"rendered":"MUSEO ESTACI\u00d3N HORIZONTE"},"content":{"rendered":"<hr \/>\n<div><strong>Direcci\u00f3n<\/strong><br \/>\nDomicilio conocido<br \/>\nZonaCentro, C.P. 34298<br \/>\nSan Francisco De Horizonte (Horizonte), Tlahualilo, Durango<\/div>\n<p><iframe loading=\"lazy\" style=\"border: 0;\" src=\"https:\/\/www.google.com\/maps\/embed?pb=!1m18!1m12!1m3!1d896.9954680439314!2d-103.41881317078501!3d25.9358199989724!2m3!1f0!2f0!3f0!3m2!1i1024!2i768!4f13.1!3m3!1m2!1s0x0%3A0x0!2zMjXCsDU2JzA5LjAiTiAxMDPCsDI1JzA1LjgiVw!5e0!3m2!1ses!2sus!4v1502261131419\" width=\"350\" height=\"300\" frameborder=\"0\" allowfullscreen=\"allowfullscreen\"><\/iframe><\/p>\n<p><strong>Informaci\u00f3n de la direcci\u00f3n del museo<\/strong><\/p>\n<p><img loading=\"lazy\" class=\"\" src=\"https:\/\/upload.wikimedia.org\/wikipedia\/commons\/b\/b9\/Tlahuas.jpg\" alt=\"Imagen relacionada\" width=\"278\" height=\"156\" \/>\u00a0<img loading=\"lazy\" class=\"\" src=\"http:\/\/durangopress.com\/wp-content\/uploads\/2016\/09\/Tlahualilo.jpeg\" alt=\"Imagen relacionada\" width=\"234\" height=\"155\" \/>\u00a0<img loading=\"lazy\" class=\"\" src=\"https:\/\/i.ytimg.com\/vi\/ONndQ0aAt0o\/maxresdefault.jpg\" alt=\"Imagen relacionada\" width=\"277\" height=\"155\" \/><\/p>\n<div style=\"text-align: justify;\">Los habitantes abor\u00edgenes de estas tierras fueron las tribus de los laguneros, salineros, tobosos, cocoyomes, tarahumaras y tepehuanes, estas tribus habitaban alrededor de la Laguna conocida como \u00abLaguna del Caim\u00e1n\u00bb y \u00abLaguna de Tlahualilo\u00bb. Tlahualilo empez\u00f3 a surgir en el a\u00f1o de 1863, sus tierras fueron adquiridas por el terrateniente Juan Nepomuceno Flores Alcaine. El territorio pertenec\u00eda al Partido de Mapim\u00ed, pues no ten\u00eda la categor\u00eda de municipio. A este lugar tambi\u00e9n lo llaman Ci\u00e9naga de Tlahualilo y centro de la Comarca Lagunera; el Bar\u00f3n de Humboldt historiador y cient\u00edfico alem\u00e1n, describe a la Laguna de Tlahualilo como una isla en su obra sobre \u00abLa Nueva Espa\u00f1a\u00bb.<\/div>\n<p>&nbsp;<\/p>\n<div><strong>Tel\u00e9fono<\/strong>:\u00a0(618) 127-74-13<\/div>\n<div><\/div>\n<p>&nbsp;<\/p>\n<div><strong>Datos generales<\/strong><br \/>\nExhibici\u00f3n:<\/p>\n<ul>\n<li>Puntas de fechas.<\/li>\n<li>Aperos de labranza.<\/li>\n<li>Objetos antiguos de trabajo.<\/li>\n<li>Objetos antiguos dom\u00e9sticos.<\/li>\n<li>Fotograf\u00edas.<\/li>\n<\/ul>\n<\/div>\n<p>&nbsp;<\/p>\n<div><strong>Fecha de fundaci\u00f3n<\/strong><br \/>\n20 de Noviembre de 2005.<\/p>\n<div><strong>Redes Sociales<\/strong><\/div>\n<div>Correo electr\u00f3nico:\u00a0javaldez@live.com.mx<\/div>\n<hr \/>\n<h3 style=\"text-align: center;\">Responsables del Museo<\/h3>\n<div style=\"text-align: center;\">Rosa Isela Alvarado y Juan Alvarado Valdez<\/div>\n<\/div>\n","protected":false},"excerpt":{"rendered":"<p>Direcci\u00f3n Domicilio conocido ZonaCentro, C.P. 34298 San Francisco De Horizonte (Horizonte), Tlahualilo, Durango Informaci\u00f3n de la direcci\u00f3n del museo \u00a0\u00a0<\/p>\n","protected":false},"author":1,"featured_media":0,"parent":0,"menu_order":0,"comment_status":"closed","ping_status":"closed","template":"","meta":[],"_links":{"self":[{"href":"http:\/\/remunomex.uas.edu.mx\/index.php\/wp-json\/wp\/v2\/pages\/139"}],"collection":[{"href":"http:\/\/remunomex.uas.edu.mx\/index.php\/wp-json\/wp\/v2\/pages"}],"about":[{"href":"http:\/\/remunomex.uas.edu.mx\/index.php\/wp-json\/wp\/v2\/types\/page"}],"author":[{"embeddable":true,"href":"http:\/\/remunomex.uas.edu.mx\/index.php\/wp-json\/wp\/v2\/users\/1"}],"replies":[{"embeddable":true,"href":"http:\/\/remunomex.uas.edu.mx\/index.php\/wp-json\/wp\/v2\/comments?post=139"}],"version-history":[{"count":6,"href":"http:\/\/remunomex.uas.edu.mx\/index.php\/wp-json\/wp\/v2\/pages\/139\/revisions"}],"predecessor-version":[{"id":1316,"href":"http:\/\/remunomex.uas.edu.mx\/index.php\/wp-json\/wp\/v2\/pages\/139\/revisions\/1316"}],"wp:attachment":[{"href":"http:\/\/remunomex.uas.edu.mx\/index.php\/wp-json\/wp\/v2\/media?parent=139"}],"curies":[{"name":"wp","href":"https:\/\/api.w.org\/{rel}","templated":true}]}}