{"id":141,"date":"2017-06-25T04:42:03","date_gmt":"2017-06-25T04:42:03","guid":{"rendered":"http:\/\/remunomex.uas.edu.mx\/?page_id=141"},"modified":"2019-01-03T20:51:41","modified_gmt":"2019-01-03T20:51:41","slug":"museo-kokopelli","status":"publish","type":"page","link":"http:\/\/remunomex.uas.edu.mx\/index.php\/museo-kokopelli\/","title":{"rendered":"MUSEO KOKOPELLI"},"content":{"rendered":"\n\t\t<!-- MasterSlider -->\n\t\t<div id=\"P_MS69dfa05e6d471\" class=\"master-slider-parent msl ms-parent-id-20\" style=\"max-width:945px;\">\n\n\t\t\t\n\t\t\t<!-- MasterSlider Main -->\n\t\t\t<div id=\"MS69dfa05e6d471\" class=\"master-slider ms-skin-light-6 round-skin\" >\n\t\t\t\t \t\t\t\t \n\t\t\t\t<div  class=\"ms-slide\" data-delay=\"3\" data-fill-mode=\"fill\"  >\n\t\t\t\t\t<img src=\"http:\/\/remunomex.uas.edu.mx\/wp-content\/plugins\/master-slider\/public\/assets\/css\/blank.gif\" alt=\"\" title=\"\" data-src=\"http:\/\/remunomex.uas.edu.mx\/wp-content\/uploads\/2017\/08\/MUSEO-KOKOPELLI-4.png\" \/>\n\n\n\t<div class=\"ms-thumb\" ><div class=\"ms-tab-context\"><div class=&quot;ms-tab-context&quot;><\/div><\/div>\n<\/div>\n\t\t\t\t<\/div>\n\t\t\t\t<div  class=\"ms-slide\" data-delay=\"3\" data-fill-mode=\"fit\"  >\n\t\t\t\t\t<img src=\"http:\/\/remunomex.uas.edu.mx\/wp-content\/plugins\/master-slider\/public\/assets\/css\/blank.gif\" alt=\"\" title=\"\" data-src=\"http:\/\/remunomex.uas.edu.mx\/wp-content\/uploads\/2017\/08\/MUSEO-KOKOPELLI-1.png\" \/>\n\n\n\t<div class=\"ms-thumb\" ><div class=\"ms-tab-context\"><div class=&quot;ms-tab-context&quot;><\/div><\/div>\n<\/div>\n\t\t\t\t<\/div>\n\t\t\t\t<div  class=\"ms-slide\" data-delay=\"3\" data-fill-mode=\"fill\"  >\n\t\t\t\t\t<img src=\"http:\/\/remunomex.uas.edu.mx\/wp-content\/plugins\/master-slider\/public\/assets\/css\/blank.gif\" alt=\"\" title=\"\" data-src=\"http:\/\/remunomex.uas.edu.mx\/wp-content\/uploads\/2017\/08\/MUSEO-KOKOPELLI-2.png\" \/>\n\n\n\t<div class=\"ms-thumb\" ><div class=\"ms-tab-context\"><div class=&quot;ms-tab-context&quot;><\/div><\/div>\n<\/div>\n\t\t\t\t<\/div>\n\t\t\t\t<div  class=\"ms-slide\" data-delay=\"3\" data-fill-mode=\"fill\"  >\n\t\t\t\t\t<img src=\"http:\/\/remunomex.uas.edu.mx\/wp-content\/plugins\/master-slider\/public\/assets\/css\/blank.gif\" alt=\"\" title=\"\" data-src=\"http:\/\/remunomex.uas.edu.mx\/wp-content\/uploads\/2017\/08\/MUSEO-KOKOPELLI-3.png\" \/>\n\n\n\t<div class=\"ms-thumb\" ><div class=\"ms-tab-context\"><div class=&quot;ms-tab-context&quot;><\/div><\/div>\n<\/div>\n\t\t\t\t<\/div>\n\n\t\t\t<\/div>\n\t\t\t<!-- END MasterSlider Main -->\n\n\t\t\t \n\t\t<\/div>\n\t\t<!-- END MasterSlider -->\n\n\t\t<script>\n\t\t(function ( $ ) {\n\t\t\t\"use strict\";\n\n\t\t\t$(function () {\n\t\t\t\tvar masterslider_d471 = new MasterSlider();\n\n\t\t\t\t\/\/ slider controls\n\t\t\t\tmasterslider_d471.control('arrows'     ,{ autohide:true, overVideo:true  });\t\t\t\tmasterslider_d471.control('bullets'    ,{ autohide:false, overVideo:true, dir:'h', align:'bottom' , margin:10  });\n\n\t\t\t\tmasterslider_d471.control('scrollbar'  ,{ autohide:true, overVideo:true, dir:'h', inset:true, align:'top', color:'#404040' , margin:10  , width:4 });\n\t\t\t\t\/\/ slider setup\n\t\t\t\tmasterslider_d471.setup(\"MS69dfa05e6d471\", {\n\t\t\t\t\t\twidth           : 800,\n\t\t\t\t\t\theight          : 480,\n\t\t\t\t\t\tminHeight       : 0,\n\t\t\t\t\t\tspace           : 0,\n\t\t\t\t\t\tstart           : 1,\n\t\t\t\t\t\tgrabCursor      : true,\n\t\t\t\t\t\tswipe           : true,\n\t\t\t\t\t\tmouse           : true,\n\t\t\t\t\t\tlayout          : \"boxed\",\n\t\t\t\t\t\twheel           : false,\n\t\t\t\t\t\tautoplay        : false,\n\t\t\t\t\t\tinstantStartLayers:false,\n\t\t\t\t\t\tloop            : false,\n\t\t\t\t\t\tshuffle         : false,\n\t\t\t\t\t\tpreload         : 0,\n\t\t\t\t\t\theightLimit     : true,\n\t\t\t\t\t\tautoHeight      : false,\n\t\t\t\t\t\tsmoothHeight    : true,\n\t\t\t\t\t\tendPause        : false,\n\t\t\t\t\t\toverPause       : true,\n\t\t\t\t\t\tfillMode        : \"fill\",\n\t\t\t\t\t\tcenterControls  : false,\n\t\t\t\t\t\tstartOnAppear   : false,\n\t\t\t\t\t\tlayersMode      : \"center\",\n\t\t\t\t\t\thideLayers      : false,\n\t\t\t\t\t\tfullscreenMargin: 0,\n\t\t\t\t\t\tspeed           : 20,\n\t\t\t\t\t\tdir             : \"h\",\n\t\t\t\t\t\tparallaxMode    : 'swipe',\n\t\t\t\t\t\tview            : \"basic\"\n\t\t\t\t});\n\n\t\t\t\t\n\t\t\t\twindow.masterslider_instances = window.masterslider_instances || [];\n\t\t\t\twindow.masterslider_instances.push( masterslider_d471 );\n\t\t\t });\n\n\t\t})(jQuery);\n\t\t<\/script>\n\n\n<hr \/>\n<div id=\"informacion\"><strong>Direcci\u00f3n<\/strong><br \/>\nDomicilio conocido<br \/>\nCentro, C.P. 34448<br \/>\nGomelia, Canatl\u00e1n, Durango<\/div>\n<p><iframe loading=\"lazy\" style=\"border: 0;\" src=\"https:\/\/www.google.com\/maps\/embed?pb=!1m18!1m12!1m3!1d3629.084586720825!2d-105.23239539939584!3d24.551738895725887!2m3!1f0!2f0!3f0!3m2!1i1024!2i768!4f13.1!3m3!1m2!1s0x0%3A0x0!2zMjTCsDMzJzA2LjMiTiAxMDXCsDEzJzUxLjkiVw!5e0!3m2!1ses!2sus!4v1502261845317\" width=\"350\" height=\"300\" frameborder=\"0\" allowfullscreen=\"allowfullscreen\"><\/iframe><br \/>\n<strong>Informaci\u00f3n de la direcci\u00f3n del museo<\/strong><\/p>\n<p><img loading=\"lazy\" class=\"\" src=\"https:\/\/i.ytimg.com\/vi\/B9HsZKsqmFk\/maxresdefault.jpg\" alt=\"Resultado de imagen para canatlan durango\" width=\"260\" height=\"146\" \/>\u00a0<img loading=\"lazy\" class=\"\" src=\"http:\/\/mexicolindoyquerido.com.mx\/mexico2\/images\/IMAGENES_PARA_TEMPLATE\/pueblos_tipicos_de_mexico\/P08_canatlan_durango.png\" alt=\"Resultado de imagen para canatlan durango\" width=\"198\" height=\"146\" \/>\u00a0<img loading=\"lazy\" class=\"\" src=\"http:\/\/turismo.mexplora.com\/wp-content\/uploads\/2014\/03\/3397301.jpeg\" alt=\"Resultado de imagen para canatlan durango\" width=\"220\" height=\"145\" \/><\/p>\n<div style=\"text-align: justify;\">Se divide en 156 localidades, de las cuales las m\u00e1s importantes son: Canatl\u00e1n, J. Guadalupe Aguilera (Santa Luc\u00eda), Venustiano Carranza Garza, Ricardo F. Magon, Donato Guerra, Nicol\u00e1s Bravo, San Jos\u00e9 de Gracia, Maymorita, Las Delicias, colonia anahuac. Venustiano Carranza es uno de los m\u00e1s importantes por su ganader\u00eda y sus grandes cosechas de frijol. En la zona sierra al poniente del municipio se encuentran los poblados Marquezotes de Guadalupe y El Rayo La Plazuela, pertenecientes a ejidos con actividad diversa, como lo son, agricultura, ganader\u00eda y explotaci\u00f3n forestal, lo que los hace un \u00e1rea natural importante en el municipio, con gran diversidad de flora y fauna.<\/div>\n<p>&nbsp;<\/p>\n<div><strong>Tel\u00e9fono<\/strong>: (677) 100-50-79 &#8211; (618) 191-37-57 &#8211; (618) 839-70-92<\/div>\n<p>&nbsp;<\/p>\n<div><strong>Horario<\/strong><\/div>\n<p>Lunes a Viernes de 9 a.m. a 2 p.m.<\/p>\n<div><strong>Datos generales<\/strong><br \/>\nPertenece a la comunidad de Gomelia, Canatl\u00e1n, Durango, construido de adobe con enjarre de mezcla de mortero y techo de l\u00e1mina galvanizada, en \u00e9l se presenta la exposici\u00f3n principal de restos arqueol\u00f3gicos de la cultura Calchiuita que habit\u00f3 en la regi\u00f3n en un periodo aproximado entre 600 y 850\/900 D.C.<\/div>\n<p>&nbsp;<\/p>\n<div><strong>Salas de exhibici\u00f3n<\/strong><\/div>\n<p>Exhiben:<strong><br \/>\n<\/strong><\/p>\n<ul>\n<li>Puntas de fecha.<\/li>\n<li>Hachas de piedra.<\/li>\n<li>Navajas de obsidiana.<\/li>\n<li>Vasijas ornamentales de barro.<\/li>\n<li>Estatuilla de barro y piedra.\/li&gt;<\/li>\n<li>Exhiben piezas y objetos diversos de principios del siglo pasado pertenecientes a personas que habitaban y otras que aun habitan en nuestro ejido.<\/li>\n<\/ul>\n<p>&nbsp;<\/p>\n<div><strong>Fecha de fundaci\u00f3n<\/strong><br \/>\n21 de Junio de 2008.<\/p>\n<div><strong>Redes Sociales<\/strong><\/div>\n<div>Correo electr\u00f3nico:\u00a0felixporras55@live.com.mx<\/div>\n<hr \/>\n<h3 style=\"text-align: center;\">Responsables del Museo<\/h3>\n<div style=\"text-align: center;\">Jesus Morones Martinez y Felix Porras Andrade<\/div>\n<\/div>\n","protected":false},"excerpt":{"rendered":"<p>Direcci\u00f3n Domicilio conocido Centro, C.P. 34448 Gomelia, Canatl\u00e1n, Durango Informaci\u00f3n de la direcci\u00f3n del museo \u00a0\u00a0 Se divide en 156<\/p>\n","protected":false},"author":1,"featured_media":0,"parent":0,"menu_order":0,"comment_status":"closed","ping_status":"closed","template":"","meta":[],"_links":{"self":[{"href":"http:\/\/remunomex.uas.edu.mx\/index.php\/wp-json\/wp\/v2\/pages\/141"}],"collection":[{"href":"http:\/\/remunomex.uas.edu.mx\/index.php\/wp-json\/wp\/v2\/pages"}],"about":[{"href":"http:\/\/remunomex.uas.edu.mx\/index.php\/wp-json\/wp\/v2\/types\/page"}],"author":[{"embeddable":true,"href":"http:\/\/remunomex.uas.edu.mx\/index.php\/wp-json\/wp\/v2\/users\/1"}],"replies":[{"embeddable":true,"href":"http:\/\/remunomex.uas.edu.mx\/index.php\/wp-json\/wp\/v2\/comments?post=141"}],"version-history":[{"count":8,"href":"http:\/\/remunomex.uas.edu.mx\/index.php\/wp-json\/wp\/v2\/pages\/141\/revisions"}],"predecessor-version":[{"id":1325,"href":"http:\/\/remunomex.uas.edu.mx\/index.php\/wp-json\/wp\/v2\/pages\/141\/revisions\/1325"}],"wp:attachment":[{"href":"http:\/\/remunomex.uas.edu.mx\/index.php\/wp-json\/wp\/v2\/media?parent=141"}],"curies":[{"name":"wp","href":"https:\/\/api.w.org\/{rel}","templated":true}]}}