{"id":148,"date":"2017-06-25T04:51:48","date_gmt":"2017-06-25T04:51:48","guid":{"rendered":"http:\/\/remunomex.uas.edu.mx\/?page_id=148"},"modified":"2019-01-03T22:20:27","modified_gmt":"2019-01-03T22:20:27","slug":"museo-tarike","status":"publish","type":"page","link":"http:\/\/remunomex.uas.edu.mx\/index.php\/museo-tarike\/","title":{"rendered":"MUSEO TARIKE"},"content":{"rendered":"\n\t\t<!-- MasterSlider -->\n\t\t<div id=\"P_MS69f7605fa1c7d\" class=\"master-slider-parent msl ms-parent-id-10\" style=\"max-width:945px;\">\n\n\t\t\t\n\t\t\t<!-- MasterSlider Main -->\n\t\t\t<div id=\"MS69f7605fa1c7d\" class=\"master-slider ms-skin-light-6 round-skin\" >\n\t\t\t\t \t\t\t\t \n\t\t\t\t<div  class=\"ms-slide\" data-delay=\"3\" data-fill-mode=\"fit\"  >\n\t\t\t\t\t<img src=\"http:\/\/remunomex.uas.edu.mx\/wp-content\/plugins\/master-slider\/public\/assets\/css\/blank.gif\" alt=\"\" title=\"\" data-src=\"http:\/\/remunomex.uas.edu.mx\/wp-content\/uploads\/2017\/08\/MUSEO-TARIKE-1.jpg\" \/>\n\n\n\t<div class=\"ms-thumb\" ><div class=\"ms-tab-context\"><div class=&quot;ms-tab-context&quot;><\/div><\/div>\n<\/div>\n\t\t\t\t<\/div>\n\t\t\t\t<div  class=\"ms-slide\" data-delay=\"3\" data-fill-mode=\"fit\"  >\n\t\t\t\t\t<img src=\"http:\/\/remunomex.uas.edu.mx\/wp-content\/plugins\/master-slider\/public\/assets\/css\/blank.gif\" alt=\"\" title=\"\" data-src=\"http:\/\/remunomex.uas.edu.mx\/wp-content\/uploads\/2017\/08\/MUSEO-TARIKE-6.jpg\" \/>\n\n\n\t<div class=\"ms-thumb\" ><div class=\"ms-tab-context\"><div class=&quot;ms-tab-context&quot;><\/div><\/div>\n<\/div>\n\t\t\t\t<\/div>\n\t\t\t\t<div  class=\"ms-slide\" data-delay=\"3\" data-fill-mode=\"center\"  >\n\t\t\t\t\t<img src=\"http:\/\/remunomex.uas.edu.mx\/wp-content\/plugins\/master-slider\/public\/assets\/css\/blank.gif\" alt=\"\" title=\"\" data-src=\"http:\/\/remunomex.uas.edu.mx\/wp-content\/uploads\/2017\/08\/MUSEO-TARIKE-2.jpg\" \/>\n\n\n\t<div class=\"ms-thumb\" ><div class=\"ms-tab-context\"><div class=&quot;ms-tab-context&quot;><\/div><\/div>\n<\/div>\n\t\t\t\t<\/div>\n\t\t\t\t<div  class=\"ms-slide\" data-delay=\"3\" data-fill-mode=\"fit\"  >\n\t\t\t\t\t<img src=\"http:\/\/remunomex.uas.edu.mx\/wp-content\/plugins\/master-slider\/public\/assets\/css\/blank.gif\" alt=\"\" title=\"\" data-src=\"http:\/\/remunomex.uas.edu.mx\/wp-content\/uploads\/2017\/08\/MUSEO-TARIKE-3.jpg\" \/>\n\n\n\t<div class=\"ms-thumb\" ><div class=\"ms-tab-context\"><div class=&quot;ms-tab-context&quot;><\/div><\/div>\n<\/div>\n\t\t\t\t<\/div>\n\t\t\t\t<div  class=\"ms-slide\" data-delay=\"3\" data-fill-mode=\"fit\"  >\n\t\t\t\t\t<img src=\"http:\/\/remunomex.uas.edu.mx\/wp-content\/plugins\/master-slider\/public\/assets\/css\/blank.gif\" alt=\"\" title=\"\" data-src=\"http:\/\/remunomex.uas.edu.mx\/wp-content\/uploads\/2017\/08\/MUSEO-TARIKE-4.jpg\" \/>\n\n\n\t<div class=\"ms-thumb\" ><div class=\"ms-tab-context\"><div class=&quot;ms-tab-context&quot;><\/div><\/div>\n<\/div>\n\t\t\t\t<\/div>\n\t\t\t\t<div  class=\"ms-slide\" data-delay=\"3\" data-fill-mode=\"fit\"  >\n\t\t\t\t\t<img src=\"http:\/\/remunomex.uas.edu.mx\/wp-content\/plugins\/master-slider\/public\/assets\/css\/blank.gif\" alt=\"\" title=\"\" data-src=\"http:\/\/remunomex.uas.edu.mx\/wp-content\/uploads\/2017\/08\/MUSEO-TARIKE-5.jpg\" \/>\n\n\n\t<div class=\"ms-thumb\" ><div class=\"ms-tab-context\"><div class=&quot;ms-tab-context&quot;><\/div><\/div>\n<\/div>\n\t\t\t\t<\/div>\n\n\t\t\t<\/div>\n\t\t\t<!-- END MasterSlider Main -->\n\n\t\t\t \n\t\t<\/div>\n\t\t<!-- END MasterSlider -->\n\n\t\t<script>\n\t\t(function ( $ ) {\n\t\t\t\"use strict\";\n\n\t\t\t$(function () {\n\t\t\t\tvar masterslider_1c7d = new MasterSlider();\n\n\t\t\t\t\/\/ slider controls\n\t\t\t\tmasterslider_1c7d.control('arrows'     ,{ autohide:true, overVideo:true  });\t\t\t\tmasterslider_1c7d.control('bullets'    ,{ autohide:false, overVideo:true, dir:'h', align:'bottom' , margin:10  });\n\n\t\t\t\tmasterslider_1c7d.control('scrollbar'  ,{ autohide:true, overVideo:true, dir:'h', inset:true, align:'top', color:'#404040' , margin:10  , width:4 });\n\t\t\t\t\/\/ slider setup\n\t\t\t\tmasterslider_1c7d.setup(\"MS69f7605fa1c7d\", {\n\t\t\t\t\t\twidth           : 800,\n\t\t\t\t\t\theight          : 480,\n\t\t\t\t\t\tminHeight       : 0,\n\t\t\t\t\t\tspace           : 0,\n\t\t\t\t\t\tstart           : 1,\n\t\t\t\t\t\tgrabCursor      : true,\n\t\t\t\t\t\tswipe           : true,\n\t\t\t\t\t\tmouse           : true,\n\t\t\t\t\t\tlayout          : \"boxed\",\n\t\t\t\t\t\twheel           : false,\n\t\t\t\t\t\tautoplay        : false,\n\t\t\t\t\t\tinstantStartLayers:false,\n\t\t\t\t\t\tloop            : false,\n\t\t\t\t\t\tshuffle         : false,\n\t\t\t\t\t\tpreload         : 0,\n\t\t\t\t\t\theightLimit     : true,\n\t\t\t\t\t\tautoHeight      : false,\n\t\t\t\t\t\tsmoothHeight    : true,\n\t\t\t\t\t\tendPause        : false,\n\t\t\t\t\t\toverPause       : true,\n\t\t\t\t\t\tfillMode        : \"fill\",\n\t\t\t\t\t\tcenterControls  : false,\n\t\t\t\t\t\tstartOnAppear   : false,\n\t\t\t\t\t\tlayersMode      : \"center\",\n\t\t\t\t\t\thideLayers      : false,\n\t\t\t\t\t\tfullscreenMargin: 0,\n\t\t\t\t\t\tspeed           : 20,\n\t\t\t\t\t\tdir             : \"h\",\n\t\t\t\t\t\tparallaxMode    : 'swipe',\n\t\t\t\t\t\tview            : \"basic\"\n\t\t\t\t});\n\n\t\t\t\t\n\t\t\t\twindow.masterslider_instances = window.masterslider_instances || [];\n\t\t\t\twindow.masterslider_instances.push( masterslider_1c7d );\n\t\t\t });\n\n\t\t})(jQuery);\n\t\t<\/script>\n\n\n<hr \/>\n<div id=\"informacion\"><strong>Direcci\u00f3n<\/strong><br \/>\nCalle 4\u00aa. #2610<\/div>\n<div>Zona Centro, C.P. 31000<\/div>\n<div>Chihuahua, Chihuahua<\/div>\n<p><iframe loading=\"lazy\" style=\"border: 0;\" src=\"https:\/\/www.google.com\/maps\/embed?pb=!1m14!1m8!1m3!1d875.498671203244!2d-106.0694905!3d28.6299214!3m2!1i1024!2i768!4f13.1!3m3!1m2!1s0x0%3A0xa8860f1a442aeaea!2sMuseo+Tarike!5e0!3m2!1ses!2s!4v1502087776951\" width=\"350\" height=\"300\" frameborder=\"0\" allowfullscreen=\"allowfullscreen\"><\/iframe><br \/>\n<strong>Informaci\u00f3n de la direcci\u00f3n del museo<\/strong><\/p>\n<p><img loading=\"lazy\" class=\"\" src=\"https:\/\/cdn.mexicodestinos.com\/lugares\/calle-libertad-chihuahua-galeria-min.jpg\" alt=\"Resultado de imagen para chihuahua chihuahua\" width=\"264\" height=\"160\" \/>\u00a0<img loading=\"lazy\" class=\"\" src=\"http:\/\/mexiconuevaera.com\/sites\/default\/files\/styles\/interior_noticia\/public\/imagenes\/2018\/Abr\/18\/ciudad_de_chihuahua.jpg?itok=zNQ2_SpV\" alt=\"Resultado de imagen para chihuahua chihuahua\" width=\"263\" height=\"158\" \/>\u00a0<img loading=\"lazy\" class=\"\" src=\"https:\/\/upload.wikimedia.org\/wikipedia\/commons\/thumb\/8\/8d\/Catedral_de_Chihuahua_-_2013_-_04.jpg\/350px-Catedral_de_Chihuahua_-_2013_-_04.jpg\" alt=\"Resultado de imagen para chihuahua chihuahua\" width=\"176\" height=\"157\" \/><\/p>\n<div style=\"text-align: justify;\">La regi\u00f3n donde hoy se encuentra asentada la ciudad de Chihuahua fue originalmente habitada por los indios conchos, una tribu de ind\u00edgenas semin\u00f3madas que formaban parte de los grupos que los espa\u00f1oles denominaban generalmente como\u00a0<i>Chichimecas<\/i>. La conquista y exploraci\u00f3n por parte de los espa\u00f1oles fue lenta y tropez\u00f3 con la ferocidad de los nativos, sin embargo, las expectativas de riqueza mineral de la regi\u00f3n llevaron a redoblar los esfuerzos de colonizaci\u00f3n.\u00a0El\u00a024 de junio\u00a0de\u00a01562,\u00a0Francisco de Ibarra\u00a0inici\u00f3 la expedici\u00f3n por lo que hoy es\u00a0Durango\u00a0y\u00a0Chihuahua, nombr\u00e1ndolo\u00a0Nueva Vizcaya\u00a0y el\u00a020 de marzo\u00a0de\u00a01598\u00a0llegan a las m\u00e1rgenes del\u00a0r\u00edo Sacramento\u00a0los primeros europeos que pisaron el sitio donde hoy est\u00e1 la ciudad de Chihuahua.<\/div>\n<p>&nbsp;<\/p>\n<div><strong>Tel\u00e9fono:<\/strong>\u00a0(614) 410-28-70 y (614) 230-21-63 (Norma Magallanes Barrera)<\/div>\n<p>&nbsp;<\/p>\n<div><strong>Horario<br \/>\n<\/strong>Lunes a Viernes de 9 a.m. a 5 p.m.<br \/>\nS\u00e1bado y Domingo con previa cita<\/p>\n<div>\n<div><strong>Datos generales<\/strong><br \/>\nSu nombre proviene de la lengua rar\u00e1muri y significa semilla. Abri\u00f3 sus puertas al p\u00fablico con el objetivo de difundir la historia de la ciudad de Chihuahua, con \u00e9nfasis en el grupo \u00e9tnico de los conchos y en diversos aspectos de la vida del general revolucionario Francisco Villa. Exhibe objetos antiguos, maquetas, documentos, fotograf\u00edas y c\u00e9dulas de informaci\u00f3n. Cuenta con cuatro salas permanentes y una para exposiciones temporales relacionadas con acontecimientos hist\u00f3ricos de la regi\u00f3n. Organiza visitas guiadas y la exposici\u00f3n denominada La pieza del mes, con obra de alg\u00fan artista o artesano chihuahuense. La remodelaci\u00f3n m\u00e1s reciente se realiz\u00f3 en 1984.<\/div>\n<p>&nbsp;<\/p>\n<div><strong>Servicios<\/strong><\/div>\n<div>Venta de Folletos, libros y artesan\u00edas, cuenta con rampa para acceso de incapacitados, audiovisual, talleres educativos en verano, asesor\u00edas y servicios educativos.<br \/>\nOrganiza visitas guiadas y la exposici\u00f3n denominada La pieza del mes, con obra de alg\u00fan artista o artesano chihuahuense.<\/div>\n<p>&nbsp;<\/p>\n<div><strong>Fecha de fundaci\u00f3n<\/strong><\/div>\n<div>12 de Octubre de 1982.<\/div>\n<p>&nbsp;<\/p>\n<div><strong>Redes sociales<br \/>\n<\/strong>Facebook: <a href=\"https:\/\/www.facebook.com\/museo.tarike\" target=\"_blank\" rel=\"noopener\">Museo Tarike<\/a><strong><br \/>\n<\/strong>Correo electr\u00f3nico:\u00a0museotarike@gmail.com<\/div>\n<hr \/>\n<h3 style=\"text-align: center;\">Pta. de la Fundaci\u00f3n Cultural Tarike A.C.<\/h3>\n<p><img loading=\"lazy\" class=\"size-medium wp-image-747 aligncenter\" src=\"http:\/\/remunomex.uas.edu.mx\/wp-content\/uploads\/2017\/06\/Responsable-del-MUSEO-TARIKE-MARTHA-ANTONIETA-RODRIGUEZ--224x300.jpg\" alt=\"\" width=\"224\" height=\"300\" srcset=\"http:\/\/remunomex.uas.edu.mx\/wp-content\/uploads\/2017\/06\/Responsable-del-MUSEO-TARIKE-MARTHA-ANTONIETA-RODRIGUEZ--224x300.jpg 224w, http:\/\/remunomex.uas.edu.mx\/wp-content\/uploads\/2017\/06\/Responsable-del-MUSEO-TARIKE-MARTHA-ANTONIETA-RODRIGUEZ-.jpg 388w\" sizes=\"(max-width: 224px) 100vw, 224px\" \/><\/p>\n<div style=\"text-align: center;\">Norma Magallanes Barrera<\/div>\n<\/div>\n<\/div>\n","protected":false},"excerpt":{"rendered":"<p>Direcci\u00f3n Calle 4\u00aa. #2610 Zona Centro, C.P. 31000 Chihuahua, Chihuahua Informaci\u00f3n de la direcci\u00f3n del museo \u00a0\u00a0 La regi\u00f3n donde<\/p>\n","protected":false},"author":1,"featured_media":0,"parent":0,"menu_order":0,"comment_status":"closed","ping_status":"closed","template":"","meta":[],"_links":{"self":[{"href":"http:\/\/remunomex.uas.edu.mx\/index.php\/wp-json\/wp\/v2\/pages\/148"}],"collection":[{"href":"http:\/\/remunomex.uas.edu.mx\/index.php\/wp-json\/wp\/v2\/pages"}],"about":[{"href":"http:\/\/remunomex.uas.edu.mx\/index.php\/wp-json\/wp\/v2\/types\/page"}],"author":[{"embeddable":true,"href":"http:\/\/remunomex.uas.edu.mx\/index.php\/wp-json\/wp\/v2\/users\/1"}],"replies":[{"embeddable":true,"href":"http:\/\/remunomex.uas.edu.mx\/index.php\/wp-json\/wp\/v2\/comments?post=148"}],"version-history":[{"count":15,"href":"http:\/\/remunomex.uas.edu.mx\/index.php\/wp-json\/wp\/v2\/pages\/148\/revisions"}],"predecessor-version":[{"id":1353,"href":"http:\/\/remunomex.uas.edu.mx\/index.php\/wp-json\/wp\/v2\/pages\/148\/revisions\/1353"}],"wp:attachment":[{"href":"http:\/\/remunomex.uas.edu.mx\/index.php\/wp-json\/wp\/v2\/media?parent=148"}],"curies":[{"name":"wp","href":"https:\/\/api.w.org\/{rel}","templated":true}]}}