{"id":150,"date":"2017-06-25T04:52:02","date_gmt":"2017-06-25T04:52:02","guid":{"rendered":"http:\/\/remunomex.uas.edu.mx\/?page_id=150"},"modified":"2019-01-03T21:48:40","modified_gmt":"2019-01-03T21:48:40","slug":"museo-parral-de-mis-recuerdos","status":"publish","type":"page","link":"http:\/\/remunomex.uas.edu.mx\/index.php\/museo-parral-de-mis-recuerdos\/","title":{"rendered":"MUSEO PARRAL DE MIS RECUERDOS"},"content":{"rendered":"\n\t\t<!-- MasterSlider -->\n\t\t<div id=\"P_MS69f6171bc8f20\" class=\"master-slider-parent msl ms-parent-id-8\" style=\"max-width:945px;\">\n\n\t\t\t\n\t\t\t<!-- MasterSlider Main -->\n\t\t\t<div id=\"MS69f6171bc8f20\" class=\"master-slider ms-skin-light-6 round-skin\" >\n\t\t\t\t \t\t\t\t \n\t\t\t\t<div  class=\"ms-slide\" data-delay=\"3\" data-fill-mode=\"fill\"  >\n\t\t\t\t\t<img src=\"http:\/\/remunomex.uas.edu.mx\/wp-content\/plugins\/master-slider\/public\/assets\/css\/blank.gif\" alt=\"\" title=\"\" data-src=\"http:\/\/remunomex.uas.edu.mx\/wp-content\/uploads\/2017\/08\/Museo-Parral-de-mis-recuerdos-1.jpg\" \/>\n\n\n\t<div class=\"ms-thumb\" ><div class=\"ms-tab-context\"><div class=&quot;ms-tab-context&quot;><\/div><\/div>\n<\/div>\n\t\t\t\t<\/div>\n\t\t\t\t<div  class=\"ms-slide\" data-delay=\"3\" data-fill-mode=\"fill\"  >\n\t\t\t\t\t<img src=\"http:\/\/remunomex.uas.edu.mx\/wp-content\/plugins\/master-slider\/public\/assets\/css\/blank.gif\" alt=\"\" title=\"\" data-src=\"http:\/\/remunomex.uas.edu.mx\/wp-content\/uploads\/2017\/08\/Museo-Parral-de-mis-recuerdos-2.jpg\" \/>\n\n\n\t<div class=\"ms-thumb\" ><div class=\"ms-tab-context\"><div class=&quot;ms-tab-context&quot;><\/div><\/div>\n<\/div>\n\t\t\t\t<\/div>\n\t\t\t\t<div  class=\"ms-slide\" data-delay=\"3\" data-fill-mode=\"fill\"  >\n\t\t\t\t\t<img src=\"http:\/\/remunomex.uas.edu.mx\/wp-content\/plugins\/master-slider\/public\/assets\/css\/blank.gif\" alt=\"\" title=\"\" data-src=\"http:\/\/remunomex.uas.edu.mx\/wp-content\/uploads\/2017\/08\/Museo-Parral-de-mis-recuerdos-3.jpg\" \/>\n\n\n\t<div class=\"ms-thumb\" ><div class=\"ms-tab-context\"><div class=&quot;ms-tab-context&quot;><\/div><\/div>\n<\/div>\n\t\t\t\t<\/div>\n\t\t\t\t<div  class=\"ms-slide\" data-delay=\"3\" data-fill-mode=\"fill\"  >\n\t\t\t\t\t<img src=\"http:\/\/remunomex.uas.edu.mx\/wp-content\/plugins\/master-slider\/public\/assets\/css\/blank.gif\" alt=\"\" title=\"\" data-src=\"http:\/\/remunomex.uas.edu.mx\/wp-content\/uploads\/2017\/08\/Museo-Parral-de-mis-recuerdos-4.jpg\" \/>\n\n\n\t<div class=\"ms-thumb\" ><div class=\"ms-tab-context\"><div class=&quot;ms-tab-context&quot;><\/div><\/div>\n<\/div>\n\t\t\t\t<\/div>\n\t\t\t\t<div  class=\"ms-slide\" data-delay=\"3\" data-fill-mode=\"fill\"  >\n\t\t\t\t\t<img src=\"http:\/\/remunomex.uas.edu.mx\/wp-content\/plugins\/master-slider\/public\/assets\/css\/blank.gif\" alt=\"\" title=\"\" data-src=\"http:\/\/remunomex.uas.edu.mx\/wp-content\/uploads\/2017\/08\/Museo-Parral-de-mis-recuerdos-5.jpg\" \/>\n\n\n\t<div class=\"ms-thumb\" ><div class=\"ms-tab-context\"><div class=&quot;ms-tab-context&quot;><\/div><\/div>\n<\/div>\n\t\t\t\t<\/div>\n\t\t\t\t<div  class=\"ms-slide\" data-delay=\"3\" data-fill-mode=\"fill\"  >\n\t\t\t\t\t<img src=\"http:\/\/remunomex.uas.edu.mx\/wp-content\/plugins\/master-slider\/public\/assets\/css\/blank.gif\" alt=\"\" title=\"\" data-src=\"http:\/\/remunomex.uas.edu.mx\/wp-content\/uploads\/2017\/08\/Museo-Parral-de-mis-recuerdos-6.jpg\" \/>\n\n\n\t<div class=\"ms-thumb\" ><div class=\"ms-tab-context\"><div class=&quot;ms-tab-context&quot;><\/div><\/div>\n<\/div>\n\t\t\t\t<\/div>\n\t\t\t\t<div  class=\"ms-slide\" data-delay=\"3\" data-fill-mode=\"fill\"  >\n\t\t\t\t\t<img src=\"http:\/\/remunomex.uas.edu.mx\/wp-content\/plugins\/master-slider\/public\/assets\/css\/blank.gif\" alt=\"\" title=\"\" data-src=\"http:\/\/remunomex.uas.edu.mx\/wp-content\/uploads\/2017\/08\/Museo-Parral-de-mis-recuerdos-7.jpg\" \/>\n\n\n\t<div class=\"ms-thumb\" ><div class=\"ms-tab-context\"><div class=&quot;ms-tab-context&quot;><\/div><\/div>\n<\/div>\n\t\t\t\t<\/div>\n\t\t\t\t<div  class=\"ms-slide\" data-delay=\"3\" data-fill-mode=\"fill\"  >\n\t\t\t\t\t<img src=\"http:\/\/remunomex.uas.edu.mx\/wp-content\/plugins\/master-slider\/public\/assets\/css\/blank.gif\" alt=\"\" title=\"\" data-src=\"http:\/\/remunomex.uas.edu.mx\/wp-content\/uploads\/2017\/08\/Museo-Parral-de-mis-recuerdos-8.jpg\" \/>\n\n\n\t<div class=\"ms-thumb\" ><div class=\"ms-tab-context\"><div class=&quot;ms-tab-context&quot;><\/div><\/div>\n<\/div>\n\t\t\t\t<\/div>\n\t\t\t\t<div  class=\"ms-slide\" data-delay=\"3\" data-fill-mode=\"fill\"  >\n\t\t\t\t\t<img src=\"http:\/\/remunomex.uas.edu.mx\/wp-content\/plugins\/master-slider\/public\/assets\/css\/blank.gif\" alt=\"\" title=\"\" data-src=\"http:\/\/remunomex.uas.edu.mx\/wp-content\/uploads\/2017\/08\/Museo-Parral-de-mis-recuerdos-9.jpg\" \/>\n\n\n\t<div class=\"ms-thumb\" ><div class=\"ms-tab-context\"><div class=&quot;ms-tab-context&quot;><\/div><\/div>\n<\/div>\n\t\t\t\t<\/div>\n\t\t\t\t<div  class=\"ms-slide\" data-delay=\"3\" data-fill-mode=\"fill\"  >\n\t\t\t\t\t<img src=\"http:\/\/remunomex.uas.edu.mx\/wp-content\/plugins\/master-slider\/public\/assets\/css\/blank.gif\" alt=\"\" title=\"\" data-src=\"http:\/\/remunomex.uas.edu.mx\/wp-content\/uploads\/2017\/08\/Museo-Parral-de-mis-recuerdos-10.jpg\" \/>\n\n\n\t<div class=\"ms-thumb\" ><div class=\"ms-tab-context\"><div class=&quot;ms-tab-context&quot;><\/div><\/div>\n<\/div>\n\t\t\t\t<\/div>\n\t\t\t\t<div  class=\"ms-slide\" data-delay=\"3\" data-fill-mode=\"fill\"  >\n\t\t\t\t\t<img src=\"http:\/\/remunomex.uas.edu.mx\/wp-content\/plugins\/master-slider\/public\/assets\/css\/blank.gif\" alt=\"\" title=\"\" data-src=\"http:\/\/remunomex.uas.edu.mx\/wp-content\/uploads\/2017\/08\/Museo-Parral-de-mis-recuerdos-11.jpg\" \/>\n\n\n\t<div class=\"ms-thumb\" ><div class=\"ms-tab-context\"><div class=&quot;ms-tab-context&quot;><\/div><\/div>\n<\/div>\n\t\t\t\t<\/div>\n\t\t\t\t<div  class=\"ms-slide\" data-delay=\"3\" data-fill-mode=\"fill\"  >\n\t\t\t\t\t<img src=\"http:\/\/remunomex.uas.edu.mx\/wp-content\/plugins\/master-slider\/public\/assets\/css\/blank.gif\" alt=\"\" title=\"\" data-src=\"http:\/\/remunomex.uas.edu.mx\/wp-content\/uploads\/2017\/08\/Museo-Parral-de-mis-recuerdos-12.jpg\" \/>\n\n\n\t<div class=\"ms-thumb\" ><div class=\"ms-tab-context\"><div class=&quot;ms-tab-context&quot;><\/div><\/div>\n<\/div>\n\t\t\t\t<\/div>\n\t\t\t\t<div  class=\"ms-slide\" data-delay=\"3\" data-fill-mode=\"fill\"  >\n\t\t\t\t\t<img src=\"http:\/\/remunomex.uas.edu.mx\/wp-content\/plugins\/master-slider\/public\/assets\/css\/blank.gif\" alt=\"\" title=\"\" data-src=\"http:\/\/remunomex.uas.edu.mx\/wp-content\/uploads\/2017\/08\/Museo-Parral-de-mis-recuerdos-13.jpg\" \/>\n\n\n\t<div class=\"ms-thumb\" ><div class=\"ms-tab-context\"><div class=&quot;ms-tab-context&quot;><\/div><\/div>\n<\/div>\n\t\t\t\t<\/div>\n\n\t\t\t<\/div>\n\t\t\t<!-- END MasterSlider Main -->\n\n\t\t\t \n\t\t<\/div>\n\t\t<!-- END MasterSlider -->\n\n\t\t<script>\n\t\t(function ( $ ) {\n\t\t\t\"use strict\";\n\n\t\t\t$(function () {\n\t\t\t\tvar masterslider_8f20 = new MasterSlider();\n\n\t\t\t\t\/\/ slider controls\n\t\t\t\tmasterslider_8f20.control('arrows'     ,{ autohide:true, overVideo:true  });\t\t\t\tmasterslider_8f20.control('bullets'    ,{ autohide:false, overVideo:true, dir:'h', align:'bottom' , margin:10  });\n\n\t\t\t\tmasterslider_8f20.control('scrollbar'  ,{ autohide:true, overVideo:true, dir:'h', inset:true, align:'top', color:'#404040' , margin:10  , width:4 });\n\t\t\t\t\/\/ slider setup\n\t\t\t\tmasterslider_8f20.setup(\"MS69f6171bc8f20\", {\n\t\t\t\t\t\twidth           : 800,\n\t\t\t\t\t\theight          : 480,\n\t\t\t\t\t\tminHeight       : 0,\n\t\t\t\t\t\tspace           : 0,\n\t\t\t\t\t\tstart           : 1,\n\t\t\t\t\t\tgrabCursor      : true,\n\t\t\t\t\t\tswipe           : true,\n\t\t\t\t\t\tmouse           : true,\n\t\t\t\t\t\tlayout          : \"boxed\",\n\t\t\t\t\t\twheel           : false,\n\t\t\t\t\t\tautoplay        : false,\n\t\t\t\t\t\tinstantStartLayers:false,\n\t\t\t\t\t\tloop            : false,\n\t\t\t\t\t\tshuffle         : false,\n\t\t\t\t\t\tpreload         : 0,\n\t\t\t\t\t\theightLimit     : true,\n\t\t\t\t\t\tautoHeight      : false,\n\t\t\t\t\t\tsmoothHeight    : true,\n\t\t\t\t\t\tendPause        : false,\n\t\t\t\t\t\toverPause       : true,\n\t\t\t\t\t\tfillMode        : \"fill\",\n\t\t\t\t\t\tcenterControls  : false,\n\t\t\t\t\t\tstartOnAppear   : false,\n\t\t\t\t\t\tlayersMode      : \"center\",\n\t\t\t\t\t\thideLayers      : false,\n\t\t\t\t\t\tfullscreenMargin: 0,\n\t\t\t\t\t\tspeed           : 20,\n\t\t\t\t\t\tdir             : \"h\",\n\t\t\t\t\t\tparallaxMode    : 'swipe',\n\t\t\t\t\t\tview            : \"basic\"\n\t\t\t\t});\n\n\t\t\t\t\n\t\t\t\twindow.masterslider_instances = window.masterslider_instances || [];\n\t\t\t\twindow.masterslider_instances.push( masterslider_8f20 );\n\t\t\t });\n\n\t\t})(jQuery);\n\t\t<\/script>\n\n\n<hr \/>\n<p>&nbsp;<\/p>\n<div id=\"informacion\"><strong>Direcci\u00f3n<\/strong><br \/>\nCalle 2 de Abril #8<br \/>\nCentro de la ciudad<br \/>\nHidalgo del Parral, Chihuahua<\/div>\n<p><iframe loading=\"lazy\" style=\"border: 0;\" src=\"https:\/\/www.google.com\/maps\/embed?pb=!1m18!1m12!1m3!1d815.4684503589729!2d-105.66022826871517!3d26.932088371736988!2m3!1f0!2f0!3f0!3m2!1i1024!2i768!4f13.1!3m3!1m2!1s0x0%3A0x0!2zMjbCsDU1JzU1LjUiTiAxMDXCsDM5JzM2LjIiVw!5e0!3m2!1ses-419!2smx!4v1502082654415\" width=\"350\" height=\"300\" frameborder=\"0\" allowfullscreen=\"allowfullscreen\"><\/iframe><\/p>\n<p><strong>Informaci\u00f3n de la direcci\u00f3n del museo<\/strong><\/p>\n<p><img loading=\"lazy\" class=\"\" src=\"http:\/\/www.visita-chihuahua.com\/images\/HIDALGO-DEL-PARRAL\/catedral.jpg\" alt=\"Resultado de imagen para hidalgo del parral chihuahua\" width=\"255\" height=\"170\" \/>\u00a0<img loading=\"lazy\" class=\"\" src=\"http:\/\/s10.postimg.cc\/nkfgtq8fd\/FB_20160319_20_52_32_Saved_Picture.jpg\" alt=\"Resultado de imagen para hidalgo del parral chihuahua\" width=\"170\" height=\"170\" \/>\u00a0<img loading=\"lazy\" class=\"\" src=\"https:\/\/www.mexicodesconocido.com.mx\/sites\/default\/files\/styles\/adaptive\/public\/nodes\/3528\/jinetes_hidalgo_del_parral.jpg\" alt=\"Resultado de imagen para hidalgo del parral chihuahua\" width=\"332\" height=\"169\" \/><\/p>\n<div style=\"text-align: justify;\">Parral fue en un tiempo un centro minero muy activo y en los \u00faltimos a\u00f1os compa\u00f1\u00edas mineras canadienses y chinas se han interesado por reanudar actividades en la zona. En\u00a01567, fueron establecidas las minas de\u00a0plata\u00a0de\u00a0Santa B\u00e1rbara, en territorio de los indios\u00a0conchos. En la \u00e9poca colonial la regi\u00f3n de Parral tuvo un gran desarrollo como centro minero, agr\u00edcola y ganadero.<\/div>\n<p>&nbsp;<\/p>\n<div><strong>Tel\u00e9fono<\/strong>: (627) 523-3918<\/div>\n<p>&nbsp;<\/p>\n<div><strong>Horario<\/strong><br \/>\nMartes a Domingo de 10 a.m. a 5 p.m.<\/div>\n<p>&nbsp;<\/p>\n<div><strong>Datos generales<\/strong><\/div>\n<div>Museo Galer\u00eda, se cre\u00f3 en una casa completa con muebles de los a\u00f1os 20\u2019 y de otra \u00e9pocas.<br \/>\nUna sala intermedia con distintas colecciones, tres salas tem\u00e1ticas que consisten en una tienda, una\u00a0 sala de correos y miner\u00eda.<br \/>\nUna sala dedicada a la agricultura y ganader\u00eda.<br \/>\nUna sala para toda clase de expresiones art\u00edsticas como pintura, escultura etc., dem\u00e1s figuras de animales.<br \/>\nCuenta con una exposici\u00f3n\u00a0 natural que es el arte con moto-sierra del escultor Edgar Portillo Mu\u00f1oz de la Ciudad de Chihuahua.<br \/>\nSus piezas itinerantes han recorrido el Estado\u00a0 de Chihuahua.<\/div>\n<p>&nbsp;<\/p>\n<div><strong>Redes sociales<\/strong><br \/>\nFacebook:\u00a0<a href=\"https:\/\/www.facebook.com\/Museo-Parral-De-Mis-RecuerdosCaf%C3%A9-Bohemio-893916367391584\/\" target=\"_blank\" rel=\"noopener\">Museo Parral De Mis Recuerdos\/Caf\u00e9 Bohemio<\/a><\/div>\n<hr \/>\n<h3 style=\"text-align: center;\">Responsable del Museo<\/h3>\n<div style=\"text-align: center;\"><img loading=\"lazy\" class=\"alignnone size-medium wp-image-718\" src=\"http:\/\/remunomex.uas.edu.mx\/wp-content\/uploads\/2017\/06\/Responsable-de-Museo-Parral-de-mis-recuerdos-Mar\u00eda-Dolores-Loredo-Rocha-295x300.jpg\" alt=\"\" width=\"295\" height=\"300\" srcset=\"http:\/\/remunomex.uas.edu.mx\/wp-content\/uploads\/2017\/06\/Responsable-de-Museo-Parral-de-mis-recuerdos-Mar\u00eda-Dolores-Loredo-Rocha-295x300.jpg 295w, http:\/\/remunomex.uas.edu.mx\/wp-content\/uploads\/2017\/06\/Responsable-de-Museo-Parral-de-mis-recuerdos-Mar\u00eda-Dolores-Loredo-Rocha.jpg 552w\" sizes=\"(max-width: 295px) 100vw, 295px\" \/><\/div>\n<div style=\"text-align: center;\">Mar\u00eda Dolores Loredo Rocha<\/div>\n","protected":false},"excerpt":{"rendered":"<p>&nbsp; Direcci\u00f3n Calle 2 de Abril #8 Centro de la ciudad Hidalgo del Parral, Chihuahua Informaci\u00f3n de la direcci\u00f3n del<\/p>\n","protected":false},"author":1,"featured_media":0,"parent":0,"menu_order":0,"comment_status":"closed","ping_status":"closed","template":"","meta":[],"_links":{"self":[{"href":"http:\/\/remunomex.uas.edu.mx\/index.php\/wp-json\/wp\/v2\/pages\/150"}],"collection":[{"href":"http:\/\/remunomex.uas.edu.mx\/index.php\/wp-json\/wp\/v2\/pages"}],"about":[{"href":"http:\/\/remunomex.uas.edu.mx\/index.php\/wp-json\/wp\/v2\/types\/page"}],"author":[{"embeddable":true,"href":"http:\/\/remunomex.uas.edu.mx\/index.php\/wp-json\/wp\/v2\/users\/1"}],"replies":[{"embeddable":true,"href":"http:\/\/remunomex.uas.edu.mx\/index.php\/wp-json\/wp\/v2\/comments?post=150"}],"version-history":[{"count":14,"href":"http:\/\/remunomex.uas.edu.mx\/index.php\/wp-json\/wp\/v2\/pages\/150\/revisions"}],"predecessor-version":[{"id":1342,"href":"http:\/\/remunomex.uas.edu.mx\/index.php\/wp-json\/wp\/v2\/pages\/150\/revisions\/1342"}],"wp:attachment":[{"href":"http:\/\/remunomex.uas.edu.mx\/index.php\/wp-json\/wp\/v2\/media?parent=150"}],"curies":[{"name":"wp","href":"https:\/\/api.w.org\/{rel}","templated":true}]}}