{"id":151,"date":"2017-06-25T04:52:02","date_gmt":"2017-06-25T04:52:02","guid":{"rendered":"http:\/\/remunomex.uas.edu.mx\/?page_id=151"},"modified":"2019-01-03T21:34:54","modified_gmt":"2019-01-03T21:34:54","slug":"museo-norawa","status":"publish","type":"page","link":"http:\/\/remunomex.uas.edu.mx\/index.php\/museo-norawa\/","title":{"rendered":"MUSEO NORAWA"},"content":{"rendered":"\n\t\t<!-- MasterSlider -->\n\t\t<div id=\"P_MS69e1c4b266d81\" class=\"master-slider-parent msl ms-parent-id-7\" style=\"max-width:945px;\">\n\n\t\t\t\n\t\t\t<!-- MasterSlider Main -->\n\t\t\t<div id=\"MS69e1c4b266d81\" class=\"master-slider ms-skin-light-6 round-skin\" >\n\t\t\t\t \t\t\t\t \n\t\t\t\t<div  class=\"ms-slide\" data-delay=\"3\" data-fill-mode=\"fill\"  >\n\t\t\t\t\t<img src=\"http:\/\/remunomex.uas.edu.mx\/wp-content\/plugins\/master-slider\/public\/assets\/css\/blank.gif\" alt=\"\" title=\"\" data-src=\"http:\/\/remunomex.uas.edu.mx\/wp-content\/uploads\/2017\/08\/Museo-Norawa-4.jpg\" \/>\n\n\n\t<div class=\"ms-thumb\" ><div class=\"ms-tab-context\"><div class=&quot;ms-tab-context&quot;><\/div><\/div>\n<\/div>\n\t\t\t\t<\/div>\n\t\t\t\t<div  class=\"ms-slide\" data-delay=\"3\" data-fill-mode=\"fill\"  >\n\t\t\t\t\t<img src=\"http:\/\/remunomex.uas.edu.mx\/wp-content\/plugins\/master-slider\/public\/assets\/css\/blank.gif\" alt=\"\" title=\"\" data-src=\"http:\/\/remunomex.uas.edu.mx\/wp-content\/uploads\/2017\/08\/Museo-Norawa-2.jpg\" \/>\n\n\n\t<div class=\"ms-thumb\" ><div class=\"ms-tab-context\"><div class=&quot;ms-tab-context&quot;><\/div><\/div>\n<\/div>\n\t\t\t\t<\/div>\n\t\t\t\t<div  class=\"ms-slide\" data-delay=\"3\" data-fill-mode=\"fill\"  >\n\t\t\t\t\t<img src=\"http:\/\/remunomex.uas.edu.mx\/wp-content\/plugins\/master-slider\/public\/assets\/css\/blank.gif\" alt=\"\" title=\"\" data-src=\"http:\/\/remunomex.uas.edu.mx\/wp-content\/uploads\/2017\/08\/Museo-Norawa-1.jpg\" \/>\n\n\n\t<div class=\"ms-thumb\" ><div class=\"ms-tab-context\"><div class=&quot;ms-tab-context&quot;><\/div><\/div>\n<\/div>\n\t\t\t\t<\/div>\n\t\t\t\t<div  class=\"ms-slide\" data-delay=\"3\" data-fill-mode=\"fill\"  >\n\t\t\t\t\t<img src=\"http:\/\/remunomex.uas.edu.mx\/wp-content\/plugins\/master-slider\/public\/assets\/css\/blank.gif\" alt=\"\" title=\"\" data-src=\"http:\/\/remunomex.uas.edu.mx\/wp-content\/uploads\/2017\/08\/Museo-Norawa-5.jpg\" \/>\n\n\n\t<div class=\"ms-thumb\" ><div class=\"ms-tab-context\"><div class=&quot;ms-tab-context&quot;><\/div><\/div>\n<\/div>\n\t\t\t\t<\/div>\n\t\t\t\t<div  class=\"ms-slide\" data-delay=\"3\" data-fill-mode=\"fill\"  >\n\t\t\t\t\t<img src=\"http:\/\/remunomex.uas.edu.mx\/wp-content\/plugins\/master-slider\/public\/assets\/css\/blank.gif\" alt=\"\" title=\"\" data-src=\"http:\/\/remunomex.uas.edu.mx\/wp-content\/uploads\/2017\/08\/Museo-Norawa-3.jpg\" \/>\n\n\n\t<div class=\"ms-thumb\" ><div class=\"ms-tab-context\"><div class=&quot;ms-tab-context&quot;><\/div><\/div>\n<\/div>\n\t\t\t\t<\/div>\n\n\t\t\t<\/div>\n\t\t\t<!-- END MasterSlider Main -->\n\n\t\t\t \n\t\t<\/div>\n\t\t<!-- END MasterSlider -->\n\n\t\t<script>\n\t\t(function ( $ ) {\n\t\t\t\"use strict\";\n\n\t\t\t$(function () {\n\t\t\t\tvar masterslider_6d81 = new MasterSlider();\n\n\t\t\t\t\/\/ slider controls\n\t\t\t\tmasterslider_6d81.control('arrows'     ,{ autohide:true, overVideo:true  });\t\t\t\tmasterslider_6d81.control('bullets'    ,{ autohide:false, overVideo:true, dir:'h', align:'bottom' , margin:10  });\n\n\t\t\t\tmasterslider_6d81.control('scrollbar'  ,{ autohide:true, overVideo:true, dir:'h', inset:true, align:'top', color:'#404040' , margin:10  , width:4 });\n\t\t\t\t\/\/ slider setup\n\t\t\t\tmasterslider_6d81.setup(\"MS69e1c4b266d81\", {\n\t\t\t\t\t\twidth           : 800,\n\t\t\t\t\t\theight          : 480,\n\t\t\t\t\t\tminHeight       : 0,\n\t\t\t\t\t\tspace           : 0,\n\t\t\t\t\t\tstart           : 1,\n\t\t\t\t\t\tgrabCursor      : true,\n\t\t\t\t\t\tswipe           : true,\n\t\t\t\t\t\tmouse           : true,\n\t\t\t\t\t\tlayout          : \"boxed\",\n\t\t\t\t\t\twheel           : false,\n\t\t\t\t\t\tautoplay        : false,\n\t\t\t\t\t\tinstantStartLayers:false,\n\t\t\t\t\t\tloop            : false,\n\t\t\t\t\t\tshuffle         : false,\n\t\t\t\t\t\tpreload         : 0,\n\t\t\t\t\t\theightLimit     : true,\n\t\t\t\t\t\tautoHeight      : false,\n\t\t\t\t\t\tsmoothHeight    : true,\n\t\t\t\t\t\tendPause        : false,\n\t\t\t\t\t\toverPause       : true,\n\t\t\t\t\t\tfillMode        : \"fill\",\n\t\t\t\t\t\tcenterControls  : false,\n\t\t\t\t\t\tstartOnAppear   : false,\n\t\t\t\t\t\tlayersMode      : \"center\",\n\t\t\t\t\t\thideLayers      : false,\n\t\t\t\t\t\tfullscreenMargin: 0,\n\t\t\t\t\t\tspeed           : 20,\n\t\t\t\t\t\tdir             : \"h\",\n\t\t\t\t\t\tparallaxMode    : 'swipe',\n\t\t\t\t\t\tview            : \"basic\"\n\t\t\t\t});\n\n\t\t\t\t\n\t\t\t\twindow.masterslider_instances = window.masterslider_instances || [];\n\t\t\t\twindow.masterslider_instances.push( masterslider_6d81 );\n\t\t\t });\n\n\t\t})(jQuery);\n\t\t<\/script>\n\n\n<hr \/>\n<p>&nbsp;<\/p>\n<div id=\"informacion\"><strong>Direcci\u00f3n<\/strong><br \/>\nAv. De las Garzas S\/N<br \/>\nCol. Haciendas<br \/>\nGuachochi, Chihuahua<\/div>\n<p><iframe loading=\"lazy\" style=\"border: 0;\" src=\"https:\/\/www.google.com\/maps\/embed?pb=!1m18!1m12!1m3!1d14240.726776732323!2d-107.0819981781365!3d26.83417272638754!2m3!1f0!2f0!3f0!3m2!1i1024!2i768!4f13.1!3m3!1m2!1s0x86be4d0dbf756e9d%3A0x921c5bd8ea4a1396!2sLa+Hacienda%2C+33180+Guachochi%2C+Chih.%2C+M%C3%A9xico!5e0!3m2!1ses!2sus!4v1502051724429\" width=\"350\" height=\"300\" frameborder=\"0\" allowfullscreen=\"allowfullscreen\"><\/iframe><\/p>\n<p><strong>Informaci\u00f3n de la direcci\u00f3n del museo<\/strong><\/p>\n<p><img loading=\"lazy\" class=\"\" src=\"https:\/\/foodandtravel.mx\/wp-content\/uploads\/2016\/01\/DSC68381.jpg\" alt=\"Imagen relacionada\" width=\"246\" height=\"163\" \/>\u00a0<img loading=\"lazy\" class=\"\" src=\"https:\/\/i.ytimg.com\/vi\/GnKeNiaJN5Y\/maxresdefault.jpg\" alt=\"Resultado de imagen para guachochi chihuahua\" width=\"290\" height=\"162\" \/>\u00a0<img loading=\"lazy\" class=\"\" src=\"https:\/\/eldiariodechihuahua.mx\/imagesnotas\/2017\/10\/EST13286694b191059_0.jpg\" alt=\"Resultado de imagen para guachochi chihuahua\" width=\"258\" height=\"162\" \/><\/p>\n<div style=\"text-align: justify;\">La actual ciudad de Guachochi fue fundada a mediados del\u00a0Siglo XVIII\u00a0por religiosos\u00a0jesuitas\u00a0con el car\u00e1cter de pueblo de visita, es decir, que no contaba con un sacerdote residente permanente, por lo que depend\u00eda de un pueblo de misi\u00f3n. Durante mucho tiempo fue un muy peque\u00f1o asentamiento de origen espa\u00f1ol y mestizo en cuyos alrededores se ubican numerosas rancher\u00edas rar\u00e1muris, ya que el lugar era una especie de laguna variable por el suelo barroso, terreno pantanoso al que llegaban numerosas aves migrantes, de donde le viene el nombre.<\/div>\n<p><strong>Tel\u00e9fono<\/strong>: (649) 543-2145<\/p>\n<div><strong>Horario<\/strong><br \/>\nLunes a Viernes de 9 a.m. a 1 p.m. y de 3 p.m. a 5 p.m<\/div>\n<div>S\u00e1bado y Domingo de 9 a.m. a 3 p.m.<\/div>\n<p>&nbsp;<\/p>\n<div><strong>Datos generales<\/strong><br \/>\nExpone la historia del nacimiento del municipio, resaltando principalmente la vida de los rar\u00e1muris o tarahumaras como fundamento, vida, inicio y desarrollo de esta regi\u00f3n serrana de Chihuahua.<br \/>\nResalta la llegada de las primeras familias mestizas a la regi\u00f3n y convivencia con esta etnia.<br \/>\nCuenta con <span style=\"color: #ff0000;\">tienda de artesan\u00edas<\/span>, donde los artesanos venden sus productos.<\/div>\n<p>&nbsp;<\/p>\n<div><strong>Fecha de fundaci\u00f3n<\/strong><\/div>\n<div>29 de junio de 1998.<\/div>\n<hr \/>\n<h3 style=\"text-align: center;\">Responsable del Museo<\/h3>\n<p><img loading=\"lazy\" class=\"size-medium wp-image-697 aligncenter\" src=\"http:\/\/remunomex.uas.edu.mx\/wp-content\/uploads\/2017\/06\/Responsable-Museo-de-Norawa-Maria-Antonia-Razcon-Ceballos-168x300.jpg\" alt=\"\" width=\"168\" height=\"300\" srcset=\"http:\/\/remunomex.uas.edu.mx\/wp-content\/uploads\/2017\/06\/Responsable-Museo-de-Norawa-Maria-Antonia-Razcon-Ceballos-168x300.jpg 168w, http:\/\/remunomex.uas.edu.mx\/wp-content\/uploads\/2017\/06\/Responsable-Museo-de-Norawa-Maria-Antonia-Razcon-Ceballos-575x1024.jpg 575w, http:\/\/remunomex.uas.edu.mx\/wp-content\/uploads\/2017\/06\/Responsable-Museo-de-Norawa-Maria-Antonia-Razcon-Ceballos.jpg 584w\" sizes=\"(max-width: 168px) 100vw, 168px\" \/><\/p>\n<p style=\"text-align: center;\">Mar\u00eda Antonia Razcon Ceballos<\/p>\n","protected":false},"excerpt":{"rendered":"<p>&nbsp; Direcci\u00f3n Av. De las Garzas S\/N Col. Haciendas Guachochi, Chihuahua Informaci\u00f3n de la direcci\u00f3n del museo \u00a0\u00a0 La actual<\/p>\n","protected":false},"author":1,"featured_media":0,"parent":0,"menu_order":0,"comment_status":"closed","ping_status":"closed","template":"","meta":[],"_links":{"self":[{"href":"http:\/\/remunomex.uas.edu.mx\/index.php\/wp-json\/wp\/v2\/pages\/151"}],"collection":[{"href":"http:\/\/remunomex.uas.edu.mx\/index.php\/wp-json\/wp\/v2\/pages"}],"about":[{"href":"http:\/\/remunomex.uas.edu.mx\/index.php\/wp-json\/wp\/v2\/types\/page"}],"author":[{"embeddable":true,"href":"http:\/\/remunomex.uas.edu.mx\/index.php\/wp-json\/wp\/v2\/users\/1"}],"replies":[{"embeddable":true,"href":"http:\/\/remunomex.uas.edu.mx\/index.php\/wp-json\/wp\/v2\/comments?post=151"}],"version-history":[{"count":9,"href":"http:\/\/remunomex.uas.edu.mx\/index.php\/wp-json\/wp\/v2\/pages\/151\/revisions"}],"predecessor-version":[{"id":1338,"href":"http:\/\/remunomex.uas.edu.mx\/index.php\/wp-json\/wp\/v2\/pages\/151\/revisions\/1338"}],"wp:attachment":[{"href":"http:\/\/remunomex.uas.edu.mx\/index.php\/wp-json\/wp\/v2\/media?parent=151"}],"curies":[{"name":"wp","href":"https:\/\/api.w.org\/{rel}","templated":true}]}}