{"id":155,"date":"2017-06-25T04:53:48","date_gmt":"2017-06-25T04:53:48","guid":{"rendered":"http:\/\/remunomex.uas.edu.mx\/?page_id=155"},"modified":"2019-01-03T19:04:26","modified_gmt":"2019-01-03T19:04:26","slug":"museo-casa-de-la-cultura-manuel-ojinaga","status":"publish","type":"page","link":"http:\/\/remunomex.uas.edu.mx\/index.php\/museo-casa-de-la-cultura-manuel-ojinaga\/","title":{"rendered":"MUSEO CASA DE LA CULTURA MANUEL OJINAGA"},"content":{"rendered":"\n\t\t<!-- MasterSlider -->\n\t\t<div id=\"P_MS69f456558b05c\" class=\"master-slider-parent msl ms-parent-id-5\" style=\"max-width:945px;\">\n\n\t\t\t\n\t\t\t<!-- MasterSlider Main -->\n\t\t\t<div id=\"MS69f456558b05c\" class=\"master-slider ms-skin-light-6 round-skin\" >\n\t\t\t\t \t\t\t\t \n\t\t\t\t<div  class=\"ms-slide\" data-delay=\"3\" data-fill-mode=\"fit\"  >\n\t\t\t\t\t<img src=\"http:\/\/remunomex.uas.edu.mx\/wp-content\/plugins\/master-slider\/public\/assets\/css\/blank.gif\" alt=\"\" title=\"\" data-src=\"http:\/\/remunomex.uas.edu.mx\/wp-content\/uploads\/2017\/08\/CASA-DE-LA-CULTURA-MANUEL-OJINAGA-1.jpg\" \/>\n\n\n\t<div class=\"ms-thumb\" ><div class=\"ms-tab-context\"><div class=&quot;ms-tab-context&quot;><\/div><\/div>\n<\/div>\n\t\t\t\t<\/div>\n\t\t\t\t<div  class=\"ms-slide\" data-delay=\"3\" data-fill-mode=\"fit\"  >\n\t\t\t\t\t<img src=\"http:\/\/remunomex.uas.edu.mx\/wp-content\/plugins\/master-slider\/public\/assets\/css\/blank.gif\" alt=\"\" title=\"\" data-src=\"http:\/\/remunomex.uas.edu.mx\/wp-content\/uploads\/2017\/08\/CASA-DE-LA-CULTURA-MANUEL-OJINAGA-2.jpg\" \/>\n\n\n\t<div class=\"ms-thumb\" ><div class=\"ms-tab-context\"><div class=&quot;ms-tab-context&quot;><\/div><\/div>\n<\/div>\n\t\t\t\t<\/div>\n\t\t\t\t<div  class=\"ms-slide\" data-delay=\"3\" data-fill-mode=\"fit\"  >\n\t\t\t\t\t<img src=\"http:\/\/remunomex.uas.edu.mx\/wp-content\/plugins\/master-slider\/public\/assets\/css\/blank.gif\" alt=\"\" title=\"\" data-src=\"http:\/\/remunomex.uas.edu.mx\/wp-content\/uploads\/2017\/08\/CASA-DE-LA-CULTURA-MANUEL-OJINAGA-4.jpg\" \/>\n\n\n\t<div class=\"ms-thumb\" ><div class=\"ms-tab-context\"><div class=&quot;ms-tab-context&quot;><\/div><\/div>\n<\/div>\n\t\t\t\t<\/div>\n\t\t\t\t<div  class=\"ms-slide\" data-delay=\"3\" data-fill-mode=\"fill\"  >\n\t\t\t\t\t<img src=\"http:\/\/remunomex.uas.edu.mx\/wp-content\/plugins\/master-slider\/public\/assets\/css\/blank.gif\" alt=\"\" title=\"\" data-src=\"http:\/\/remunomex.uas.edu.mx\/wp-content\/uploads\/2017\/08\/CASA-DE-LA-CULTURA-MANUEL-OJINAGA-3.jpg\" \/>\n\n\n\t<div class=\"ms-thumb\" ><div class=\"ms-tab-context\"><div class=&quot;ms-tab-context&quot;><\/div><\/div>\n<\/div>\n\t\t\t\t<\/div>\n\t\t\t\t<div  class=\"ms-slide\" data-delay=\"3\" data-fill-mode=\"fit\"  >\n\t\t\t\t\t<img src=\"http:\/\/remunomex.uas.edu.mx\/wp-content\/plugins\/master-slider\/public\/assets\/css\/blank.gif\" alt=\"\" title=\"\" data-src=\"http:\/\/remunomex.uas.edu.mx\/wp-content\/uploads\/2017\/08\/CASA-DE-LA-CULTURA-MANUEL-OJINAGA-6.jpg\" \/>\n\n\n\t<div class=\"ms-thumb\" ><div class=\"ms-tab-context\"><div class=&quot;ms-tab-context&quot;><\/div><\/div>\n<\/div>\n\t\t\t\t<\/div>\n\t\t\t\t<div  class=\"ms-slide\" data-delay=\"3\" data-fill-mode=\"fit\"  >\n\t\t\t\t\t<img src=\"http:\/\/remunomex.uas.edu.mx\/wp-content\/plugins\/master-slider\/public\/assets\/css\/blank.gif\" alt=\"\" title=\"\" data-src=\"http:\/\/remunomex.uas.edu.mx\/wp-content\/uploads\/2017\/08\/CASA-DE-LA-CULTURA-MANUEL-OJINAGA-5.jpg\" \/>\n\n\n\t<div class=\"ms-thumb\" ><div class=\"ms-tab-context\"><div class=&quot;ms-tab-context&quot;><\/div><\/div>\n<\/div>\n\t\t\t\t<\/div>\n\n\t\t\t<\/div>\n\t\t\t<!-- END MasterSlider Main -->\n\n\t\t\t \n\t\t<\/div>\n\t\t<!-- END MasterSlider -->\n\n\t\t<script>\n\t\t(function ( $ ) {\n\t\t\t\"use strict\";\n\n\t\t\t$(function () {\n\t\t\t\tvar masterslider_b05c = new MasterSlider();\n\n\t\t\t\t\/\/ slider controls\n\t\t\t\tmasterslider_b05c.control('arrows'     ,{ autohide:true, overVideo:true  });\t\t\t\tmasterslider_b05c.control('bullets'    ,{ autohide:false, overVideo:true, dir:'h', align:'bottom' , margin:10  });\n\n\t\t\t\tmasterslider_b05c.control('scrollbar'  ,{ autohide:true, overVideo:true, dir:'h', inset:true, align:'top', color:'#404040' , margin:10  , width:4 });\n\t\t\t\t\/\/ slider setup\n\t\t\t\tmasterslider_b05c.setup(\"MS69f456558b05c\", {\n\t\t\t\t\t\twidth           : 800,\n\t\t\t\t\t\theight          : 480,\n\t\t\t\t\t\tminHeight       : 0,\n\t\t\t\t\t\tspace           : 0,\n\t\t\t\t\t\tstart           : 1,\n\t\t\t\t\t\tgrabCursor      : true,\n\t\t\t\t\t\tswipe           : true,\n\t\t\t\t\t\tmouse           : true,\n\t\t\t\t\t\tlayout          : \"boxed\",\n\t\t\t\t\t\twheel           : false,\n\t\t\t\t\t\tautoplay        : false,\n\t\t\t\t\t\tinstantStartLayers:false,\n\t\t\t\t\t\tloop            : false,\n\t\t\t\t\t\tshuffle         : false,\n\t\t\t\t\t\tpreload         : 0,\n\t\t\t\t\t\theightLimit     : true,\n\t\t\t\t\t\tautoHeight      : false,\n\t\t\t\t\t\tsmoothHeight    : true,\n\t\t\t\t\t\tendPause        : false,\n\t\t\t\t\t\toverPause       : true,\n\t\t\t\t\t\tfillMode        : \"fill\",\n\t\t\t\t\t\tcenterControls  : false,\n\t\t\t\t\t\tstartOnAppear   : false,\n\t\t\t\t\t\tlayersMode      : \"center\",\n\t\t\t\t\t\thideLayers      : false,\n\t\t\t\t\t\tfullscreenMargin: 0,\n\t\t\t\t\t\tspeed           : 20,\n\t\t\t\t\t\tdir             : \"h\",\n\t\t\t\t\t\tparallaxMode    : 'swipe',\n\t\t\t\t\t\tview            : \"basic\"\n\t\t\t\t});\n\n\t\t\t\t\n\t\t\t\twindow.masterslider_instances = window.masterslider_instances || [];\n\t\t\t\twindow.masterslider_instances.push( masterslider_b05c );\n\t\t\t });\n\n\t\t})(jQuery);\n\t\t<\/script>\n\n\n<hr \/>\n<p>&nbsp;<\/p>\n<div id=\"informacion\"><strong>Direcci\u00f3n<\/strong><br \/>\nBoulevard Libre Comercio y calle Morelos 1401<br \/>\nCol. Constituci\u00f3n, C.P. 32880<br \/>\nOjinaga, Chihuahua<\/div>\n<p><iframe loading=\"lazy\" style=\"border: 0;\" src=\"https:\/\/www.google.com\/maps\/embed?pb=!1m18!1m12!1m3!1d867.6364151765852!2d-104.40394907078526!3d29.558722898878827!2m3!1f0!2f0!3f0!3m2!1i1024!2i768!4f13.1!3m3!1m2!1s0x0%3A0x941ecc378fd8f0e3!2sMuseo+Cultural+de+Manuel+Ojinaga!5e0!3m2!1ses!2sus!4v1501982530860\" width=\"350\" height=\"300\" frameborder=\"0\" allowfullscreen=\"allowfullscreen\"><\/iframe><\/p>\n<p><strong>Informaci\u00f3n de la direcci\u00f3n del museo<\/strong><\/p>\n<p><img loading=\"lazy\" class=\"\" src=\"https:\/\/c1.staticflickr.com\/3\/2044\/2177019678_8b4419b6b8_b.jpg\" alt=\"Imagen relacionada\" width=\"210\" height=\"158\" \/>\u00a0<img loading=\"lazy\" class=\"\" src=\"http:\/\/www.eldictamendeojinaga.com.mx\/wp-content\/uploads\/2016\/12\/20161214_073239.jpg\" alt=\"Resultado de imagen para ojinaga chihuahua\" width=\"315\" height=\"157\" \/>\u00a0<img loading=\"lazy\" class=\"\" src=\"http:\/\/laopcion.com.mx\/assets\/2014\/june\/02\/e3d4WgJrpd3.jpg\" alt=\"Resultado de imagen para ojinaga chihuahua\" width=\"243\" height=\"158\" \/><\/p>\n<div style=\"text-align: justify;\">Actualmente, Ojinaga es la segunda ciudad fronteriza en importancia del estado de Chihuahua, despu\u00e9s de\u00a0Ciudad Ju\u00e1rez, en ella se encuentra asentada industria maquiladora. Est\u00e1 comunicada con el resto del estado y el pa\u00eds a trav\u00e9s de una autopista de cuota y otra libre, adem\u00e1s del\u00a0Ferrocarril Chihuahua al Pac\u00edfico. El recorrido por carretera hasta la ciudad de Chihuahua, capital del estado de Chihuahua, es de aproximadamente 3 horas. Teniendo como paisajes grandes extensiones del desierto chihuahuense donde tambi\u00e9n est\u00e1n asentados algunos campos menonitas.<\/div>\n<p>&nbsp;<\/p>\n<div><strong>Tel\u00e9fono:<\/strong> (626) 100-0459<\/div>\n<p>&nbsp;<\/p>\n<div><strong>Horario<br \/>\n<\/strong>Lunes a Viernes de 9 a.m. a 1 p.m. y de 4 p.m. a 6 p.m.<br \/>\nFlexible a cambios dependiendo de los eventos programados.<\/div>\n<p>&nbsp;<\/p>\n<div><strong>Datos generales<\/strong><\/div>\n<div>Breve historia de la casa de la cultura:<br \/>\nEl Patronato Cultural Amigos de Ojinaga A.C. existente desde 1992 se adhiere a un programa de Gobierno llamado Museos Comunitarios, Se inici\u00f3 con el proyecto de establecer en las escuelas un espacio para el arte donde los mismos ni\u00f1os llevaban objetos antiguos o de historia regional para exhibir, posteriormente el Profr. Armando Acosta ubica estas y otras piezas en un aula de SEECH (Servicios Educativos del Estado de Chihuahua Regi\u00f3n Ojinaga). Por gesti\u00f3n de la Maestra Estela D\u00edaz miembro del patronato, ubica este\u00a0<i>museo caminante<\/i>\u00a0en la Biblioteca Municipal, hasta que en el a\u00f1o 2002 se inaugura el Museo Casa de la Cultura Manuel Ojinaga. Recinto construido por el Arquitecto Alberto Rubio Rodr\u00edguez.<\/div>\n<p>&nbsp;<\/p>\n<div><strong>Actividades<\/strong><\/div>\n<div>Talleres de pintura, m\u00fasica, danza.<br \/>\nSe imparten Conferencias, Cine, Exposiciones de artes pl\u00e1sticas, Presentaciones de libros, Exposiciones de pintura y fotograf\u00eda.<\/div>\n<p>&nbsp;<\/p>\n<div><strong>Fecha de fundaci\u00f3n<\/strong><\/div>\n<div>1 de Noviembre de 2002.<\/div>\n<p>&nbsp;<\/p>\n<div><strong>Redes sociales<br \/>\n<\/strong>Facebook: <a id=\"js_12m\" class=\"profileLink\" href=\"https:\/\/www.facebook.com\/museocasadelacultura.manuelojinaga?hc_ref=ART4_av1Od15_5lU-XxnkhNs5M2j26cHyW7zUqAday0FhWJwuECENfgwOeeGBLoki0Q\" target=\"_blank\" rel=\"noopener\" data-ft=\"{&quot;tn&quot;:&quot;l&quot;}\" data-hovercard=\"\/ajax\/hovercard\/user.php?id=100003885080897&amp;extragetparams=%7B%22hc_ref%22%3A%22ART4_av1Od15_5lU-XxnkhNs5M2j26cHyW7zUqAday0FhWJwuECENfgwOeeGBLoki0Q%22%7D\" data-hovercard-prefer-more-content-show=\"1\" data-hovercard-referer=\"ART4_av1Od15_5lU-XxnkhNs5M2j26cHyW7zUqAday0FhWJwuECENfgwOeeGBLoki0Q\" aria-controls=\"js_12k\" aria-haspopup=\"true\" aria-describedby=\"js_12l\">Museo Casa DE LA Cultura Manuel Ojinaga<\/a><\/div>\n<div>Correo electr\u00f3nico:\u00a0museocasadelaculturaojinaga@hotmail.com y grekkos61@hotmail.com<\/div>\n<hr \/>\n<h3 style=\"text-align: center;\">Responsable del Museo<\/h3>\n<div style=\"text-align: center;\"><img loading=\"lazy\" class=\"wp-image-661 size-medium aligncenter\" src=\"http:\/\/remunomex.uas.edu.mx\/wp-content\/uploads\/2017\/06\/RESPONSABLE-CASA-DE-LA-CULTURA-MANUEL-OJINAGA-LIC.-CARLOS-ROHANA.-168x300.jpg\" alt=\"\" width=\"168\" height=\"300\" srcset=\"http:\/\/remunomex.uas.edu.mx\/wp-content\/uploads\/2017\/06\/RESPONSABLE-CASA-DE-LA-CULTURA-MANUEL-OJINAGA-LIC.-CARLOS-ROHANA.-168x300.jpg 168w, http:\/\/remunomex.uas.edu.mx\/wp-content\/uploads\/2017\/06\/RESPONSABLE-CASA-DE-LA-CULTURA-MANUEL-OJINAGA-LIC.-CARLOS-ROHANA.-575x1024.jpg 575w, http:\/\/remunomex.uas.edu.mx\/wp-content\/uploads\/2017\/06\/RESPONSABLE-CASA-DE-LA-CULTURA-MANUEL-OJINAGA-LIC.-CARLOS-ROHANA..jpg 584w\" sizes=\"(max-width: 168px) 100vw, 168px\" \/>Lic. Carlos Rohana<\/div>\n","protected":false},"excerpt":{"rendered":"<p>&nbsp; Direcci\u00f3n Boulevard Libre Comercio y calle Morelos 1401 Col. Constituci\u00f3n, C.P. 32880 Ojinaga, Chihuahua Informaci\u00f3n de la direcci\u00f3n del<\/p>\n","protected":false},"author":1,"featured_media":0,"parent":0,"menu_order":0,"comment_status":"closed","ping_status":"closed","template":"","meta":[],"_links":{"self":[{"href":"http:\/\/remunomex.uas.edu.mx\/index.php\/wp-json\/wp\/v2\/pages\/155"}],"collection":[{"href":"http:\/\/remunomex.uas.edu.mx\/index.php\/wp-json\/wp\/v2\/pages"}],"about":[{"href":"http:\/\/remunomex.uas.edu.mx\/index.php\/wp-json\/wp\/v2\/types\/page"}],"author":[{"embeddable":true,"href":"http:\/\/remunomex.uas.edu.mx\/index.php\/wp-json\/wp\/v2\/users\/1"}],"replies":[{"embeddable":true,"href":"http:\/\/remunomex.uas.edu.mx\/index.php\/wp-json\/wp\/v2\/comments?post=155"}],"version-history":[{"count":35,"href":"http:\/\/remunomex.uas.edu.mx\/index.php\/wp-json\/wp\/v2\/pages\/155\/revisions"}],"predecessor-version":[{"id":1300,"href":"http:\/\/remunomex.uas.edu.mx\/index.php\/wp-json\/wp\/v2\/pages\/155\/revisions\/1300"}],"wp:attachment":[{"href":"http:\/\/remunomex.uas.edu.mx\/index.php\/wp-json\/wp\/v2\/media?parent=155"}],"curies":[{"name":"wp","href":"https:\/\/api.w.org\/{rel}","templated":true}]}}