{"id":158,"date":"2017-06-25T04:54:26","date_gmt":"2017-06-25T04:54:26","guid":{"rendered":"http:\/\/remunomex.uas.edu.mx\/?page_id=158"},"modified":"2019-01-03T22:50:39","modified_gmt":"2019-01-03T22:50:39","slug":"museo-valle-de-allende-panteon-municipal","status":"publish","type":"page","link":"http:\/\/remunomex.uas.edu.mx\/index.php\/museo-valle-de-allende-panteon-municipal\/","title":{"rendered":"MUSEO VALLE DE ALLENDE PANTE\u00d3N MUNICIPAL"},"content":{"rendered":"\n\t\t<!-- MasterSlider -->\n\t\t<div id=\"P_MS69f18dbf77760\" class=\"master-slider-parent msl ms-parent-id-15\" style=\"max-width:945px;\">\n\n\t\t\t\n\t\t\t<!-- MasterSlider Main -->\n\t\t\t<div id=\"MS69f18dbf77760\" class=\"master-slider ms-skin-light-6 round-skin\" >\n\t\t\t\t \t\t\t\t \n\t\t\t\t<div  class=\"ms-slide\" data-delay=\"3\" data-fill-mode=\"fill\"  >\n\t\t\t\t\t<img src=\"http:\/\/remunomex.uas.edu.mx\/wp-content\/plugins\/master-slider\/public\/assets\/css\/blank.gif\" alt=\"\" title=\"\" data-src=\"http:\/\/remunomex.uas.edu.mx\/wp-content\/uploads\/2017\/08\/MUSEO-VALLE-DE-ALLENDE-PANTE\u00d3N-MUNICIPAL-1.jpg\" \/>\n\n\n\t<div class=\"ms-thumb\" ><div class=\"ms-tab-context\"><div class=&quot;ms-tab-context&quot;><\/div><\/div>\n<\/div>\n\t\t\t\t<\/div>\n\t\t\t\t<div  class=\"ms-slide\" data-delay=\"3\" data-fill-mode=\"fill\"  >\n\t\t\t\t\t<img src=\"http:\/\/remunomex.uas.edu.mx\/wp-content\/plugins\/master-slider\/public\/assets\/css\/blank.gif\" alt=\"\" title=\"\" data-src=\"http:\/\/remunomex.uas.edu.mx\/wp-content\/uploads\/2017\/08\/MUSEO-VALLE-DE-ALLENDE-PANTE\u00d3N-MUNICIPAL-2.jpg\" \/>\n\n\n\t<div class=\"ms-thumb\" ><div class=\"ms-tab-context\"><div class=&quot;ms-tab-context&quot;><\/div><\/div>\n<\/div>\n\t\t\t\t<\/div>\n\n\t\t\t<\/div>\n\t\t\t<!-- END MasterSlider Main -->\n\n\t\t\t \n\t\t<\/div>\n\t\t<!-- END MasterSlider -->\n\n\t\t<script>\n\t\t(function ( $ ) {\n\t\t\t\"use strict\";\n\n\t\t\t$(function () {\n\t\t\t\tvar masterslider_7760 = new MasterSlider();\n\n\t\t\t\t\/\/ slider controls\n\t\t\t\tmasterslider_7760.control('arrows'     ,{ autohide:true, overVideo:true  });\t\t\t\tmasterslider_7760.control('bullets'    ,{ autohide:false, overVideo:true, dir:'h', align:'bottom' , margin:10  });\n\n\t\t\t\tmasterslider_7760.control('scrollbar'  ,{ autohide:true, overVideo:true, dir:'h', inset:true, align:'top', color:'#404040' , margin:10  , width:4 });\n\t\t\t\t\/\/ slider setup\n\t\t\t\tmasterslider_7760.setup(\"MS69f18dbf77760\", {\n\t\t\t\t\t\twidth           : 800,\n\t\t\t\t\t\theight          : 480,\n\t\t\t\t\t\tminHeight       : 0,\n\t\t\t\t\t\tspace           : 0,\n\t\t\t\t\t\tstart           : 1,\n\t\t\t\t\t\tgrabCursor      : true,\n\t\t\t\t\t\tswipe           : true,\n\t\t\t\t\t\tmouse           : true,\n\t\t\t\t\t\tlayout          : \"boxed\",\n\t\t\t\t\t\twheel           : false,\n\t\t\t\t\t\tautoplay        : false,\n\t\t\t\t\t\tinstantStartLayers:false,\n\t\t\t\t\t\tloop            : false,\n\t\t\t\t\t\tshuffle         : false,\n\t\t\t\t\t\tpreload         : 0,\n\t\t\t\t\t\theightLimit     : true,\n\t\t\t\t\t\tautoHeight      : false,\n\t\t\t\t\t\tsmoothHeight    : true,\n\t\t\t\t\t\tendPause        : false,\n\t\t\t\t\t\toverPause       : true,\n\t\t\t\t\t\tfillMode        : \"fill\",\n\t\t\t\t\t\tcenterControls  : false,\n\t\t\t\t\t\tstartOnAppear   : false,\n\t\t\t\t\t\tlayersMode      : \"center\",\n\t\t\t\t\t\thideLayers      : false,\n\t\t\t\t\t\tfullscreenMargin: 0,\n\t\t\t\t\t\tspeed           : 20,\n\t\t\t\t\t\tdir             : \"h\",\n\t\t\t\t\t\tparallaxMode    : 'swipe',\n\t\t\t\t\t\tview            : \"basic\"\n\t\t\t\t});\n\n\t\t\t\t\n\t\t\t\twindow.masterslider_instances = window.masterslider_instances || [];\n\t\t\t\twindow.masterslider_instances.push( masterslider_7760 );\n\t\t\t });\n\n\t\t})(jQuery);\n\t\t<\/script>\n\n\n<hr \/>\n<div><strong>Direcci\u00f3n<\/strong><br \/>\nCalle ninguno #0<\/div>\n<div>Colonia Centro, C.P. 33920<\/div>\n<div>Pante\u00f3n Municipal<\/div>\n<div>Allende Chihuahua<\/div>\n<p><iframe loading=\"lazy\" style=\"border: 0;\" src=\"https:\/\/www.google.com\/maps\/embed?pb=!1m18!1m12!1m3!1d10061.032088754971!2d-105.39780019951564!3d26.931663375434013!2m3!1f0!2f0!3f0!3m2!1i1024!2i768!4f13.1!3m3!1m2!1s0x86946731f6cce421%3A0xdab427580298eee2!2sValle+de+Ignacio+Allende%2C+Chih.%2C+M%C3%A9xico!5e0!3m2!1ses!2sus!4v1502251486850\" width=\"350\" height=\"300\" frameborder=\"0\" allowfullscreen=\"allowfullscreen\"><\/iframe><\/p>\n<p><strong>Informaci\u00f3n de la direcci\u00f3n del museo<\/strong><\/p>\n<p><img loading=\"lazy\" class=\"\" src=\"https:\/\/i.ytimg.com\/vi\/_xtkfDb6Xvg\/maxresdefault.jpg\" alt=\"Resultado de imagen para allende chihuahua\" width=\"283\" height=\"159\" \/>\u00a0<img loading=\"lazy\" class=\"\" src=\"https:\/\/inahchihuahua.files.wordpress.com\/2011\/01\/valle2.jpg\" alt=\"Resultado de imagen para allende chihuahua\" width=\"212\" height=\"159\" \/>\u00a0<img loading=\"lazy\" class=\"\" src=\"https:\/\/i.pinimg.com\/originals\/ba\/ed\/64\/baed6412d273ed242a0cdd6d2d308559.jpg\" alt=\"Resultado de imagen para allende chihuahua\" width=\"120\" height=\"160\" \/><\/p>\n<div style=\"text-align: justify;\">\n<p>El\u00a0Municipio de Allende\u00a0es uno de los\u00a067 municipios\u00a0en que se divide el estado mexicano de\u00a0Chihuahua, est\u00e1 situado al sur del territorio, su cabecera,\u00a0Valle de Allende, es una de las m\u00e1s antiguas poblaciones del estado.\u00a0El municipio de Allende se encuentra situado en el sur del estado, colinda al norte con el municipio de\u00a0San Francisco de Conchos, al noreste con el municipio de\u00a0Camargo, al noroeste con el municipio de\u00a0Valle de Zaragoza, al oeste con el municipio de\u00a0Hidalgo del Parral, al suroeste con el municipio de\u00a0Matamoros, al sur con el municipio de\u00a0Coronado, al este con el municipio de\u00a0Jim\u00e9nez\u00a0y con el municipio de\u00a0L\u00f3pez.<\/p>\n<p>&nbsp;<\/p>\n<div><strong>Tel\u00e9fono<\/strong>: (628) 546-00-11<\/div>\n<p>&nbsp;<\/p>\n<div><strong>Horarios y costos<\/strong><br \/>\nMartes y s\u00e1bados de 5 p.m. a 6 p.m.<\/div>\n<p>&nbsp;<\/p>\n<div><strong>Datos generales<\/strong><br \/>\nEl Museo nos da una vista de la historia del Valle de Allende, La nuez.<\/div>\n<hr \/>\n<h3 style=\"text-align: center;\">Responsable del Museo<\/h3>\n<div style=\"text-align: center;\">Luis Humberto Beltr\u00e1n<\/div>\n<div><\/div>\n<\/div>\n","protected":false},"excerpt":{"rendered":"<p>Direcci\u00f3n Calle ninguno #0 Colonia Centro, C.P. 33920 Pante\u00f3n Municipal Allende Chihuahua Informaci\u00f3n de la direcci\u00f3n del museo \u00a0\u00a0 El\u00a0Municipio<\/p>\n","protected":false},"author":1,"featured_media":0,"parent":0,"menu_order":0,"comment_status":"closed","ping_status":"closed","template":"","meta":[],"_links":{"self":[{"href":"http:\/\/remunomex.uas.edu.mx\/index.php\/wp-json\/wp\/v2\/pages\/158"}],"collection":[{"href":"http:\/\/remunomex.uas.edu.mx\/index.php\/wp-json\/wp\/v2\/pages"}],"about":[{"href":"http:\/\/remunomex.uas.edu.mx\/index.php\/wp-json\/wp\/v2\/types\/page"}],"author":[{"embeddable":true,"href":"http:\/\/remunomex.uas.edu.mx\/index.php\/wp-json\/wp\/v2\/users\/1"}],"replies":[{"embeddable":true,"href":"http:\/\/remunomex.uas.edu.mx\/index.php\/wp-json\/wp\/v2\/comments?post=158"}],"version-history":[{"count":12,"href":"http:\/\/remunomex.uas.edu.mx\/index.php\/wp-json\/wp\/v2\/pages\/158\/revisions"}],"predecessor-version":[{"id":1366,"href":"http:\/\/remunomex.uas.edu.mx\/index.php\/wp-json\/wp\/v2\/pages\/158\/revisions\/1366"}],"wp:attachment":[{"href":"http:\/\/remunomex.uas.edu.mx\/index.php\/wp-json\/wp\/v2\/media?parent=158"}],"curies":[{"name":"wp","href":"https:\/\/api.w.org\/{rel}","templated":true}]}}