{"id":160,"date":"2017-06-25T04:54:42","date_gmt":"2017-06-25T04:54:42","guid":{"rendered":"http:\/\/remunomex.uas.edu.mx\/?page_id=160"},"modified":"2019-01-03T22:37:42","modified_gmt":"2019-01-03T22:37:42","slug":"museo-towi","status":"publish","type":"page","link":"http:\/\/remunomex.uas.edu.mx\/index.php\/museo-towi\/","title":{"rendered":"MUSEO TOWI"},"content":{"rendered":"\n\t\t<!-- MasterSlider -->\n\t\t<div id=\"P_MS69f7606fb731a\" class=\"master-slider-parent msl ms-parent-id-14\" style=\"max-width:945px;\">\n\n\t\t\t\n\t\t\t<!-- MasterSlider Main -->\n\t\t\t<div id=\"MS69f7606fb731a\" class=\"master-slider ms-skin-light-6 round-skin\" >\n\t\t\t\t \t\t\t\t \n\t\t\t\t<div  class=\"ms-slide\" data-delay=\"3\" data-fill-mode=\"center\"  >\n\t\t\t\t\t<img src=\"http:\/\/remunomex.uas.edu.mx\/wp-content\/plugins\/master-slider\/public\/assets\/css\/blank.gif\" alt=\"\" title=\"\" data-src=\"http:\/\/remunomex.uas.edu.mx\/wp-content\/uploads\/2017\/08\/Museo-Towi-1.png\" \/>\n\n\n\t<div class=\"ms-thumb\" ><div class=\"ms-tab-context\"><div class=&quot;ms-tab-context&quot;><\/div><\/div>\n<\/div>\n\t\t\t\t<\/div>\n\n\t\t\t<\/div>\n\t\t\t<!-- END MasterSlider Main -->\n\n\t\t\t \n\t\t<\/div>\n\t\t<!-- END MasterSlider -->\n\n\t\t<script>\n\t\t(function ( $ ) {\n\t\t\t\"use strict\";\n\n\t\t\t$(function () {\n\t\t\t\tvar masterslider_731a = new MasterSlider();\n\n\t\t\t\t\/\/ slider controls\n\t\t\t\tmasterslider_731a.control('arrows'     ,{ autohide:true, overVideo:true  });\t\t\t\tmasterslider_731a.control('bullets'    ,{ autohide:false, overVideo:true, dir:'h', align:'bottom' , margin:10  });\n\n\t\t\t\tmasterslider_731a.control('scrollbar'  ,{ autohide:true, overVideo:true, dir:'h', inset:true, align:'top', color:'#404040' , margin:10  , width:4 });\n\t\t\t\t\/\/ slider setup\n\t\t\t\tmasterslider_731a.setup(\"MS69f7606fb731a\", {\n\t\t\t\t\t\twidth           : 800,\n\t\t\t\t\t\theight          : 480,\n\t\t\t\t\t\tminHeight       : 0,\n\t\t\t\t\t\tspace           : 0,\n\t\t\t\t\t\tstart           : 1,\n\t\t\t\t\t\tgrabCursor      : true,\n\t\t\t\t\t\tswipe           : true,\n\t\t\t\t\t\tmouse           : true,\n\t\t\t\t\t\tlayout          : \"boxed\",\n\t\t\t\t\t\twheel           : false,\n\t\t\t\t\t\tautoplay        : false,\n\t\t\t\t\t\tinstantStartLayers:false,\n\t\t\t\t\t\tloop            : false,\n\t\t\t\t\t\tshuffle         : false,\n\t\t\t\t\t\tpreload         : 0,\n\t\t\t\t\t\theightLimit     : true,\n\t\t\t\t\t\tautoHeight      : false,\n\t\t\t\t\t\tsmoothHeight    : true,\n\t\t\t\t\t\tendPause        : false,\n\t\t\t\t\t\toverPause       : true,\n\t\t\t\t\t\tfillMode        : \"fill\",\n\t\t\t\t\t\tcenterControls  : false,\n\t\t\t\t\t\tstartOnAppear   : false,\n\t\t\t\t\t\tlayersMode      : \"center\",\n\t\t\t\t\t\thideLayers      : false,\n\t\t\t\t\t\tfullscreenMargin: 0,\n\t\t\t\t\t\tspeed           : 20,\n\t\t\t\t\t\tdir             : \"h\",\n\t\t\t\t\t\tparallaxMode    : 'swipe',\n\t\t\t\t\t\tview            : \"basic\"\n\t\t\t\t});\n\n\t\t\t\t\n\t\t\t\twindow.masterslider_instances = window.masterslider_instances || [];\n\t\t\t\twindow.masterslider_instances.push( masterslider_731a );\n\t\t\t });\n\n\t\t})(jQuery);\n\t\t<\/script>\n\n\n<hr \/>\n<div><strong>Direcci\u00f3n<\/strong><br \/>\nDomicilio Conocido<br \/>\nRocheachi, Guachochi<\/div>\n<p><iframe loading=\"lazy\" style=\"border: 0;\" src=\"https:\/\/www.google.com\/maps\/embed?pb=!1m18!1m12!1m3!1d28484.247261793465!2d-107.09179600889829!3d26.82306122262626!2m3!1f0!2f0!3f0!3m2!1i1024!2i768!4f13.1!3m3!1m2!1s0x86be4ced160de687%3A0x1f69ddad600ae25f!2sGuachochi%2C+Chih.%2C+M%C3%A9xico!5e0!3m2!1ses!2sus!4v1502166205654\" width=\"350\" height=\"300\" frameborder=\"0\" allowfullscreen=\"allowfullscreen\"><\/iframe><br \/>\n<strong>Informaci\u00f3n de la direcci\u00f3n del museo<\/strong><\/p>\n<p><img loading=\"lazy\" class=\"\" src=\"https:\/\/static.panoramio.com.storage.googleapis.com\/photos\/large\/12940475.jpg\" alt=\"Imagen relacionada\" width=\"213\" height=\"160\" \/>\u00a0<img loading=\"lazy\" class=\"\" src=\"https:\/\/www.mexicoenfotos.com\/MX12182417915187.jpg\" alt=\"Resultado de imagen para guachochi chihuahua\" width=\"210\" height=\"158\" \/>\u00a0<img loading=\"lazy\" class=\"\" src=\"http:\/\/chihuahuanoticias.com\/wp-content\/uploads\/2013\/07\/Captura-de-pantalla-2013-07-26-a-las-08.37.59.png\" alt=\"Resultado de imagen para guachochi chihuahua\" width=\"197\" height=\"157\" \/><\/p>\n<div style=\"text-align: justify;\">La actual ciudad de Guachochi fue fundada a mediados del\u00a0Siglo XVIII\u00a0por religiosos\u00a0jesuitas\u00a0con el car\u00e1cter de pueblo de visita, es decir, que no contaba con un sacerdote residente permanente, por lo que depend\u00eda de un pueblo de misi\u00f3n. Durante mucho tiempo fue un muy peque\u00f1o asentamiento de origen espa\u00f1ol y mestizo en cuyos alrededores se ubican numerosas rancher\u00edas rar\u00e1muris, ya que el lugar era una especie de laguna variable por el suelo barroso, terreno pantanoso al que llegaban numerosas aves migrantes, de donde le viene el nombre.<\/div>\n<p>&nbsp;<\/p>\n<div><strong>Horario<\/strong><br \/>\nMartes a Domingo, cuando llega visita.<\/div>\n<p>&nbsp;<\/p>\n<div><strong>Datos generales<\/strong><br \/>\nEste museo de la comunidad rar\u00e1muri celebra cada a\u00f1o el aniversario de su fundaci\u00f3n con una serie de actividades tradicionales: danzas, juegos de arihueta, juego de pelota, y\u00famare, pascol, matach\u00edn. Resguarda una interesante colecci\u00f3n de objetos ornamentales y de uso cotidiano.<\/div>\n<p>&nbsp;<\/p>\n<div><strong>Fecha de fundaci\u00f3n<\/strong><br \/>\n1994.<\/p>\n<hr \/>\n<h3 style=\"text-align: center;\">Responsable del Museo<\/h3>\n<div style=\"text-align: center;\">Marcelina Aguirre H.<\/div>\n<\/div>\n","protected":false},"excerpt":{"rendered":"<p>Direcci\u00f3n Domicilio Conocido Rocheachi, Guachochi Informaci\u00f3n de la direcci\u00f3n del museo \u00a0\u00a0 La actual ciudad de Guachochi fue fundada a<\/p>\n","protected":false},"author":1,"featured_media":0,"parent":0,"menu_order":0,"comment_status":"closed","ping_status":"closed","template":"","meta":[],"_links":{"self":[{"href":"http:\/\/remunomex.uas.edu.mx\/index.php\/wp-json\/wp\/v2\/pages\/160"}],"collection":[{"href":"http:\/\/remunomex.uas.edu.mx\/index.php\/wp-json\/wp\/v2\/pages"}],"about":[{"href":"http:\/\/remunomex.uas.edu.mx\/index.php\/wp-json\/wp\/v2\/types\/page"}],"author":[{"embeddable":true,"href":"http:\/\/remunomex.uas.edu.mx\/index.php\/wp-json\/wp\/v2\/users\/1"}],"replies":[{"embeddable":true,"href":"http:\/\/remunomex.uas.edu.mx\/index.php\/wp-json\/wp\/v2\/comments?post=160"}],"version-history":[{"count":8,"href":"http:\/\/remunomex.uas.edu.mx\/index.php\/wp-json\/wp\/v2\/pages\/160\/revisions"}],"predecessor-version":[{"id":1359,"href":"http:\/\/remunomex.uas.edu.mx\/index.php\/wp-json\/wp\/v2\/pages\/160\/revisions\/1359"}],"wp:attachment":[{"href":"http:\/\/remunomex.uas.edu.mx\/index.php\/wp-json\/wp\/v2\/media?parent=160"}],"curies":[{"name":"wp","href":"https:\/\/api.w.org\/{rel}","templated":true}]}}