{"id":164,"date":"2017-06-25T04:55:09","date_gmt":"2017-06-25T04:55:09","guid":{"rendered":"http:\/\/remunomex.uas.edu.mx\/?page_id=164"},"modified":"2019-01-03T22:07:08","modified_gmt":"2019-01-03T22:07:08","slug":"museo-raices-de-satevo","status":"publish","type":"page","link":"http:\/\/remunomex.uas.edu.mx\/index.php\/museo-raices-de-satevo\/","title":{"rendered":"MUSEO RA\u00cdCES DE SATEV\u00d3"},"content":{"rendered":"\n\t\t<!-- MasterSlider -->\n\t\t<div id=\"P_MS6a04ade451187\" class=\"master-slider-parent msl ms-parent-id-12\" style=\"max-width:945px;\">\n\n\t\t\t\n\t\t\t<!-- MasterSlider Main -->\n\t\t\t<div id=\"MS6a04ade451187\" class=\"master-slider ms-skin-light-6 round-skin\" >\n\t\t\t\t \t\t\t\t \n\t\t\t\t<div  class=\"ms-slide\" data-delay=\"3\" data-fill-mode=\"fit\"  >\n\t\t\t\t\t<img src=\"http:\/\/remunomex.uas.edu.mx\/wp-content\/plugins\/master-slider\/public\/assets\/css\/blank.gif\" alt=\"\" title=\"\" data-src=\"http:\/\/remunomex.uas.edu.mx\/wp-content\/uploads\/2017\/08\/Museo-Raices-de-Satevo-1.jpg\" \/>\n\n\n\t<div class=\"ms-thumb\" ><div class=\"ms-tab-context\"><div class=&quot;ms-tab-context&quot;><\/div><\/div>\n<\/div>\n\t\t\t\t<\/div>\n\n\t\t\t<\/div>\n\t\t\t<!-- END MasterSlider Main -->\n\n\t\t\t \n\t\t<\/div>\n\t\t<!-- END MasterSlider -->\n\n\t\t<script>\n\t\t(function ( $ ) {\n\t\t\t\"use strict\";\n\n\t\t\t$(function () {\n\t\t\t\tvar masterslider_1187 = new MasterSlider();\n\n\t\t\t\t\/\/ slider controls\n\t\t\t\tmasterslider_1187.control('arrows'     ,{ autohide:true, overVideo:true  });\t\t\t\tmasterslider_1187.control('bullets'    ,{ autohide:false, overVideo:true, dir:'h', align:'bottom' , margin:10  });\n\n\t\t\t\tmasterslider_1187.control('scrollbar'  ,{ autohide:true, overVideo:true, dir:'h', inset:true, align:'top', color:'#404040' , margin:10  , width:4 });\n\t\t\t\t\/\/ slider setup\n\t\t\t\tmasterslider_1187.setup(\"MS6a04ade451187\", {\n\t\t\t\t\t\twidth           : 800,\n\t\t\t\t\t\theight          : 480,\n\t\t\t\t\t\tminHeight       : 0,\n\t\t\t\t\t\tspace           : 0,\n\t\t\t\t\t\tstart           : 1,\n\t\t\t\t\t\tgrabCursor      : true,\n\t\t\t\t\t\tswipe           : true,\n\t\t\t\t\t\tmouse           : true,\n\t\t\t\t\t\tlayout          : \"boxed\",\n\t\t\t\t\t\twheel           : false,\n\t\t\t\t\t\tautoplay        : false,\n\t\t\t\t\t\tinstantStartLayers:false,\n\t\t\t\t\t\tloop            : false,\n\t\t\t\t\t\tshuffle         : false,\n\t\t\t\t\t\tpreload         : 0,\n\t\t\t\t\t\theightLimit     : true,\n\t\t\t\t\t\tautoHeight      : false,\n\t\t\t\t\t\tsmoothHeight    : true,\n\t\t\t\t\t\tendPause        : false,\n\t\t\t\t\t\toverPause       : true,\n\t\t\t\t\t\tfillMode        : \"fill\",\n\t\t\t\t\t\tcenterControls  : false,\n\t\t\t\t\t\tstartOnAppear   : false,\n\t\t\t\t\t\tlayersMode      : \"center\",\n\t\t\t\t\t\thideLayers      : false,\n\t\t\t\t\t\tfullscreenMargin: 0,\n\t\t\t\t\t\tspeed           : 20,\n\t\t\t\t\t\tdir             : \"h\",\n\t\t\t\t\t\tparallaxMode    : 'swipe',\n\t\t\t\t\t\tview            : \"basic\"\n\t\t\t\t});\n\n\t\t\t\t\n\t\t\t\twindow.masterslider_instances = window.masterslider_instances || [];\n\t\t\t\twindow.masterslider_instances.push( masterslider_1187 );\n\t\t\t });\n\n\t\t})(jQuery);\n\t\t<\/script>\n\n\n<hr \/>\n<div><strong>Direcci\u00f3n<\/strong><br \/>\nBonifacio Mart\u00ednez S\/N<br \/>\nZona Centro, C.P. 33150<br \/>\nSatev\u00f3, Chihuahua<\/div>\n<p><iframe loading=\"lazy\" style=\"border: 0;\" src=\"https:\/\/www.google.com\/maps\/embed?pb=!1m18!1m12!1m3!1d3524.238766919133!2d-106.10794639928358!3d27.955972993879897!2m3!1f0!2f0!3f0!3m2!1i1024!2i768!4f13.1!3m3!1m2!1s0x0%3A0x0!2zMjfCsDU3JzIxLjUiTiAxMDbCsDA2JzIzLjkiVw!5e0!3m2!1ses!2sus!4v1502147061537\" width=\"350\" height=\"300\" frameborder=\"0\" allowfullscreen=\"allowfullscreen\"><\/iframe><\/p>\n<p><strong>Informaci\u00f3n de la direcci\u00f3n del museo<\/strong><\/p>\n<p><img loading=\"lazy\" class=\"\" src=\"https:\/\/www.elheraldodechihuahua.com.mx\/policiaca\/6cpc7q-fds-4.jpg\/ALTERNATES\/LANDSCAPE_1140\/fds-4.jpg\" alt=\"Imagen relacionada\" width=\"274\" height=\"171\" \/>\u00a0<img loading=\"lazy\" class=\"\" src=\"https:\/\/mw2.google.com\/mw-panoramio\/photos\/medium\/95070908.jpg\" alt=\"Imagen relacionada\" width=\"128\" height=\"170\" \/>\u00a0<img loading=\"lazy\" class=\"\" src=\"https:\/\/mw2.google.com\/mw-panoramio\/photos\/medium\/95070901.jpg\" alt=\"Imagen relacionada\" width=\"227\" height=\"170\" \/><\/p>\n<div style=\"text-align: justify;\">El municipio de Satev\u00f3 se encuentra ubicado en el centro-sur del territorio de Chihuahua, en la regi\u00f3n com\u00fanmente conocida como\u00a0<i>La Meseta<\/i>; tiene una extensi\u00f3n territorial de 3562.15 kil\u00f3metros cuadrados que representan el 1.4% de la extensi\u00f3n total del estado.\u00a0El municipio de Satev\u00f3 tiene como divisi\u00f3n interna cuatro secciones municipales, Babonoyaba, La Joya, San Antonio de los Chac\u00f3n y San Jos\u00e9 del Sitio.<\/div>\n<p>&nbsp;<\/p>\n<div><strong> Tel\u00e9fono:<\/strong> (614) 455-30-17<\/div>\n<p>&nbsp;<\/p>\n<div><strong>Horario<\/strong><\/div>\n<div>Lunes a Viernes de 8 a.m. a 4 p.m.<\/div>\n<p>&nbsp;<\/p>\n<div><strong>Datos generales<\/strong><br \/>\nEste museo cuenta con cinco salas permanentes, en donde se exhiben colecciones acerca de agricultura, ganader\u00eda, deportes, hist\u00f3rico-biogr\u00e1fico, historia, cultura y arte popular. Destaca un colmillo de mamut encontrado en el municipio que data de hace miles de a\u00f1os. Ofrece pasajes de la historia de la Revoluci\u00f3n, as\u00ed como algunas armas de la \u00e9poca, fotograf\u00edas de personajes de Satev\u00f3 que participaron en el movimiento revolucionario y una bomba de tracci\u00f3n animal que se usaba para sacar agua de pozos no profundos. Est\u00e1 ubicado en el edificio de la Presidencia Municipal de Satev\u00f3.<\/div>\n<p>&nbsp;<\/p>\n<div><strong>Servicios<br \/>\n<\/strong><\/p>\n<ul>\n<li>Visitas guiadas<\/li>\n<li>Sanitarios<\/li>\n<li>Publicaciones<\/li>\n<li>Sal\u00f3n multiuso<\/li>\n<\/ul>\n<\/div>\n<p>&nbsp;<\/p>\n<div><strong>Fecha de fundaci\u00f3n<\/strong><br \/>\n25 de Agosto de 1991.<\/p>\n<div><strong>Redes Sociales<\/strong><\/div>\n<div>Correo electr\u00f3nico:\u00a0satevods@hotmail.com<\/div>\n<hr \/>\n<h3 style=\"text-align: center;\">Responsable del Museo<\/h3>\n<div style=\"text-align: center;\">Esteban Mendoza<\/div>\n<\/div>\n","protected":false},"excerpt":{"rendered":"<p>Direcci\u00f3n Bonifacio Mart\u00ednez S\/N Zona Centro, C.P. 33150 Satev\u00f3, Chihuahua Informaci\u00f3n de la direcci\u00f3n del museo \u00a0\u00a0 El municipio de<\/p>\n","protected":false},"author":1,"featured_media":0,"parent":0,"menu_order":0,"comment_status":"closed","ping_status":"closed","template":"","meta":[],"_links":{"self":[{"href":"http:\/\/remunomex.uas.edu.mx\/index.php\/wp-json\/wp\/v2\/pages\/164"}],"collection":[{"href":"http:\/\/remunomex.uas.edu.mx\/index.php\/wp-json\/wp\/v2\/pages"}],"about":[{"href":"http:\/\/remunomex.uas.edu.mx\/index.php\/wp-json\/wp\/v2\/types\/page"}],"author":[{"embeddable":true,"href":"http:\/\/remunomex.uas.edu.mx\/index.php\/wp-json\/wp\/v2\/users\/1"}],"replies":[{"embeddable":true,"href":"http:\/\/remunomex.uas.edu.mx\/index.php\/wp-json\/wp\/v2\/comments?post=164"}],"version-history":[{"count":10,"href":"http:\/\/remunomex.uas.edu.mx\/index.php\/wp-json\/wp\/v2\/pages\/164\/revisions"}],"predecessor-version":[{"id":1350,"href":"http:\/\/remunomex.uas.edu.mx\/index.php\/wp-json\/wp\/v2\/pages\/164\/revisions\/1350"}],"wp:attachment":[{"href":"http:\/\/remunomex.uas.edu.mx\/index.php\/wp-json\/wp\/v2\/media?parent=164"}],"curies":[{"name":"wp","href":"https:\/\/api.w.org\/{rel}","templated":true}]}}