{"id":167,"date":"2017-06-25T04:55:51","date_gmt":"2017-06-25T04:55:51","guid":{"rendered":"http:\/\/remunomex.uas.edu.mx\/?page_id=167"},"modified":"2019-01-03T22:28:57","modified_gmt":"2019-01-03T22:28:57","slug":"museo-tomochi","status":"publish","type":"page","link":"http:\/\/remunomex.uas.edu.mx\/index.php\/museo-tomochi\/","title":{"rendered":"MUSEO TOMOCHI"},"content":{"rendered":"<div><strong>Direcci\u00f3n<\/strong><br \/>\nCalle Teresita De Caborca y Calle Teporaca<\/div>\n<div>Colonia Centro, C.P. 31691<\/div>\n<div>Tomochi, Guerrero, Chihuahua<\/div>\n<p><iframe loading=\"lazy\" style=\"border: 0;\" src=\"https:\/\/www.google.com\/maps\/embed?pb=!1m18!1m12!1m3!1d14038.754382168603!2d-107.85548386680733!3d28.352513970464003!2m3!1f0!2f0!3f0!3m2!1i1024!2i768!4f13.1!3m3!1m2!1s0x86c12584cd81c8c1%3A0x2bd48c18e8ebdff7!2sTomochi%2C+Chih.%2C+M%C3%A9xico!5e0!3m2!1ses!2sus!4v1502148282522\" width=\"350\" height=\"300\" frameborder=\"0\" allowfullscreen=\"allowfullscreen\"><\/iframe><br \/>\n<strong>Informaci\u00f3n de la direcci\u00f3n del museo<\/strong><\/p>\n<p><img loading=\"lazy\" class=\"\" src=\"https:\/\/www.turimexico.com\/wp-content\/uploads\/2015\/05\/guerrero.jpg\" alt=\"Resultado de imagen para guerrero chihuahua\" width=\"237\" height=\"158\" \/>\u00a0<img loading=\"lazy\" class=\"\" src=\"http:\/\/siglo.inafed.gob.mx\/enciclopedia\/EMM08chihuahua\/municipios\/08031\/08h031-02.jpg\" alt=\"Imagen relacionada\" width=\"231\" height=\"158\" \/>\u00a0<img loading=\"lazy\" class=\"\" src=\"https:\/\/mw2.google.com\/mw-panoramio\/photos\/medium\/83621353.jpg\" alt=\"Resultado de imagen para guerrero chihuahua\" width=\"278\" height=\"156\" \/><\/p>\n<div style=\"text-align: justify;\">La regi\u00f3n donde hoy est\u00e1 situada Guerrero, al igual que gran parte de la Sierra, fue evangelizada por sacerdotes de la\u00a0Compa\u00f1\u00eda de Jes\u00fas, sin embargo, su conquista tanto militar como espiritual fue dif\u00edcil debido a la resistencia de los ind\u00edgenas\u00a0tarahumaras, que en varias ocasiones se levantaron en armas contra los espa\u00f1oles, arrasando pueblos, la m\u00e1s grave de estas insurrecciones ocurri\u00f3 en las inmediaciones de Guerrero en\u00a01652\u00a0liderada por\u00a0Teporaca\u00a0y que conllev\u00f3 la destrucci\u00f3n de la\u00a0Villa de Aguilar, actual\u00a0Bas\u00fachil, principal poblaci\u00f3n espa\u00f1ola de la regi\u00f3n, esto hizo que cuando se pudo restablecer el control gubernamental sobre la zona, fuera fundada una nueva poblaci\u00f3n, la hoy Guerrero, por los jesuitas\u00a0Tom\u00e1s de Guadalajara\u00a0y\u00a0Jos\u00e9 Tard\u00e1\u00a0en\u00a01676\u00a0con el nombre de\u00a0Misi\u00f3n de Nuestra Se\u00f1ora de la Concepci\u00f3n de Papigochi.<\/div>\n<p>&nbsp;<\/p>\n<div><strong>Datos generales<\/strong><br \/>\nMuseo comunitario dedicado a la insurrecci\u00f3n de\u00a01891.<\/div>\n<hr \/>\n<h3 style=\"text-align: center;\">Responsable del Museo<\/h3>\n<div style=\"text-align: center;\">Mar\u00eda Gardea<\/div>\n","protected":false},"excerpt":{"rendered":"<p>Direcci\u00f3n Calle Teresita De Caborca y Calle Teporaca Colonia Centro, C.P. 31691 Tomochi, Guerrero, Chihuahua Informaci\u00f3n de la direcci\u00f3n del<\/p>\n","protected":false},"author":1,"featured_media":0,"parent":0,"menu_order":0,"comment_status":"closed","ping_status":"closed","template":"","meta":[],"_links":{"self":[{"href":"http:\/\/remunomex.uas.edu.mx\/index.php\/wp-json\/wp\/v2\/pages\/167"}],"collection":[{"href":"http:\/\/remunomex.uas.edu.mx\/index.php\/wp-json\/wp\/v2\/pages"}],"about":[{"href":"http:\/\/remunomex.uas.edu.mx\/index.php\/wp-json\/wp\/v2\/types\/page"}],"author":[{"embeddable":true,"href":"http:\/\/remunomex.uas.edu.mx\/index.php\/wp-json\/wp\/v2\/users\/1"}],"replies":[{"embeddable":true,"href":"http:\/\/remunomex.uas.edu.mx\/index.php\/wp-json\/wp\/v2\/comments?post=167"}],"version-history":[{"count":7,"href":"http:\/\/remunomex.uas.edu.mx\/index.php\/wp-json\/wp\/v2\/pages\/167\/revisions"}],"predecessor-version":[{"id":1357,"href":"http:\/\/remunomex.uas.edu.mx\/index.php\/wp-json\/wp\/v2\/pages\/167\/revisions\/1357"}],"wp:attachment":[{"href":"http:\/\/remunomex.uas.edu.mx\/index.php\/wp-json\/wp\/v2\/media?parent=167"}],"curies":[{"name":"wp","href":"https:\/\/api.w.org\/{rel}","templated":true}]}}