{"id":170,"date":"2017-06-25T04:57:15","date_gmt":"2017-06-25T04:57:15","guid":{"rendered":"http:\/\/remunomex.uas.edu.mx\/?page_id=170"},"modified":"2019-01-03T21:12:56","modified_gmt":"2019-01-03T21:12:56","slug":"museo-laguneros","status":"publish","type":"page","link":"http:\/\/remunomex.uas.edu.mx\/index.php\/museo-laguneros\/","title":{"rendered":"MUSEO LOS LAGUNEROS"},"content":{"rendered":"<div>\n<hr \/>\n<\/div>\n<div><strong>Direcci\u00f3n<\/strong><br \/>\nAv. Santa Mar\u00eda 737 Pte.<br \/>\nCentro, C.P. 32880<\/div>\n<div>Torre\u00f3n, Torre\u00f3n, Coahuila<\/div>\n<div><\/div>\n<div><strong>Informaci\u00f3n de la direcci\u00f3n del museo<\/strong><\/div>\n<div><img loading=\"lazy\" class=\"\" src=\"https:\/\/www.mexicodesconocido.com.mx\/sites\/default\/files\/styles\/adaptive\/public\/nodes\/1229\/cristo-de-las-noas-torreon-coahuila.jpg\" alt=\"Resultado de imagen para torreon coahuila\" width=\"291\" height=\"148\" \/>\u00a0<img loading=\"lazy\" class=\"\" src=\"http:\/\/www.noticierosgrem.com.mx\/wp-content\/uploads\/2017\/09\/TORREON-TURISMO.jpg\" alt=\"Resultado de imagen para torreon coahuila\" width=\"221\" height=\"147\" \/>\u00a0<img loading=\"lazy\" class=\"\" src=\"http:\/\/www.radiozocalo.com.mx\/radio\/wp-content\/uploads\/2015\/05\/129.jpg\" alt=\"Imagen relacionada\" width=\"219\" height=\"146\" \/><\/div>\n<div>\n<div style=\"text-align: justify;\">Torre\u00f3n\u00a0es una ciudad\u00a0mexicana\u00a0perteneciente al estado de\u00a0Coahuila, est\u00e1 ubicada al\u00a0Noreste de M\u00e9xico, en conjunto con las ciudades vecinas de\u00a0G\u00f3mez Palacio,\u00a0Ciudad Lerdo,\u00a0Matamoros, entre otros 4 municipios del estado de\u00a0Coahuila\u00a0y 12 del estado de\u00a0Durango\u00a0forman la Laguna, es una zona metr\u00f3polis debido a su poblaci\u00f3n. La econom\u00eda de la ciudad se basa en la industria\u00a0agr\u00edcola, la\u00a0industria textil,\u00a0metal\u00fargica,\u00a0qu\u00edmica, el\u00a0comercio\u00a0y los\u00a0servicios. Es una de las ciudades m\u00e1s j\u00f3venes de\u00a0M\u00e9xico, pues en 2007 celebr\u00f3 sus cien a\u00f1os. Es conocida popularmente como \u00abCiudad de grandes esfuerzos\u00bb por su pr\u00f3spera industria y comercio y por su poco tiempo de edad.<\/div>\n<p>&nbsp;<\/p>\n<\/div>\n<p>&nbsp;<\/p>\n<div><strong>Tel\u00e9fono:<\/strong> (871) 712 65 48<\/div>\n<p>&nbsp;<\/p>\n<div><strong>Salas de exhibici\u00f3n<\/strong><\/div>\n<div>\n<ul>\n<li>Paleontolog\u00eda.<\/li>\n<li>Arte rupestre.<\/li>\n<li>Minerales.<\/li>\n<li>Historia de Sitios Tur\u00edsticos.<\/li>\n<li>Apicultura.<\/li>\n<\/ul>\n<\/div>\n<p>&nbsp;<\/p>\n<div><strong>Fecha de fundaci\u00f3n<\/strong><br \/>\n1 de Enero de 1965.<\/div>\n<p>&nbsp;<\/p>\n<div><\/div>\n<div><strong>Redes sociales<\/strong><\/div>\n<div>Correo electr\u00f3nico:\u00a0javiervargasoto@hotmail.com.mx<\/div>\n","protected":false},"excerpt":{"rendered":"<p>Direcci\u00f3n Av. Santa Mar\u00eda 737 Pte. Centro, C.P. 32880 Torre\u00f3n, Torre\u00f3n, Coahuila Informaci\u00f3n de la direcci\u00f3n del museo \u00a0\u00a0 Torre\u00f3n\u00a0es<\/p>\n","protected":false},"author":1,"featured_media":0,"parent":0,"menu_order":0,"comment_status":"closed","ping_status":"closed","template":"","meta":[],"_links":{"self":[{"href":"http:\/\/remunomex.uas.edu.mx\/index.php\/wp-json\/wp\/v2\/pages\/170"}],"collection":[{"href":"http:\/\/remunomex.uas.edu.mx\/index.php\/wp-json\/wp\/v2\/pages"}],"about":[{"href":"http:\/\/remunomex.uas.edu.mx\/index.php\/wp-json\/wp\/v2\/types\/page"}],"author":[{"embeddable":true,"href":"http:\/\/remunomex.uas.edu.mx\/index.php\/wp-json\/wp\/v2\/users\/1"}],"replies":[{"embeddable":true,"href":"http:\/\/remunomex.uas.edu.mx\/index.php\/wp-json\/wp\/v2\/comments?post=170"}],"version-history":[{"count":11,"href":"http:\/\/remunomex.uas.edu.mx\/index.php\/wp-json\/wp\/v2\/pages\/170\/revisions"}],"predecessor-version":[{"id":1332,"href":"http:\/\/remunomex.uas.edu.mx\/index.php\/wp-json\/wp\/v2\/pages\/170\/revisions\/1332"}],"wp:attachment":[{"href":"http:\/\/remunomex.uas.edu.mx\/index.php\/wp-json\/wp\/v2\/media?parent=170"}],"curies":[{"name":"wp","href":"https:\/\/api.w.org\/{rel}","templated":true}]}}