{"id":320,"date":"2017-06-28T05:16:18","date_gmt":"2017-06-28T05:16:18","guid":{"rendered":"http:\/\/remunomex.uas.edu.mx\/?page_id=320"},"modified":"2019-01-02T21:41:59","modified_gmt":"2019-01-02T21:41:59","slug":"museo-abraham-gonzalez","status":"publish","type":"page","link":"http:\/\/remunomex.uas.edu.mx\/index.php\/museo-abraham-gonzalez\/","title":{"rendered":"MUSEO ABRAHAM GONZ\u00c1LEZ"},"content":{"rendered":"\n\t\t<!-- MasterSlider -->\n\t\t<div id=\"P_MS69f0da401aa60\" class=\"master-slider-parent msl ms-parent-id-11\" style=\"max-width:945px;\">\n\n\t\t\t\n\t\t\t<!-- MasterSlider Main -->\n\t\t\t<div id=\"MS69f0da401aa60\" class=\"master-slider ms-skin-light-6 round-skin\" >\n\t\t\t\t \t\t\t\t \n\t\t\t\t<div  class=\"ms-slide\" data-delay=\"3\" data-fill-mode=\"fit\"  >\n\t\t\t\t\t<img src=\"http:\/\/remunomex.uas.edu.mx\/wp-content\/plugins\/master-slider\/public\/assets\/css\/blank.gif\" alt=\"\" title=\"\" data-src=\"http:\/\/remunomex.uas.edu.mx\/wp-content\/uploads\/2017\/08\/Museo-Comunitario-Abraham-Gonzalez-0.jpg\" \/>\n\n\n\t<div class=\"ms-thumb\" ><div class=\"ms-tab-context\"><div class=&quot;ms-tab-context&quot;><\/div><\/div>\n<\/div>\n\t\t\t\t<\/div>\n\t\t\t\t<div  class=\"ms-slide\" data-delay=\"3\" data-fill-mode=\"fit\"  >\n\t\t\t\t\t<img src=\"http:\/\/remunomex.uas.edu.mx\/wp-content\/plugins\/master-slider\/public\/assets\/css\/blank.gif\" alt=\"\" title=\"\" data-src=\"http:\/\/remunomex.uas.edu.mx\/wp-content\/uploads\/2017\/08\/Museo-Comunitario-Abraham-Gonzalez-1.jpg\" \/>\n\n\n\t<div class=\"ms-thumb\" ><div class=\"ms-tab-context\"><div class=&quot;ms-tab-context&quot;><\/div><\/div>\n<\/div>\n\t\t\t\t<\/div>\n\t\t\t\t<div  class=\"ms-slide\" data-delay=\"3\" data-fill-mode=\"fill\"  >\n\t\t\t\t\t<img src=\"http:\/\/remunomex.uas.edu.mx\/wp-content\/plugins\/master-slider\/public\/assets\/css\/blank.gif\" alt=\"\" title=\"\" data-src=\"http:\/\/remunomex.uas.edu.mx\/wp-content\/uploads\/2017\/08\/Museo-Comunitario-Abraham-Gonzalez-2.jpg\" \/>\n\n\n\t<div class=\"ms-thumb\" ><div class=\"ms-tab-context\"><div class=&quot;ms-tab-context&quot;><\/div><\/div>\n<\/div>\n\t\t\t\t<\/div>\n\n\t\t\t<\/div>\n\t\t\t<!-- END MasterSlider Main -->\n\n\t\t\t \n\t\t<\/div>\n\t\t<!-- END MasterSlider -->\n\n\t\t<script>\n\t\t(function ( $ ) {\n\t\t\t\"use strict\";\n\n\t\t\t$(function () {\n\t\t\t\tvar masterslider_aa60 = new MasterSlider();\n\n\t\t\t\t\/\/ slider controls\n\t\t\t\tmasterslider_aa60.control('arrows'     ,{ autohide:true, overVideo:true  });\t\t\t\tmasterslider_aa60.control('bullets'    ,{ autohide:false, overVideo:true, dir:'h', align:'bottom' , margin:10  });\n\n\t\t\t\tmasterslider_aa60.control('scrollbar'  ,{ autohide:true, overVideo:true, dir:'h', inset:true, align:'top', color:'#404040' , margin:10  , width:4 });\n\t\t\t\t\/\/ slider setup\n\t\t\t\tmasterslider_aa60.setup(\"MS69f0da401aa60\", {\n\t\t\t\t\t\twidth           : 800,\n\t\t\t\t\t\theight          : 480,\n\t\t\t\t\t\tminHeight       : 0,\n\t\t\t\t\t\tspace           : 0,\n\t\t\t\t\t\tstart           : 1,\n\t\t\t\t\t\tgrabCursor      : true,\n\t\t\t\t\t\tswipe           : true,\n\t\t\t\t\t\tmouse           : true,\n\t\t\t\t\t\tlayout          : \"boxed\",\n\t\t\t\t\t\twheel           : false,\n\t\t\t\t\t\tautoplay        : false,\n\t\t\t\t\t\tinstantStartLayers:false,\n\t\t\t\t\t\tloop            : false,\n\t\t\t\t\t\tshuffle         : false,\n\t\t\t\t\t\tpreload         : 0,\n\t\t\t\t\t\theightLimit     : true,\n\t\t\t\t\t\tautoHeight      : false,\n\t\t\t\t\t\tsmoothHeight    : true,\n\t\t\t\t\t\tendPause        : false,\n\t\t\t\t\t\toverPause       : true,\n\t\t\t\t\t\tfillMode        : \"fill\",\n\t\t\t\t\t\tcenterControls  : false,\n\t\t\t\t\t\tstartOnAppear   : false,\n\t\t\t\t\t\tlayersMode      : \"center\",\n\t\t\t\t\t\thideLayers      : false,\n\t\t\t\t\t\tfullscreenMargin: 0,\n\t\t\t\t\t\tspeed           : 20,\n\t\t\t\t\t\tdir             : \"h\",\n\t\t\t\t\t\tparallaxMode    : 'swipe',\n\t\t\t\t\t\tview            : \"basic\"\n\t\t\t\t});\n\n\t\t\t\t\n\t\t\t\twindow.masterslider_instances = window.masterslider_instances || [];\n\t\t\t\twindow.masterslider_instances.push( masterslider_aa60 );\n\t\t\t });\n\n\t\t})(jQuery);\n\t\t<\/script>\n\n\n<hr \/>\n<div><strong>Direccion<\/strong><br \/>\nVictoria #300<\/div>\n<div>Zona Centro, C.P. 31680<br \/>\nGuerrero, Chihuahua<br \/>\n<iframe loading=\"lazy\" style=\"border: 0;\" src=\"https:\/\/www.google.com\/maps\/embed?pb=!1m18!1m12!1m3!1d438.0915180737911!2d-107.48520048946125!3d28.547769735844366!2m3!1f0!2f0!3f0!3m2!1i1024!2i768!4f13.1!3m3!1m2!1s0x0%3A0xf9b995fad6fc0a38!2sMuseo+Municipal+de+Guerrero!5e0!3m2!1ses!2sus!4v1502089813886\" width=\"350\" height=\"300\" frameborder=\"0\" allowfullscreen=\"allowfullscreen\"><\/iframe><\/div>\n<p><strong>Informaci\u00f3n de la direcci\u00f3n del museo<\/strong><\/p>\n<p><img loading=\"lazy\" class=\"\" src=\"http:\/\/3.bp.blogspot.com\/_PLJnQzVsTRY\/TQ_iZUIX6dI\/AAAAAAAABE8\/CiSaAS1MTdM\/s1600\/DSC03843.JPG\" alt=\"Imagen relacionada\" width=\"210\" height=\"157\" \/>\u00a0<img loading=\"lazy\" class=\"\" src=\"http:\/\/eldiariodechihuahua.mx\/imagesnotas\/2016\/09\/REG1251475674152a7_0.jpg\" alt=\"Imagen relacionada\" width=\"243\" height=\"153\" \/>\u00a0<img loading=\"lazy\" class=\"\" src=\"https:\/\/c1.staticflickr.com\/8\/7476\/16201596455_9bd8a77548_b.jpg\" alt=\"Imagen relacionada\" width=\"234\" height=\"155\" \/><\/p>\n<div style=\"text-align: justify;\">Este Municipio recibe el nombre de Guerrero en honor al Insurgente Vicente Guerrero, h\u00e9roe de la Independencia. La regi\u00f3n dependi\u00f3 desde la Colonia de la Villa de Aguilar fundada por los espa\u00f1oles en 1649 y fue destruida poco m\u00e1s tarde; posteriormente dependi\u00f3 de los misioneros jesuitas y desde 1690 existi\u00f3 un Teniente de Alcalde Mayor dependiente de Cusihuiriachi. En 1820 adquiri\u00f3 categor\u00eda de Municipio de acuerdo con la Constituci\u00f3n de C\u00e1diz. Siempre perteneci\u00f3 al Partido, Cant\u00f3n y Distrito Guerrero. La Cabecera Municipal es Ciudad Guerrero, fundada en octubre de 1676 por los Misioneros jesuitas Tom\u00e1s de Guadalajara y Jos\u00e9 Tard\u00e1 con el nombre de Nuestra Se\u00f1ora de la Concepci\u00f3n de Papigochi, en un punto que llamaban Valle del \u00c1guila. En 1826 el Congreso Local le otorg\u00f3 categor\u00eda de Villa y el nombre de La Concepci\u00f3n y el decreto de 11 de abril de 1859 le llam\u00f3 Ciudad Guerrero, en honor del General Vicente Guerrero.<\/div>\n<p>&nbsp;<\/p>\n<div><strong>Tel\u00e9fono<\/strong>:\u00a0(635) 294-10-56<\/div>\n<p>&nbsp;<\/p>\n<div><strong>Horario<\/strong><br \/>\nLunes a Viernes de 9 a.m. a 1 p.m. y de 3 p.m. a 6 p.m.<\/div>\n<p>&nbsp;<\/p>\n<div><strong>Datos generales<\/strong><br \/>\nEl edificio que alberga al museo data del a\u00f1o de 1810, y se construy\u00f3 con la finalidad de que funcionara como presidencia municipal. Para el a\u00f1o de 1984 fue reconstruido. Abri\u00f3 sus puertas al p\u00fablico en el a\u00f1o de 1985 como parte del Programa de Museos Comunitarios coordinado por el Instituto Nacional de Antropolog\u00eda e Historia, Servicios Educativos y el gobierno del estado.<\/div>\n<p>&nbsp;<\/p>\n<div><strong>Servicios<\/strong><br \/>\nCuenta con visitas guiadas, talleres educativos, cursos de verano, asesor\u00edas escolares, modulo de orientaci\u00f3n e informaci\u00f3n.<\/div>\n<p>&nbsp;<\/p>\n<div><strong>Fecha de fundaci\u00f3n<\/strong><br \/>\n20 de Noviembre de 1984.<\/div>\n<hr \/>\n<h3 style=\"text-align: center;\">Responsable del Museo<\/h3>\n<div style=\"text-align: center;\">Fernando Pe\u00f1a V\u00e1squez<\/div>\n","protected":false},"excerpt":{"rendered":"<p>Direccion Victoria #300 Zona Centro, C.P. 31680 Guerrero, Chihuahua Informaci\u00f3n de la direcci\u00f3n del museo \u00a0\u00a0 Este Municipio recibe el<\/p>\n","protected":false},"author":1,"featured_media":0,"parent":0,"menu_order":0,"comment_status":"closed","ping_status":"closed","template":"","meta":[],"_links":{"self":[{"href":"http:\/\/remunomex.uas.edu.mx\/index.php\/wp-json\/wp\/v2\/pages\/320"}],"collection":[{"href":"http:\/\/remunomex.uas.edu.mx\/index.php\/wp-json\/wp\/v2\/pages"}],"about":[{"href":"http:\/\/remunomex.uas.edu.mx\/index.php\/wp-json\/wp\/v2\/types\/page"}],"author":[{"embeddable":true,"href":"http:\/\/remunomex.uas.edu.mx\/index.php\/wp-json\/wp\/v2\/users\/1"}],"replies":[{"embeddable":true,"href":"http:\/\/remunomex.uas.edu.mx\/index.php\/wp-json\/wp\/v2\/comments?post=320"}],"version-history":[{"count":8,"href":"http:\/\/remunomex.uas.edu.mx\/index.php\/wp-json\/wp\/v2\/pages\/320\/revisions"}],"predecessor-version":[{"id":1285,"href":"http:\/\/remunomex.uas.edu.mx\/index.php\/wp-json\/wp\/v2\/pages\/320\/revisions\/1285"}],"wp:attachment":[{"href":"http:\/\/remunomex.uas.edu.mx\/index.php\/wp-json\/wp\/v2\/media?parent=320"}],"curies":[{"name":"wp","href":"https:\/\/api.w.org\/{rel}","templated":true}]}}