{"id":334,"date":"2017-06-28T06:49:05","date_gmt":"2017-06-28T06:49:05","guid":{"rendered":"http:\/\/remunomex.uas.edu.mx\/?page_id=334"},"modified":"2019-01-02T20:08:22","modified_gmt":"2019-01-02T20:08:22","slug":"acerca-de-nosotros","status":"publish","type":"page","link":"http:\/\/remunomex.uas.edu.mx\/index.php\/acerca-de-nosotros\/","title":{"rendered":"Acerca de Nosotros"},"content":{"rendered":"<h2 style=\"padding-left: 30px;\"><img loading=\"lazy\" class=\" wp-image-1181 alignright\" src=\"http:\/\/remunomex.uas.edu.mx\/wp-content\/uploads\/2017\/08\/logo-de-REMUNOMEX-con-color-300x269.png\" alt=\"\" width=\"263\" height=\"236\" srcset=\"http:\/\/remunomex.uas.edu.mx\/wp-content\/uploads\/2017\/08\/logo-de-REMUNOMEX-con-color-300x269.png 300w, http:\/\/remunomex.uas.edu.mx\/wp-content\/uploads\/2017\/08\/logo-de-REMUNOMEX-con-color-768x689.png 768w, http:\/\/remunomex.uas.edu.mx\/wp-content\/uploads\/2017\/08\/logo-de-REMUNOMEX-con-color-1024x919.png 1024w\" sizes=\"(max-width: 263px) 100vw, 263px\" \/>Historia<\/h2>\n<p style=\"text-align: left; padding-left: 30px;\">La Red de Museos Comunitarios y Ecomuseos del Norte de M\u00e9xico fue constituida en el a\u00f1o 2009 en la ciudad de Ojinaga, Chihuahua durante la celebraci\u00f3n del Octavo Encuentro Interestatal de Museos Comunitarios Zona Norte.<\/p>\n<p style=\"text-align: left; padding-left: 30px;\">Comenz\u00f3 siendo integrada por solamente 4 Estados y hoy en d\u00eda nuestra red est\u00e1 compuesta por los Estados de Sinaloa, Chihuahua, Coahuila, Zacatecas y Durango, con 43 museos en su totalidad.<\/p>\n<h2 style=\"padding-left: 30px;\">Misi\u00f3n<\/h2>\n<p style=\"padding-left: 30px;\">La misi\u00f3n de REMUNOMEX es facilitar a la comunidad de la regi\u00f3n norte de M\u00e9xico, en donde hacemos presencia, el acceso al conocimiento de la historia de dichas zonas, para que se reconozca en ella nuestra identidad cultural, mediante las funciones de conservaci\u00f3n, investigaci\u00f3n y difusi\u00f3n del patrimonio tangible e intangible que configuran la memoria hist\u00f3rica de nuestro pa\u00eds.<\/p>\n<h2 style=\"padding-left: 30px;\">Visi\u00f3n<\/h2>\n<p style=\"padding-left: 30px;\">Aspiramos a ser una instituci\u00f3n nacionalmente reconocida, que refleje y comunique la realidad de nuestra historia, a trav\u00e9s de un di\u00e1logo con la comunidad en todas sus expresiones, propia de nuestra instituci\u00f3n,capaz de ofrecer un servicio de alta calidad.<\/p>\n<h2 style=\"padding-left: 30px;\">Objetivo<\/h2>\n<p style=\"padding-left: 30px;\">La Red de Museos Comunitarios y Ecomuseos del Norte de M\u00e9xico tiene como objetivo dar a conocer la historia de cada Estado en el que se encuentra, por medio de los objetos patrimoniales que custodian y protegen nuestros museos. Adem\u00e1s, se busca ser un lugar de reflexi\u00f3n, promoviendo el di\u00e1logo de la comunidad mediante expresiones temporales, publicaciones y actividades culturales y de divulgaci\u00f3n que se proponen.<\/p>\n<h2 style=\"padding-left: 30px;\">Significado del sello de la red<\/h2>\n<p style=\"padding-left: 30px;\">Las nubes representan todo lo malo que pasamos en a\u00f1os anteriores y la salida del sol es el asomarse a nuevos horizontes.El aguila representa una opcion de vida para seguir adelante con un proceso muy doloroso o dejarse morir y en nuestro caso es seguir ese proceso para resurgir en bien de nuestros deseos y comunidades. Sostiene el mapa de M\u00e9xico, ya que se puede trabajar y expandirse nuestra red por todos los estados.\u00a0Resaltan los que est\u00e1n legalmente constituidos. Del lado izquierdo se encuentra un tarahumara que representa a Chihuahua.\u00a0Enseguida una iglesia dando lugar a Zacatecas y un pez que representa a Sinaloa.\u00a0Luego un alacr\u00e1n de Durango y un caracol o amonite de Coahuila.\u00a0Cierra con unos grecos de tipo chalchihuita originales de un plato que se encuentra en el museo de el nayar Durango y al final lleva el nombre de la red.<\/p>\n","protected":false},"excerpt":{"rendered":"<p>Historia La Red de Museos Comunitarios y Ecomuseos del Norte de M\u00e9xico fue constituida en el a\u00f1o 2009 en la<\/p>\n","protected":false},"author":1,"featured_media":0,"parent":0,"menu_order":0,"comment_status":"closed","ping_status":"closed","template":"","meta":[],"_links":{"self":[{"href":"http:\/\/remunomex.uas.edu.mx\/index.php\/wp-json\/wp\/v2\/pages\/334"}],"collection":[{"href":"http:\/\/remunomex.uas.edu.mx\/index.php\/wp-json\/wp\/v2\/pages"}],"about":[{"href":"http:\/\/remunomex.uas.edu.mx\/index.php\/wp-json\/wp\/v2\/types\/page"}],"author":[{"embeddable":true,"href":"http:\/\/remunomex.uas.edu.mx\/index.php\/wp-json\/wp\/v2\/users\/1"}],"replies":[{"embeddable":true,"href":"http:\/\/remunomex.uas.edu.mx\/index.php\/wp-json\/wp\/v2\/comments?post=334"}],"version-history":[{"count":14,"href":"http:\/\/remunomex.uas.edu.mx\/index.php\/wp-json\/wp\/v2\/pages\/334\/revisions"}],"predecessor-version":[{"id":1279,"href":"http:\/\/remunomex.uas.edu.mx\/index.php\/wp-json\/wp\/v2\/pages\/334\/revisions\/1279"}],"wp:attachment":[{"href":"http:\/\/remunomex.uas.edu.mx\/index.php\/wp-json\/wp\/v2\/media?parent=334"}],"curies":[{"name":"wp","href":"https:\/\/api.w.org\/{rel}","templated":true}]}}