{"id":549,"date":"2017-07-15T06:04:32","date_gmt":"2017-07-15T06:04:32","guid":{"rendered":"http:\/\/remunomex.uas.edu.mx\/?page_id=549"},"modified":"2019-03-02T23:49:03","modified_gmt":"2019-03-02T23:49:03","slug":"sinaloa","status":"publish","type":"page","link":"http:\/\/remunomex.uas.edu.mx\/index.php\/sinaloa\/","title":{"rendered":"Sinaloa"},"content":{"rendered":"<h1>MUSEOS DE SINALOA<\/h1>\n<div style=\"text-align: justify;\">Sinaloa se localiza en el noroeste de la Rep\u00fablica; no obstante, culturalmente forma parte del occidente. Comparte vecindad con Sonora, Chihuahua, Durango y Nayarit, y tiene un amplio, rico y bell\u00edsimo litoral en el Pac\u00edfico y en el Mar Cort\u00e9s. Actualmente, Sinaloa es uno de los mayores productores agropecuarios del pa\u00eds y brinda infinidad de atractivos hist\u00f3ricos, culturales, naturales y de recreaci\u00f3n.<\/div>\n<ul>\n<li><a href=\"http:\/\/remunomex.uas.edu.mx\/wp-content\/uploads\/2019\/03\/SINALOA.pdf\">Da clic aqu\u00ed para conocer m\u00e1s sobre Sinaloa<\/a><\/li>\n<\/ul>\n<p><iframe loading=\"lazy\" src=\"https:\/\/www.youtube.com\/embed\/9PnHImT3Iu4\" width=\"560\" height=\"315\" frameborder=\"0\" allowfullscreen=\"allowfullscreen\"><\/iframe><\/p>\n<p><img loading=\"lazy\" class=\"wp-image-1142 alignleft\" src=\"http:\/\/remunomex.uas.edu.mx\/wp-content\/uploads\/2017\/07\/mapa-de-museos.png\" alt=\"\" width=\"478\" height=\"447\" srcset=\"http:\/\/remunomex.uas.edu.mx\/wp-content\/uploads\/2017\/07\/mapa-de-museos.png 594w, http:\/\/remunomex.uas.edu.mx\/wp-content\/uploads\/2017\/07\/mapa-de-museos-300x281.png 300w\" sizes=\"(max-width: 478px) 100vw, 478px\" \/><\/p>\n<ul>\n<li><a href=\"http:\/\/remunomex.uas.edu.mx\/index.php\/museo-de-angostura\/\">MUSEO DE ANGOSTURA<\/a><\/li>\n<li><a href=\"http:\/\/remunomex.uas.edu.mx\/index.php\/museo-carlosbell\/\">MUSEO\u00a0 CARLOSBELL<\/a><\/li>\n<li><a href=\"http:\/\/remunomex.uas.edu.mx\/index.php\/__trashed-2\/\">MUSEO\u00a0 LA CASA DEL ALTO<\/a><\/li>\n<li><a href=\"http:\/\/remunomex.uas.edu.mx\/index.php\/museo-del-ejidatario\/\">MUSEO DEL EJIDATARIO<\/a><\/li>\n<li><a href=\"http:\/\/remunomex.uas.edu.mx\/index.php\/museo-el-jaguar\/\">MUSEO EL JAGUAR<\/a><\/li>\n<li><a href=\"http:\/\/remunomex.uas.edu.mx\/index.php\/museo-gral-antonio-rosales\/\">MUSEO GRAL. ANTONIO ROSALES<\/a><\/li>\n<li><a href=\"http:\/\/remunomex.uas.edu.mx\/index.php\/museo-gral-domingo-rubi-el-verde-concordia\/\">MUSEO GRAL. DOMINGO RUB\u00cd<\/a><\/li>\n<li><a href=\"http:\/\/remunomex.uas.edu.mx\/index.php\/museo-minero\/\">MUSEO MINERO<\/a><\/li>\n<li><a href=\"http:\/\/remunomex.uas.edu.mx\/index.php\/museo-profr-ricardo-vega-noriega\/\">MUSEO PROFR. RICARDO VEGA NORIEGA<\/a><\/li>\n<li><a href=\"http:\/\/remunomex.uas.edu.mx\/index.php\/museo-san-miguel-zapotitlan\/\">MUSEO SAN MIGUEL ZAPOTITLAN<\/a><\/li>\n<\/ul>\n","protected":false},"excerpt":{"rendered":"<p>MUSEOS DE SINALOA Sinaloa se localiza en el noroeste de la Rep\u00fablica; no obstante, culturalmente forma parte del occidente. Comparte<\/p>\n","protected":false},"author":1,"featured_media":0,"parent":0,"menu_order":0,"comment_status":"closed","ping_status":"closed","template":"","meta":[],"_links":{"self":[{"href":"http:\/\/remunomex.uas.edu.mx\/index.php\/wp-json\/wp\/v2\/pages\/549"}],"collection":[{"href":"http:\/\/remunomex.uas.edu.mx\/index.php\/wp-json\/wp\/v2\/pages"}],"about":[{"href":"http:\/\/remunomex.uas.edu.mx\/index.php\/wp-json\/wp\/v2\/types\/page"}],"author":[{"embeddable":true,"href":"http:\/\/remunomex.uas.edu.mx\/index.php\/wp-json\/wp\/v2\/users\/1"}],"replies":[{"embeddable":true,"href":"http:\/\/remunomex.uas.edu.mx\/index.php\/wp-json\/wp\/v2\/comments?post=549"}],"version-history":[{"count":8,"href":"http:\/\/remunomex.uas.edu.mx\/index.php\/wp-json\/wp\/v2\/pages\/549\/revisions"}],"predecessor-version":[{"id":1394,"href":"http:\/\/remunomex.uas.edu.mx\/index.php\/wp-json\/wp\/v2\/pages\/549\/revisions\/1394"}],"wp:attachment":[{"href":"http:\/\/remunomex.uas.edu.mx\/index.php\/wp-json\/wp\/v2\/media?parent=549"}],"curies":[{"name":"wp","href":"https:\/\/api.w.org\/{rel}","templated":true}]}}