{"id":551,"date":"2017-07-15T06:05:40","date_gmt":"2017-07-15T06:05:40","guid":{"rendered":"http:\/\/remunomex.uas.edu.mx\/?page_id=551"},"modified":"2019-03-02T23:48:11","modified_gmt":"2019-03-02T23:48:11","slug":"durango","status":"publish","type":"page","link":"http:\/\/remunomex.uas.edu.mx\/index.php\/durango\/","title":{"rendered":"Durango"},"content":{"rendered":"<h1>MUSEOS DE DURANGO<\/h1>\n<div style=\"text-align: justify;\">El estado de Durango se encuentra enclavado en la Sierra Madre Occidental y comparte vecindades con Sinaloa, Chihuahua, Coahuila, Zacatecas, Jalisco y Nayarit; su entorno est\u00e1 plagado de formaciones naturales de inigualable belleza que han servido de escenario para varias pel\u00edculas que recrean el Viejo Oeste norteamericano. Sus paisajes abarcan bosques, ca\u00f1ones, valles, r\u00edos, lagunas, desiertos, huertas y vi\u00f1as.<\/div>\n<ul>\n<li><a href=\"http:\/\/remunomex.uas.edu.mx\/wp-content\/uploads\/2019\/03\/DURANGO.pdf\">Da clic aqu\u00ed para conocer m\u00e1s sobre Durango<\/a><\/li>\n<\/ul>\n<p><iframe loading=\"lazy\" src=\"https:\/\/www.youtube.com\/embed\/4XkjqqjErGc\" width=\"560\" height=\"315\" frameborder=\"0\" allowfullscreen=\"allowfullscreen\"><\/iframe><\/p>\n<ul>\n<li><a href=\"http:\/\/remunomex.uas.edu.mx\/index.php\/museo-alhi\/\">MUSEO ALHI<\/a><\/li>\n<li><a href=\"http:\/\/remunomex.uas.edu.mx\/index.php\/museo-aviles\/\">MUSEO AVIL\u00c9S<\/a><\/li>\n<li><a href=\"http:\/\/remunomex.uas.edu.mx\/index.php\/museo-casa-del-gral-calixto-contreras\/\">MUSEO CASA DEL GRAL. CALIXTO CONTRERAS<\/a><\/li>\n<li><a href=\"http:\/\/remunomex.uas.edu.mx\/index.php\/museo-contalpa\/\">MUSEO CONTALPA<\/a><\/li>\n<li><a href=\"http:\/\/remunomex.uas.edu.mx\/index.php\/museo-el-papanton\/\">MUSEO EL PAPANT\u00d3N<\/a><\/li>\n<li><a href=\"http:\/\/remunomex.uas.edu.mx\/index.php\/museo-enrique-w-sanchez\/\">MUSEO ENRIQUE W. SANCHEZ<\/a><\/li>\n<li><a href=\"http:\/\/remunomex.uas.edu.mx\/index.php\/museo-estacion-orizonte\/\">MUSEO ESTACI\u00d3N ORIZONTE<\/a><\/li>\n<li><a href=\"http:\/\/remunomex.uas.edu.mx\/index.php\/museo-kokopelli\/\">MUSEO KOKOPELLI<\/a><\/li>\n<li><a href=\"http:\/\/remunomex.uas.edu.mx\/index.php\/museo-la-velardena\/\">MUSEO LA VELARDE\u00d1A<\/a><\/li>\n<li><a href=\"http:\/\/remunomex.uas.edu.mx\/index.php\/museo-maika\/\">MUSEO MAIKA<\/a><\/li>\n<li><a href=\"http:\/\/remunomex.uas.edu.mx\/index.php\/museo-nuestra-historia-ayer-y-hoy\/\">MUSEO NUESTRA HISTORIA AYER Y HOY<\/a><\/li>\n<li><a href=\"http:\/\/remunomex.uas.edu.mx\/index.php\/museo-tohue\/\">MUSEO TOHUE<\/a><\/li>\n<li><a href=\"http:\/\/remunomex.uas.edu.mx\/index.php\/museo-valle-de-suchil\/\">MUSEO VALLE DE SUCHIL<\/a><\/li>\n<li><a href=\"http:\/\/remunomex.uas.edu.mx\/index.php\/museo-xiximes\/\">MUSEO XIXIMES<\/a><\/li>\n<\/ul>\n","protected":false},"excerpt":{"rendered":"<p>MUSEOS DE DURANGO El estado de Durango se encuentra enclavado en la Sierra Madre Occidental y comparte vecindades con Sinaloa,<\/p>\n","protected":false},"author":1,"featured_media":0,"parent":0,"menu_order":0,"comment_status":"closed","ping_status":"closed","template":"","meta":[],"_links":{"self":[{"href":"http:\/\/remunomex.uas.edu.mx\/index.php\/wp-json\/wp\/v2\/pages\/551"}],"collection":[{"href":"http:\/\/remunomex.uas.edu.mx\/index.php\/wp-json\/wp\/v2\/pages"}],"about":[{"href":"http:\/\/remunomex.uas.edu.mx\/index.php\/wp-json\/wp\/v2\/types\/page"}],"author":[{"embeddable":true,"href":"http:\/\/remunomex.uas.edu.mx\/index.php\/wp-json\/wp\/v2\/users\/1"}],"replies":[{"embeddable":true,"href":"http:\/\/remunomex.uas.edu.mx\/index.php\/wp-json\/wp\/v2\/comments?post=551"}],"version-history":[{"count":8,"href":"http:\/\/remunomex.uas.edu.mx\/index.php\/wp-json\/wp\/v2\/pages\/551\/revisions"}],"predecessor-version":[{"id":1393,"href":"http:\/\/remunomex.uas.edu.mx\/index.php\/wp-json\/wp\/v2\/pages\/551\/revisions\/1393"}],"wp:attachment":[{"href":"http:\/\/remunomex.uas.edu.mx\/index.php\/wp-json\/wp\/v2\/media?parent=551"}],"curies":[{"name":"wp","href":"https:\/\/api.w.org\/{rel}","templated":true}]}}