{"id":553,"date":"2017-07-15T06:06:05","date_gmt":"2017-07-15T06:06:05","guid":{"rendered":"http:\/\/remunomex.uas.edu.mx\/?page_id=553"},"modified":"2018-12-15T20:38:20","modified_gmt":"2018-12-15T20:38:20","slug":"coahuila","status":"publish","type":"page","link":"http:\/\/remunomex.uas.edu.mx\/index.php\/coahuila\/","title":{"rendered":"Coahuila"},"content":{"rendered":"<h1>MUSEOS DE COAHUILA<\/h1>\n<div style=\"text-align: justify;\">Coahuila, estado fronterizo con Estados Unidos, cuyo nombre en n\u00e1huatl significa \u00abSerpiente que vuela\u00bb, fue testigo de la evangelizaci\u00f3n y colonizaci\u00f3n del norte de M\u00e9xico. El estado cuenta con varios atractivos: bosques, manantiales, desiertos, grandes ciudades, Pueblos M\u00e1gicos y peque\u00f1as poblaciones que hacen irresistible su visita; sin embargo su principal atracci\u00f3n es sin duda su gente franca y amigable.<\/div>\n<p><iframe loading=\"lazy\" src=\"https:\/\/www.youtube.com\/embed\/smVpjsOai0c\" width=\"560\" height=\"315\" frameborder=\"0\" allowfullscreen=\"allowfullscreen\"><\/iframe><\/p>\n<ul>\n<li><a href=\"http:\/\/remunomex.uas.edu.mx\/index.php\/museo-laguneros\/\">MUSEO LOS LAGUNEROS<\/a><\/li>\n<\/ul>\n","protected":false},"excerpt":{"rendered":"<p>MUSEOS DE COAHUILA Coahuila, estado fronterizo con Estados Unidos, cuyo nombre en n\u00e1huatl significa \u00abSerpiente que vuela\u00bb, fue testigo de<\/p>\n","protected":false},"author":1,"featured_media":0,"parent":0,"menu_order":0,"comment_status":"closed","ping_status":"closed","template":"","meta":[],"_links":{"self":[{"href":"http:\/\/remunomex.uas.edu.mx\/index.php\/wp-json\/wp\/v2\/pages\/553"}],"collection":[{"href":"http:\/\/remunomex.uas.edu.mx\/index.php\/wp-json\/wp\/v2\/pages"}],"about":[{"href":"http:\/\/remunomex.uas.edu.mx\/index.php\/wp-json\/wp\/v2\/types\/page"}],"author":[{"embeddable":true,"href":"http:\/\/remunomex.uas.edu.mx\/index.php\/wp-json\/wp\/v2\/users\/1"}],"replies":[{"embeddable":true,"href":"http:\/\/remunomex.uas.edu.mx\/index.php\/wp-json\/wp\/v2\/comments?post=553"}],"version-history":[{"count":5,"href":"http:\/\/remunomex.uas.edu.mx\/index.php\/wp-json\/wp\/v2\/pages\/553\/revisions"}],"predecessor-version":[{"id":1277,"href":"http:\/\/remunomex.uas.edu.mx\/index.php\/wp-json\/wp\/v2\/pages\/553\/revisions\/1277"}],"wp:attachment":[{"href":"http:\/\/remunomex.uas.edu.mx\/index.php\/wp-json\/wp\/v2\/media?parent=553"}],"curies":[{"name":"wp","href":"https:\/\/api.w.org\/{rel}","templated":true}]}}