{"id":557,"date":"2017-07-15T06:06:55","date_gmt":"2017-07-15T06:06:55","guid":{"rendered":"http:\/\/remunomex.uas.edu.mx\/?page_id=557"},"modified":"2019-03-02T23:47:17","modified_gmt":"2019-03-02T23:47:17","slug":"chihuahua","status":"publish","type":"page","link":"http:\/\/remunomex.uas.edu.mx\/index.php\/chihuahua\/","title":{"rendered":"Chihuahua"},"content":{"rendered":"<h1>MUSEOS DE CHIHUAHUA<\/h1>\n<div style=\"text-align: justify;\">Chihuahua es el estado m\u00e1s extenso de la Rep\u00fablica Mexicana. Al sur limita con las entidades de Durango y Sinaloa; al este con Coahuila y al norte con los estados norteamericanos de Texas y Nuevo M\u00e9xico. Fue habitado por varios grupos ind\u00edgenas; sin embargo, hoy es conocido por los rar\u00e1muris que viven en la Sierra Tarahumara.<\/div>\n<ul>\n<li style=\"list-style-type: none\">\n<ul>\n<li><a href=\"http:\/\/remunomex.uas.edu.mx\/wp-content\/uploads\/2019\/03\/CHIHUAHUA.pdf\">Da clic aqu\u00ed para conocer m\u00e1s sobre Chihuahua<\/a><\/li>\n<\/ul>\n<\/li>\n<\/ul>\n<p><iframe loading=\"lazy\" src=\"https:\/\/www.youtube.com\/embed\/ykYgIoL6Qk4\" width=\"560\" height=\"315\" frameborder=\"0\" allowfullscreen=\"allowfullscreen\"><\/iframe><\/p>\n<ul>\n<li><a href=\"http:\/\/remunomex.uas.edu.mx\/index.php\/museo-abraham-gonzalez\/\">MUSEO ABRAHAM GONZ\u00c1LEZ<\/a><\/li>\n<li><a href=\"http:\/\/remunomex.uas.edu.mx\/index.php\/museo-aldama\/\">MUSEO ALDAMA<\/a><\/li>\n<li><a href=\"http:\/\/remunomex.uas.edu.mx\/index.php\/museo-casa-de-la-cultura-manuel-ojinaga\/\">MUSEO CASA DE LA CULTURA MANUEL OJINAGA<\/a><\/li>\n<li><a href=\"http:\/\/remunomex.uas.edu.mx\/index.php\/museo-norawa\/\">MUSEO NORAWA<\/a><\/li>\n<li><a href=\"http:\/\/remunomex.uas.edu.mx\/index.php\/museo-parral-de-mis-recuerdos\/\">MUSEO PARRAL DE MIS RECUERDOS<\/a><\/li>\n<li><a href=\"http:\/\/remunomex.uas.edu.mx\/index.php\/museo-raices-de-satevo\/\">MUSEO RA\u00cdCES DE SATEV\u00d3<\/a><\/li>\n<li><a href=\"http:\/\/remunomex.uas.edu.mx\/index.php\/museo-rancho-don-chuy\/\">MUSEO RANCHO DON CHUY<\/a><\/li>\n<li><a href=\"http:\/\/remunomex.uas.edu.mx\/index.php\/museo-tarike\/\">MUSEO TARIKE<\/a><\/li>\n<li><a href=\"http:\/\/remunomex.uas.edu.mx\/index.php\/museo-tomochi\/\">MUSEO TOMOCHI<\/a><\/li>\n<li><a href=\"http:\/\/remunomex.uas.edu.mx\/index.php\/museo-toribio-ortega\/\">MUSEO\u00a0TORIBIO ORTEGA<\/a><\/li>\n<li><a href=\"http:\/\/remunomex.uas.edu.mx\/index.php\/museo-towi\/\">MUSEO TOWI<\/a><\/li>\n<li><a href=\"http:\/\/remunomex.uas.edu.mx\/index.php\/museo-valle-de-allende-panteon-municipal\/\">MUSEO\u00a0VALLE DE ALLENDE PANTE\u00d3N MUNICIPAL<\/a><\/li>\n<\/ul>\n","protected":false},"excerpt":{"rendered":"<p>MUSEOS DE CHIHUAHUA Chihuahua es el estado m\u00e1s extenso de la Rep\u00fablica Mexicana. Al sur limita con las entidades de<\/p>\n","protected":false},"author":1,"featured_media":0,"parent":0,"menu_order":0,"comment_status":"closed","ping_status":"closed","template":"","meta":[],"_links":{"self":[{"href":"http:\/\/remunomex.uas.edu.mx\/index.php\/wp-json\/wp\/v2\/pages\/557"}],"collection":[{"href":"http:\/\/remunomex.uas.edu.mx\/index.php\/wp-json\/wp\/v2\/pages"}],"about":[{"href":"http:\/\/remunomex.uas.edu.mx\/index.php\/wp-json\/wp\/v2\/types\/page"}],"author":[{"embeddable":true,"href":"http:\/\/remunomex.uas.edu.mx\/index.php\/wp-json\/wp\/v2\/users\/1"}],"replies":[{"embeddable":true,"href":"http:\/\/remunomex.uas.edu.mx\/index.php\/wp-json\/wp\/v2\/comments?post=557"}],"version-history":[{"count":8,"href":"http:\/\/remunomex.uas.edu.mx\/index.php\/wp-json\/wp\/v2\/pages\/557\/revisions"}],"predecessor-version":[{"id":1392,"href":"http:\/\/remunomex.uas.edu.mx\/index.php\/wp-json\/wp\/v2\/pages\/557\/revisions\/1392"}],"wp:attachment":[{"href":"http:\/\/remunomex.uas.edu.mx\/index.php\/wp-json\/wp\/v2\/media?parent=557"}],"curies":[{"name":"wp","href":"https:\/\/api.w.org\/{rel}","templated":true}]}}