{"id":79,"date":"2017-06-28T00:28:34","date_gmt":"2017-06-28T00:28:34","guid":{"rendered":"http:\/\/remunomex.uas.edu.mx\/?page_id=79"},"modified":"2019-01-03T21:07:16","modified_gmt":"2019-01-03T21:07:16","slug":"museo-las-lajas","status":"publish","type":"page","link":"http:\/\/remunomex.uas.edu.mx\/index.php\/museo-las-lajas\/","title":{"rendered":"MUSEO LAS LAJAS"},"content":{"rendered":"\n\t\t<!-- MasterSlider -->\n\t\t<div id=\"P_MS69f3baa9beeb2\" class=\"master-slider-parent msl ms-parent-id-38\" style=\"max-width:945px;\">\n\n\t\t\t\n\t\t\t<!-- MasterSlider Main -->\n\t\t\t<div id=\"MS69f3baa9beeb2\" class=\"master-slider ms-skin-light-6 round-skin\" >\n\t\t\t\t \t\t\t\t \n\t\t\t\t<div  class=\"ms-slide\" data-delay=\"3\" data-fill-mode=\"fit\"  >\n\t\t\t\t\t<img src=\"http:\/\/remunomex.uas.edu.mx\/wp-content\/plugins\/master-slider\/public\/assets\/css\/blank.gif\" alt=\"\" title=\"\" data-src=\"http:\/\/remunomex.uas.edu.mx\/wp-content\/uploads\/2017\/08\/MUSEO-LAS-LAJAS-2.jpg\" \/>\n\n\n\t<div class=\"ms-thumb\" ><div class=\"ms-tab-context\"><div class=&quot;ms-tab-context&quot;><\/div><\/div>\n<\/div>\n\t\t\t\t<\/div>\n\t\t\t\t<div  class=\"ms-slide\" data-delay=\"3\" data-fill-mode=\"fit\"  >\n\t\t\t\t\t<img src=\"http:\/\/remunomex.uas.edu.mx\/wp-content\/plugins\/master-slider\/public\/assets\/css\/blank.gif\" alt=\"\" title=\"\" data-src=\"http:\/\/remunomex.uas.edu.mx\/wp-content\/uploads\/2017\/08\/MUSEO-LAS-LAJAS-16.jpg\" \/>\n\n\n\t<div class=\"ms-thumb\" ><div class=\"ms-tab-context\"><div class=&quot;ms-tab-context&quot;><\/div><\/div>\n<\/div>\n\t\t\t\t<\/div>\n\t\t\t\t<div  class=\"ms-slide\" data-delay=\"3\" data-fill-mode=\"fit\"  >\n\t\t\t\t\t<img src=\"http:\/\/remunomex.uas.edu.mx\/wp-content\/plugins\/master-slider\/public\/assets\/css\/blank.gif\" alt=\"\" title=\"\" data-src=\"http:\/\/remunomex.uas.edu.mx\/wp-content\/uploads\/2017\/08\/MUSEO-LAS-LAJAS-17.jpg\" \/>\n\n\n\t<div class=\"ms-thumb\" ><div class=\"ms-tab-context\"><div class=&quot;ms-tab-context&quot;><\/div><\/div>\n<\/div>\n\t\t\t\t<\/div>\n\t\t\t\t<div  class=\"ms-slide\" data-delay=\"3\" data-fill-mode=\"fit\"  >\n\t\t\t\t\t<img src=\"http:\/\/remunomex.uas.edu.mx\/wp-content\/plugins\/master-slider\/public\/assets\/css\/blank.gif\" alt=\"\" title=\"\" data-src=\"http:\/\/remunomex.uas.edu.mx\/wp-content\/uploads\/2017\/08\/MUSEO-LAS-LAJAS-3.jpg\" \/>\n\n\n\t<div class=\"ms-thumb\" ><div class=\"ms-tab-context\"><div class=&quot;ms-tab-context&quot;><\/div><\/div>\n<\/div>\n\t\t\t\t<\/div>\n\t\t\t\t<div  class=\"ms-slide\" data-delay=\"3\" data-fill-mode=\"fit\"  >\n\t\t\t\t\t<img src=\"http:\/\/remunomex.uas.edu.mx\/wp-content\/plugins\/master-slider\/public\/assets\/css\/blank.gif\" alt=\"\" title=\"\" data-src=\"http:\/\/remunomex.uas.edu.mx\/wp-content\/uploads\/2017\/08\/MUSEO-LAS-LAJAS-4.jpg\" \/>\n\n\n\t<div class=\"ms-thumb\" ><div class=\"ms-tab-context\"><div class=&quot;ms-tab-context&quot;><\/div><\/div>\n<\/div>\n\t\t\t\t<\/div>\n\t\t\t\t<div  class=\"ms-slide\" data-delay=\"3\" data-fill-mode=\"fit\"  >\n\t\t\t\t\t<img src=\"http:\/\/remunomex.uas.edu.mx\/wp-content\/plugins\/master-slider\/public\/assets\/css\/blank.gif\" alt=\"\" title=\"\" data-src=\"http:\/\/remunomex.uas.edu.mx\/wp-content\/uploads\/2017\/08\/MUSEO-LAS-LAJAS-9.jpg\" \/>\n\n\n\t<div class=\"ms-thumb\" ><div class=\"ms-tab-context\"><div class=&quot;ms-tab-context&quot;><\/div><\/div>\n<\/div>\n\t\t\t\t<\/div>\n\t\t\t\t<div  class=\"ms-slide\" data-delay=\"3\" data-fill-mode=\"fit\"  >\n\t\t\t\t\t<img src=\"http:\/\/remunomex.uas.edu.mx\/wp-content\/plugins\/master-slider\/public\/assets\/css\/blank.gif\" alt=\"\" title=\"\" data-src=\"http:\/\/remunomex.uas.edu.mx\/wp-content\/uploads\/2017\/08\/MUSEO-LAS-LAJAS-10.jpg\" \/>\n\n\n\t<div class=\"ms-thumb\" ><div class=\"ms-tab-context\"><div class=&quot;ms-tab-context&quot;><\/div><\/div>\n<\/div>\n\t\t\t\t<\/div>\n\n\t\t\t<\/div>\n\t\t\t<!-- END MasterSlider Main -->\n\n\t\t\t \n\t\t<\/div>\n\t\t<!-- END MasterSlider -->\n\n\t\t<script>\n\t\t(function ( $ ) {\n\t\t\t\"use strict\";\n\n\t\t\t$(function () {\n\t\t\t\tvar masterslider_eeb2 = new MasterSlider();\n\n\t\t\t\t\/\/ slider controls\n\t\t\t\tmasterslider_eeb2.control('arrows'     ,{ autohide:true, overVideo:true  });\t\t\t\tmasterslider_eeb2.control('bullets'    ,{ autohide:false, overVideo:true, dir:'h', align:'bottom' , margin:10  });\n\n\t\t\t\tmasterslider_eeb2.control('scrollbar'  ,{ autohide:true, overVideo:true, dir:'h', inset:true, align:'top', color:'#404040' , margin:10  , width:4 });\n\t\t\t\t\/\/ slider setup\n\t\t\t\tmasterslider_eeb2.setup(\"MS69f3baa9beeb2\", {\n\t\t\t\t\t\twidth           : 800,\n\t\t\t\t\t\theight          : 480,\n\t\t\t\t\t\tminHeight       : 0,\n\t\t\t\t\t\tspace           : 0,\n\t\t\t\t\t\tstart           : 1,\n\t\t\t\t\t\tgrabCursor      : true,\n\t\t\t\t\t\tswipe           : true,\n\t\t\t\t\t\tmouse           : true,\n\t\t\t\t\t\tlayout          : \"boxed\",\n\t\t\t\t\t\twheel           : false,\n\t\t\t\t\t\tautoplay        : false,\n\t\t\t\t\t\tinstantStartLayers:false,\n\t\t\t\t\t\tloop            : false,\n\t\t\t\t\t\tshuffle         : false,\n\t\t\t\t\t\tpreload         : 0,\n\t\t\t\t\t\theightLimit     : true,\n\t\t\t\t\t\tautoHeight      : false,\n\t\t\t\t\t\tsmoothHeight    : true,\n\t\t\t\t\t\tendPause        : false,\n\t\t\t\t\t\toverPause       : true,\n\t\t\t\t\t\tfillMode        : \"fill\",\n\t\t\t\t\t\tcenterControls  : false,\n\t\t\t\t\t\tstartOnAppear   : false,\n\t\t\t\t\t\tlayersMode      : \"center\",\n\t\t\t\t\t\thideLayers      : false,\n\t\t\t\t\t\tfullscreenMargin: 0,\n\t\t\t\t\t\tspeed           : 20,\n\t\t\t\t\t\tdir             : \"h\",\n\t\t\t\t\t\tparallaxMode    : 'swipe',\n\t\t\t\t\t\tview            : \"basic\"\n\t\t\t\t});\n\n\t\t\t\t\n\t\t\t\twindow.masterslider_instances = window.masterslider_instances || [];\n\t\t\t\twindow.masterslider_instances.push( masterslider_eeb2 );\n\t\t\t });\n\n\t\t})(jQuery);\n\t\t<\/script>\n\n\n<hr \/>\n<div id=\"informacion\"><strong>Direccion<\/strong><br \/>\nAdolfo L\u00f3pez Mateos S\/N<br \/>\nCol. Las Lajas (Comunidad), C.P.\u00a098707<br \/>\nOjocaliente, Zacatecas<\/div>\n<div><\/div>\n<div><strong>Informaci\u00f3n de la direcci\u00f3n del museo<\/strong><\/div>\n<div><img loading=\"lazy\" class=\"\" src=\"https:\/\/c1.staticflickr.com\/9\/8748\/17032828342_49c30daae3_b.jpg\" alt=\"Resultado de imagen para ojocaliente zacatecas\" width=\"284\" height=\"160\" \/>\u00a0<img loading=\"lazy\" class=\"\" src=\"http:\/\/www.inafed.gob.mx\/work\/enciclopedia\/EMM32zacatecas\/municipios\/32036\/32t036-02.jpg\" alt=\"Resultado de imagen para ojocaliente zacatecas\" width=\"247\" height=\"159\" \/>\u00a0<img loading=\"lazy\" class=\"\" src=\"https:\/\/c1.staticflickr.com\/7\/6132\/5965441104_fdfca60980_b.jpg\" alt=\"Imagen relacionada\" width=\"106\" height=\"158\" \/><\/div>\n<div style=\"text-align: justify;\">Ojocaliente\u00a0es el nombre de uno de los\u00a058 municipios\u00a0pertenecientes al\u00a0Estado de Zacatecas,\u00a0M\u00e9xico. En este municipio naci\u00f3 el ex gobernador del estado\u00a0Fernando P\u00e1manes Escobedo.\u00a0Existen alrededor de nueve escuelas primarias en la cabecera del municipio, una secundaria federal, una secundaria t\u00e9cnica, tambi\u00e9n cuenta con dos bachilleratos que uno es un colegio de bachilleres y otro un CBTA.<\/div>\n<p>&nbsp;<\/p>\n<div><strong>Tel\u00e9fono<\/strong>:\u00a0(458) 101-8489 y (458) 108-60-61<\/div>\n<p>&nbsp;<\/p>\n<div><strong>Horario<\/strong><\/div>\n<div>De Lunes a Domingo de 8 a.m. a 6 p.m.<\/div>\n<p>&nbsp;<\/p>\n<div><strong>Datos generales<\/strong><br \/>\nEl museo est\u00e1 distribuido en 3 salas en el que son expuestos tres \u00e1mbitos del patrimonio cultural de la comunidad.<\/div>\n<ul>\n<li>Agricultura<\/li>\n<li>Vida cotidiana<\/li>\n<li>Gastronom\u00eda rural<\/li>\n<\/ul>\n<p>Una de ellas tambi\u00e9n es utilizada como sala de usos m\u00faltiples en la que se proyectan documentales, cine mexicano, y adem\u00e1s en la temporada de cuaresma es expuesta una colecci\u00f3n de fotograf\u00edas de fiestas devocionales (tradicionales de la comunidad)<br \/>\nAl terminar el recorrido por el museo puede pasar a la tienda de souvenir donde podr\u00e1 adquirir artesan\u00edas elaboradas por los habitantes de este lugar.<\/p>\n<p>&nbsp;<\/p>\n<div><strong>Fecha de fundaci\u00f3n<\/strong><br \/>\n30 de Marzo del 2015.<\/div>\n<p>&nbsp;<\/p>\n<div>\n<div><strong>Redes Sociales<\/strong><\/div>\n<div>Facebook:\u00a0<a href=\"https:\/\/www.facebook.com\/Museo-Comunitario-Las-Lajas-627316170702260\/\" target=\"_blank\" rel=\"noopener\">Museo Comunitario \u00abLas Lajas\u00bb<\/a><\/div>\n<div>Correo electr\u00f3nico: Museocomunitario-laslajas@hotmail.com &#8211;\u00a0pin-921103@hotmail.com<\/div>\n<\/div>\n<div style=\"text-align: center;\">\n<hr \/>\n<\/div>\n<h3 style=\"text-align: center;\">Responsable del Museo<\/h3>\n<div style=\"text-align: center;\">Felipe de Jes\u00fas Gallegos Montes<\/div>\n","protected":false},"excerpt":{"rendered":"<p>Direccion Adolfo L\u00f3pez Mateos S\/N Col. Las Lajas (Comunidad), C.P.\u00a098707 Ojocaliente, Zacatecas Informaci\u00f3n de la direcci\u00f3n del museo \u00a0\u00a0 Ojocaliente\u00a0es<\/p>\n","protected":false},"author":1,"featured_media":0,"parent":0,"menu_order":0,"comment_status":"closed","ping_status":"closed","template":"","meta":[],"_links":{"self":[{"href":"http:\/\/remunomex.uas.edu.mx\/index.php\/wp-json\/wp\/v2\/pages\/79"}],"collection":[{"href":"http:\/\/remunomex.uas.edu.mx\/index.php\/wp-json\/wp\/v2\/pages"}],"about":[{"href":"http:\/\/remunomex.uas.edu.mx\/index.php\/wp-json\/wp\/v2\/types\/page"}],"author":[{"embeddable":true,"href":"http:\/\/remunomex.uas.edu.mx\/index.php\/wp-json\/wp\/v2\/users\/1"}],"replies":[{"embeddable":true,"href":"http:\/\/remunomex.uas.edu.mx\/index.php\/wp-json\/wp\/v2\/comments?post=79"}],"version-history":[{"count":9,"href":"http:\/\/remunomex.uas.edu.mx\/index.php\/wp-json\/wp\/v2\/pages\/79\/revisions"}],"predecessor-version":[{"id":1331,"href":"http:\/\/remunomex.uas.edu.mx\/index.php\/wp-json\/wp\/v2\/pages\/79\/revisions\/1331"}],"wp:attachment":[{"href":"http:\/\/remunomex.uas.edu.mx\/index.php\/wp-json\/wp\/v2\/media?parent=79"}],"curies":[{"name":"wp","href":"https:\/\/api.w.org\/{rel}","templated":true}]}}