{"id":81,"date":"2017-06-28T00:28:36","date_gmt":"2017-06-28T00:28:36","guid":{"rendered":"http:\/\/remunomex.uas.edu.mx\/?page_id=81"},"modified":"2019-01-03T23:05:36","modified_gmt":"2019-01-03T23:05:36","slug":"museo-valparaiso","status":"publish","type":"page","link":"http:\/\/remunomex.uas.edu.mx\/index.php\/museo-valparaiso\/","title":{"rendered":"MUSEO VALPARAISO"},"content":{"rendered":"\n\t\t<!-- MasterSlider -->\n\t\t<div id=\"P_MS69dec2ad9b8ed\" class=\"master-slider-parent msl ms-parent-id-39\" style=\"max-width:945px;\">\n\n\t\t\t\n\t\t\t<!-- MasterSlider Main -->\n\t\t\t<div id=\"MS69dec2ad9b8ed\" class=\"master-slider ms-skin-light-6 round-skin\" >\n\t\t\t\t \t\t\t\t \n\t\t\t\t<div  class=\"ms-slide\" data-delay=\"3\" data-fill-mode=\"fit\"  >\n\t\t\t\t\t<img src=\"http:\/\/remunomex.uas.edu.mx\/wp-content\/plugins\/master-slider\/public\/assets\/css\/blank.gif\" alt=\"\" title=\"\" data-src=\"http:\/\/remunomex.uas.edu.mx\/wp-content\/uploads\/2017\/08\/MUSEO-VALPARAISO-14.jpg\" \/>\n\n\n\t<div class=\"ms-thumb\" ><div class=\"ms-tab-context\"><div class=&quot;ms-tab-context&quot;><\/div><\/div>\n<\/div>\n\t\t\t\t<\/div>\n\t\t\t\t<div  class=\"ms-slide\" data-delay=\"3\" data-fill-mode=\"fill\"  >\n\t\t\t\t\t<img src=\"http:\/\/remunomex.uas.edu.mx\/wp-content\/plugins\/master-slider\/public\/assets\/css\/blank.gif\" alt=\"\" title=\"\" data-src=\"http:\/\/remunomex.uas.edu.mx\/wp-content\/uploads\/2017\/08\/MUSEO-VALPARAISO-13.jpg\" \/>\n\n\n\t<div class=\"ms-thumb\" ><div class=\"ms-tab-context\"><div class=&quot;ms-tab-context&quot;><\/div><\/div>\n<\/div>\n\t\t\t\t<\/div>\n\t\t\t\t<div  class=\"ms-slide\" data-delay=\"3\" data-fill-mode=\"fill\"  >\n\t\t\t\t\t<img src=\"http:\/\/remunomex.uas.edu.mx\/wp-content\/plugins\/master-slider\/public\/assets\/css\/blank.gif\" alt=\"\" title=\"\" data-src=\"http:\/\/remunomex.uas.edu.mx\/wp-content\/uploads\/2017\/08\/MUSEO-VALPARAISO-11.jpg\" \/>\n\n\n\t<div class=\"ms-thumb\" ><div class=\"ms-tab-context\"><div class=&quot;ms-tab-context&quot;><\/div><\/div>\n<\/div>\n\t\t\t\t<\/div>\n\t\t\t\t<div  class=\"ms-slide\" data-delay=\"3\" data-fill-mode=\"fill\"  >\n\t\t\t\t\t<img src=\"http:\/\/remunomex.uas.edu.mx\/wp-content\/plugins\/master-slider\/public\/assets\/css\/blank.gif\" alt=\"\" title=\"\" data-src=\"http:\/\/remunomex.uas.edu.mx\/wp-content\/uploads\/2017\/08\/MUSEO-VALPARAISO-12.jpg\" \/>\n\n\n\t<div class=\"ms-thumb\" ><div class=\"ms-tab-context\"><div class=&quot;ms-tab-context&quot;><\/div><\/div>\n<\/div>\n\t\t\t\t<\/div>\n\t\t\t\t<div  class=\"ms-slide\" data-delay=\"3\" data-fill-mode=\"fill\"  >\n\t\t\t\t\t<img src=\"http:\/\/remunomex.uas.edu.mx\/wp-content\/plugins\/master-slider\/public\/assets\/css\/blank.gif\" alt=\"\" title=\"\" data-src=\"http:\/\/remunomex.uas.edu.mx\/wp-content\/uploads\/2017\/08\/MUSEO-VALPARAISO-1.jpg\" \/>\n\n\n\t<div class=\"ms-thumb\" ><div class=\"ms-tab-context\"><div class=&quot;ms-tab-context&quot;><\/div><\/div>\n<\/div>\n\t\t\t\t<\/div>\n\t\t\t\t<div  class=\"ms-slide\" data-delay=\"3\" data-fill-mode=\"fit\"  >\n\t\t\t\t\t<img src=\"http:\/\/remunomex.uas.edu.mx\/wp-content\/plugins\/master-slider\/public\/assets\/css\/blank.gif\" alt=\"\" title=\"\" data-src=\"http:\/\/remunomex.uas.edu.mx\/wp-content\/uploads\/2017\/08\/MUSEO-VALPARAISO-2.jpg\" \/>\n\n\n\t<div class=\"ms-thumb\" ><div class=\"ms-tab-context\"><div class=&quot;ms-tab-context&quot;><\/div><\/div>\n<\/div>\n\t\t\t\t<\/div>\n\t\t\t\t<div  class=\"ms-slide\" data-delay=\"3\" data-fill-mode=\"fit\"  >\n\t\t\t\t\t<img src=\"http:\/\/remunomex.uas.edu.mx\/wp-content\/plugins\/master-slider\/public\/assets\/css\/blank.gif\" alt=\"\" title=\"\" data-src=\"http:\/\/remunomex.uas.edu.mx\/wp-content\/uploads\/2017\/08\/MUSEO-VALPARAISO-4.jpg\" \/>\n\n\n\t<div class=\"ms-thumb\" ><div class=\"ms-tab-context\"><div class=&quot;ms-tab-context&quot;><\/div><\/div>\n<\/div>\n\t\t\t\t<\/div>\n\t\t\t\t<div  class=\"ms-slide\" data-delay=\"3\" data-fill-mode=\"fill\"  >\n\t\t\t\t\t<img src=\"http:\/\/remunomex.uas.edu.mx\/wp-content\/plugins\/master-slider\/public\/assets\/css\/blank.gif\" alt=\"\" title=\"\" data-src=\"http:\/\/remunomex.uas.edu.mx\/wp-content\/uploads\/2017\/08\/MUSEO-VALPARAISO-5.jpg\" \/>\n\n\n\t<div class=\"ms-thumb\" ><div class=\"ms-tab-context\"><div class=&quot;ms-tab-context&quot;><\/div><\/div>\n<\/div>\n\t\t\t\t<\/div>\n\t\t\t\t<div  class=\"ms-slide\" data-delay=\"3\" data-fill-mode=\"fill\"  >\n\t\t\t\t\t<img src=\"http:\/\/remunomex.uas.edu.mx\/wp-content\/plugins\/master-slider\/public\/assets\/css\/blank.gif\" alt=\"\" title=\"\" data-src=\"http:\/\/remunomex.uas.edu.mx\/wp-content\/uploads\/2017\/08\/MUSEO-VALPARAISO-6.jpg\" \/>\n\n\n\t<div class=\"ms-thumb\" ><div class=\"ms-tab-context\"><div class=&quot;ms-tab-context&quot;><\/div><\/div>\n<\/div>\n\t\t\t\t<\/div>\n\t\t\t\t<div  class=\"ms-slide\" data-delay=\"3\" data-fill-mode=\"fill\"  >\n\t\t\t\t\t<img src=\"http:\/\/remunomex.uas.edu.mx\/wp-content\/plugins\/master-slider\/public\/assets\/css\/blank.gif\" alt=\"\" title=\"\" data-src=\"http:\/\/remunomex.uas.edu.mx\/wp-content\/uploads\/2017\/08\/MUSEO-VALPARAISO-7.jpg\" \/>\n\n\n\t<div class=\"ms-thumb\" ><div class=\"ms-tab-context\"><div class=&quot;ms-tab-context&quot;><\/div><\/div>\n<\/div>\n\t\t\t\t<\/div>\n\t\t\t\t<div  class=\"ms-slide\" data-delay=\"3\" data-fill-mode=\"fit\"  >\n\t\t\t\t\t<img src=\"http:\/\/remunomex.uas.edu.mx\/wp-content\/plugins\/master-slider\/public\/assets\/css\/blank.gif\" alt=\"\" title=\"\" data-src=\"http:\/\/remunomex.uas.edu.mx\/wp-content\/uploads\/2017\/08\/MUSEO-VALPARAISO-8.jpg\" \/>\n\n\n\t<div class=\"ms-thumb\" ><div class=\"ms-tab-context\"><div class=&quot;ms-tab-context&quot;><\/div><\/div>\n<\/div>\n\t\t\t\t<\/div>\n\t\t\t\t<div  class=\"ms-slide\" data-delay=\"3\" data-fill-mode=\"fill\"  >\n\t\t\t\t\t<img src=\"http:\/\/remunomex.uas.edu.mx\/wp-content\/plugins\/master-slider\/public\/assets\/css\/blank.gif\" alt=\"\" title=\"\" data-src=\"http:\/\/remunomex.uas.edu.mx\/wp-content\/uploads\/2017\/08\/MUSEO-VALPARAISO-9.jpg\" \/>\n\n\n\t<div class=\"ms-thumb\" ><div class=\"ms-tab-context\"><div class=&quot;ms-tab-context&quot;><\/div><\/div>\n<\/div>\n\t\t\t\t<\/div>\n\t\t\t\t<div  class=\"ms-slide\" data-delay=\"3\" data-fill-mode=\"fill\"  >\n\t\t\t\t\t<img src=\"http:\/\/remunomex.uas.edu.mx\/wp-content\/plugins\/master-slider\/public\/assets\/css\/blank.gif\" alt=\"\" title=\"\" data-src=\"http:\/\/remunomex.uas.edu.mx\/wp-content\/uploads\/2017\/08\/MUSEO-VALPARAISO-10.jpg\" \/>\n\n\n\t<div class=\"ms-thumb\" ><div class=\"ms-tab-context\"><div class=&quot;ms-tab-context&quot;><\/div><\/div>\n<\/div>\n\t\t\t\t<\/div>\n\n\t\t\t<\/div>\n\t\t\t<!-- END MasterSlider Main -->\n\n\t\t\t \n\t\t<\/div>\n\t\t<!-- END MasterSlider -->\n\n\t\t<script>\n\t\t(function ( $ ) {\n\t\t\t\"use strict\";\n\n\t\t\t$(function () {\n\t\t\t\tvar masterslider_b8ed = new MasterSlider();\n\n\t\t\t\t\/\/ slider controls\n\t\t\t\tmasterslider_b8ed.control('arrows'     ,{ autohide:true, overVideo:true  });\t\t\t\tmasterslider_b8ed.control('bullets'    ,{ autohide:false, overVideo:true, dir:'h', align:'bottom' , margin:10  });\n\n\t\t\t\tmasterslider_b8ed.control('scrollbar'  ,{ autohide:true, overVideo:true, dir:'h', inset:true, align:'top', color:'#404040' , margin:10  , width:4 });\n\t\t\t\t\/\/ slider setup\n\t\t\t\tmasterslider_b8ed.setup(\"MS69dec2ad9b8ed\", {\n\t\t\t\t\t\twidth           : 800,\n\t\t\t\t\t\theight          : 480,\n\t\t\t\t\t\tminHeight       : 0,\n\t\t\t\t\t\tspace           : 0,\n\t\t\t\t\t\tstart           : 1,\n\t\t\t\t\t\tgrabCursor      : true,\n\t\t\t\t\t\tswipe           : true,\n\t\t\t\t\t\tmouse           : true,\n\t\t\t\t\t\tlayout          : \"boxed\",\n\t\t\t\t\t\twheel           : false,\n\t\t\t\t\t\tautoplay        : false,\n\t\t\t\t\t\tinstantStartLayers:false,\n\t\t\t\t\t\tloop            : false,\n\t\t\t\t\t\tshuffle         : false,\n\t\t\t\t\t\tpreload         : 0,\n\t\t\t\t\t\theightLimit     : true,\n\t\t\t\t\t\tautoHeight      : false,\n\t\t\t\t\t\tsmoothHeight    : true,\n\t\t\t\t\t\tendPause        : false,\n\t\t\t\t\t\toverPause       : true,\n\t\t\t\t\t\tfillMode        : \"fill\",\n\t\t\t\t\t\tcenterControls  : false,\n\t\t\t\t\t\tstartOnAppear   : false,\n\t\t\t\t\t\tlayersMode      : \"center\",\n\t\t\t\t\t\thideLayers      : false,\n\t\t\t\t\t\tfullscreenMargin: 0,\n\t\t\t\t\t\tspeed           : 20,\n\t\t\t\t\t\tdir             : \"h\",\n\t\t\t\t\t\tparallaxMode    : 'swipe',\n\t\t\t\t\t\tview            : \"basic\"\n\t\t\t\t});\n\n\t\t\t\t\n\t\t\t\twindow.masterslider_instances = window.masterslider_instances || [];\n\t\t\t\twindow.masterslider_instances.push( masterslider_b8ed );\n\t\t\t });\n\n\t\t})(jQuery);\n\t\t<\/script>\n\n\n<hr \/>\n<div><strong>Direccion<\/strong><br \/>\nAv. Negrete S\/N<br \/>\nCentro, C.P. 99200<br \/>\nValpara\u00edso, Valpara\u00edso, Zacatecas<\/div>\n<p><iframe loading=\"lazy\" style=\"border: 0;\" src=\"https:\/\/www.google.com\/maps\/embed?pb=!1m18!1m12!1m3!1d1839.397363479229!2d-103.56821169944789!3d22.77299799868126!2m3!1f0!2f0!3f0!3m2!1i1024!2i768!4f13.1!3m3!1m2!1s0x0%3A0x0!2zMjLCsDQ2JzIyLjgiTiAxMDPCsDM0JzAzLjIiVw!5e0!3m2!1ses!2sus!4v1502348695763\" width=\"350\" height=\"300\" frameborder=\"0\" allowfullscreen=\"allowfullscreen\"><\/iframe><br \/>\n<strong>Informaci\u00f3n de la direcci\u00f3n del museo<\/strong><\/p>\n<p><img loading=\"lazy\" class=\"\" src=\"https:\/\/i.ytimg.com\/vi\/5MZ2bhHbNZI\/maxresdefault.jpg\" alt=\"Resultado de imagen para valparaiso zacatecas\" width=\"258\" height=\"145\" \/>\u00a0<img loading=\"lazy\" class=\"\" src=\"https:\/\/www.turimexico.com\/wp-content\/uploads\/2016\/08\/Para%C3%ADso-Resort-en-Valpara%C3%ADso-Zacatecas.jpg\" alt=\"Resultado de imagen para valparaiso zacatecas\" width=\"255\" height=\"145\" \/>\u00a0<strong><img loading=\"lazy\" class=\"\" src=\"https:\/\/i1.wp.com\/vozimparcial.com\/wp-content\/uploads\/2018\/05\/valparaiso-1000x586.jpg?resize=777%2C437\" alt=\"Imagen relacionada\" width=\"260\" height=\"146\" \/><\/strong><\/p>\n<div style=\"text-align: justify;\">Valpara\u00edso\u00a0es una ciudad\u00a0mexicana\u00a0del estado de\u00a0Zacatecas. Cabecera municipal de\u00a0Valpara\u00edso, ciudad conocida regionalmente por su gran sierra, sus numerosas\u00a0haciendas\u00a0y sus aguas termales, tambi\u00e9n conocida a nivel nacional por tener una gran historia durante la \u00e9poca colonial y dejar legado en la\u00a0Ciudad de M\u00e9xico\u00a0con el\u00a0Palacio de los Condes. Tambi\u00e9n lugar protagonista de la llamada\u00a0Guerra Cristera.<\/div>\n<p>&nbsp;<\/p>\n<div><strong>Tel\u00e9fono<\/strong>: (457) 936-00-78<\/div>\n<p>&nbsp;<\/p>\n<div><strong>Horario<\/strong><\/div>\n<div>De Lunes a Viernes de 9 a.m. a 3 p.m.<\/div>\n<div>Domingo de 10 a.m. a 2 p.m.<\/div>\n<p>&nbsp;<\/p>\n<div><strong>Datos generales<\/strong><br \/>\nEl museo est\u00e1 dividido en cinco salas. En la primera se encuentra una botica y destacan serigraf\u00edas creadas por Felgu\u00e9rez. En la sala ind\u00edgena son exhibidos instrumentos musicales, vestimentas, bordados, m\u00e1scaras y otros objetos utilizados por la etnia huichol. La sala m\u00e1s grande es dedicada a las haciendas de Valpara\u00edso; ah\u00ed se muestran fotograf\u00edas, armas,instrumentos de labranza y objetos de la vida cotidiana. En la sala de arqueolog\u00eda hay l\u00edtica, cer\u00e1mica, figuras antropomorfas, zoomorfas, conchas, collares de hueso y concha, y objetos encontrados como ofrenda en las tumbas de tiro del sitio arqueol\u00f3gico \u0093La Florida\u0094. Una de las piezas m\u00e1s importantes de la sala es una vasija policromo con decoraci\u00f3n cloisson\u00e9. Tambi\u00e9n hay hachas, mazos,metates, raspadores y pulidores. En la sala paleontol\u00f3gica destaca la mand\u00edbula de un mam\u00edfero del periodo cuaternario, encontrada en el Arroyo del coyote, al sureste de la ciudad. Tambi\u00e9n se exhiben los restos de un mastodonte y f\u00f3siles de animales marinos.<\/div>\n<p>&nbsp;<\/p>\n<div><strong>Salas de exhibici\u00f3n<\/strong><\/div>\n<p>El museo est\u00e1 dividido en cinco salas. En la primera se encuentra una botica y destacan serigraf\u00edas creadas por Felgu\u00e9rez. En la sala ind\u00edgena son exhibidos instrumentos musicales, vestimentas, bordados, m\u00e1scaras y otros objetos utilizados por la etnia huichol. La sala m\u00e1s grande es dedicada a las haciendas de Valpara\u00edso; ah\u00ed se muestran fotograf\u00edas, armas,instrumentos de labranza y objetos de la vida cotidiana. En la sala de arqueolog\u00eda hay l\u00edtica, cer\u00e1mica, figuras antropomorfas, zoomorfas, conchas, collares de hueso y concha, y objetos encontrados como ofrenda en las tumbas de tiro del sitio arqueol\u00f3gico \u0093La Florida\u0094. Una de las piezas m\u00e1s importantes de la sala es una vasija policromo con decoraci\u00f3n cloisson\u00e9. Tambi\u00e9n hay hachas, mazos,metates, raspadores y pulidores. En la sala paleontol\u00f3gica destaca la mand\u00edbula de un mam\u00edfero del periodo cuaternario, encontrada en el Arroyo del coyote, al sureste de la ciudad. Tambi\u00e9n se exhiben los restos de un mastodonte y f\u00f3siles de animales marinos.<\/p>\n<div><strong>Fecha de fundaci\u00f3n<\/strong><br \/>\n5 de Mayo de 1994.<\/div>\n<div>\n<hr \/>\n<\/div>\n<h3 style=\"text-align: center;\">Responsable del Museo<\/h3>\n<p><img loading=\"lazy\" class=\"alignnone size-medium wp-image-1077 aligncenter\" src=\"http:\/\/remunomex.uas.edu.mx\/wp-content\/uploads\/2017\/06\/Responsable-MUSEO-VALPARAISO-Lic-Raul-Rodarte-Flores-136x300.jpg\" alt=\"\" width=\"136\" height=\"300\" srcset=\"http:\/\/remunomex.uas.edu.mx\/wp-content\/uploads\/2017\/06\/Responsable-MUSEO-VALPARAISO-Lic-Raul-Rodarte-Flores-136x300.jpg 136w, http:\/\/remunomex.uas.edu.mx\/wp-content\/uploads\/2017\/06\/Responsable-MUSEO-VALPARAISO-Lic-Raul-Rodarte-Flores.jpg 285w\" sizes=\"(max-width: 136px) 100vw, 136px\" \/><\/p>\n<div style=\"text-align: center;\">Lic. Ra\u00fal Rodarte Flores<\/div>\n","protected":false},"excerpt":{"rendered":"<p>Direccion Av. Negrete S\/N Centro, C.P. 99200 Valpara\u00edso, Valpara\u00edso, Zacatecas Informaci\u00f3n de la direcci\u00f3n del museo \u00a0\u00a0 Valpara\u00edso\u00a0es una ciudad\u00a0mexicana\u00a0del<\/p>\n","protected":false},"author":1,"featured_media":0,"parent":0,"menu_order":0,"comment_status":"closed","ping_status":"closed","template":"","meta":[],"_links":{"self":[{"href":"http:\/\/remunomex.uas.edu.mx\/index.php\/wp-json\/wp\/v2\/pages\/81"}],"collection":[{"href":"http:\/\/remunomex.uas.edu.mx\/index.php\/wp-json\/wp\/v2\/pages"}],"about":[{"href":"http:\/\/remunomex.uas.edu.mx\/index.php\/wp-json\/wp\/v2\/types\/page"}],"author":[{"embeddable":true,"href":"http:\/\/remunomex.uas.edu.mx\/index.php\/wp-json\/wp\/v2\/users\/1"}],"replies":[{"embeddable":true,"href":"http:\/\/remunomex.uas.edu.mx\/index.php\/wp-json\/wp\/v2\/comments?post=81"}],"version-history":[{"count":8,"href":"http:\/\/remunomex.uas.edu.mx\/index.php\/wp-json\/wp\/v2\/pages\/81\/revisions"}],"predecessor-version":[{"id":1371,"href":"http:\/\/remunomex.uas.edu.mx\/index.php\/wp-json\/wp\/v2\/pages\/81\/revisions\/1371"}],"wp:attachment":[{"href":"http:\/\/remunomex.uas.edu.mx\/index.php\/wp-json\/wp\/v2\/media?parent=81"}],"curies":[{"name":"wp","href":"https:\/\/api.w.org\/{rel}","templated":true}]}}