{"id":85,"date":"2017-06-28T00:28:30","date_gmt":"2017-06-28T00:28:30","guid":{"rendered":"http:\/\/remunomex.uas.edu.mx\/?page_id=85"},"modified":"2019-01-03T20:47:03","modified_gmt":"2019-01-03T20:47:03","slug":"museo-iv-centenario-de-pinos","status":"publish","type":"page","link":"http:\/\/remunomex.uas.edu.mx\/index.php\/museo-iv-centenario-de-pinos\/","title":{"rendered":"MUSEO IV CENTENARIO DE PINOS"},"content":{"rendered":"\n\t\t<!-- MasterSlider -->\n\t\t<div id=\"P_MS69f7605fd533f\" class=\"master-slider-parent msl ms-parent-id-37\" style=\"max-width:945px;\">\n\n\t\t\t\n\t\t\t<!-- MasterSlider Main -->\n\t\t\t<div id=\"MS69f7605fd533f\" class=\"master-slider ms-skin-light-6 round-skin\" >\n\t\t\t\t \t\t\t\t \n\t\t\t\t<div  class=\"ms-slide\" data-delay=\"3\" data-fill-mode=\"fill\"  >\n\t\t\t\t\t<img src=\"http:\/\/remunomex.uas.edu.mx\/wp-content\/plugins\/master-slider\/public\/assets\/css\/blank.gif\" alt=\"\" title=\"\" data-src=\"http:\/\/remunomex.uas.edu.mx\/wp-content\/uploads\/2017\/08\/MUSEO-IV-CENTENARIO-DE-PINOS-12.jpg\" \/>\n\n\n\t<div class=\"ms-thumb\" ><div class=\"ms-tab-context\"><div class=&quot;ms-tab-context&quot;><\/div><\/div>\n<\/div>\n\t\t\t\t<\/div>\n\t\t\t\t<div  class=\"ms-slide\" data-delay=\"3\" data-fill-mode=\"fill\"  >\n\t\t\t\t\t<img src=\"http:\/\/remunomex.uas.edu.mx\/wp-content\/plugins\/master-slider\/public\/assets\/css\/blank.gif\" alt=\"\" title=\"\" data-src=\"http:\/\/remunomex.uas.edu.mx\/wp-content\/uploads\/2017\/08\/MUSEO-IV-CENTENARIO-DE-PINOS-13.jpg\" \/>\n\n\n\t<div class=\"ms-thumb\" ><div class=\"ms-tab-context\"><div class=&quot;ms-tab-context&quot;><\/div><\/div>\n<\/div>\n\t\t\t\t<\/div>\n\t\t\t\t<div  class=\"ms-slide\" data-delay=\"3\" data-fill-mode=\"fit\"  >\n\t\t\t\t\t<img src=\"http:\/\/remunomex.uas.edu.mx\/wp-content\/plugins\/master-slider\/public\/assets\/css\/blank.gif\" alt=\"\" title=\"\" data-src=\"http:\/\/remunomex.uas.edu.mx\/wp-content\/uploads\/2017\/08\/MUSEO-IV-CENTENARIO-DE-PINOS-7.jpg\" \/>\n\n\n\t<div class=\"ms-thumb\" ><div class=\"ms-tab-context\"><div class=&quot;ms-tab-context&quot;><\/div><\/div>\n<\/div>\n\t\t\t\t<\/div>\n\t\t\t\t<div  class=\"ms-slide\" data-delay=\"3\" data-fill-mode=\"fill\"  >\n\t\t\t\t\t<img src=\"http:\/\/remunomex.uas.edu.mx\/wp-content\/plugins\/master-slider\/public\/assets\/css\/blank.gif\" alt=\"\" title=\"\" data-src=\"http:\/\/remunomex.uas.edu.mx\/wp-content\/uploads\/2017\/08\/MUSEO-IV-CENTENARIO-DE-PINOS-8.jpg\" \/>\n\n\n\t<div class=\"ms-thumb\" ><div class=\"ms-tab-context\"><div class=&quot;ms-tab-context&quot;><\/div><\/div>\n<\/div>\n\t\t\t\t<\/div>\n\t\t\t\t<div  class=\"ms-slide\" data-delay=\"3\" data-fill-mode=\"fill\"  >\n\t\t\t\t\t<img src=\"http:\/\/remunomex.uas.edu.mx\/wp-content\/plugins\/master-slider\/public\/assets\/css\/blank.gif\" alt=\"\" title=\"\" data-src=\"http:\/\/remunomex.uas.edu.mx\/wp-content\/uploads\/2017\/08\/MUSEO-IV-CENTENARIO-DE-PINOS-9.jpg\" \/>\n\n\n\t<div class=\"ms-thumb\" ><div class=\"ms-tab-context\"><div class=&quot;ms-tab-context&quot;><\/div><\/div>\n<\/div>\n\t\t\t\t<\/div>\n\t\t\t\t<div  class=\"ms-slide\" data-delay=\"3\" data-fill-mode=\"fit\"  >\n\t\t\t\t\t<img src=\"http:\/\/remunomex.uas.edu.mx\/wp-content\/plugins\/master-slider\/public\/assets\/css\/blank.gif\" alt=\"\" title=\"\" data-src=\"http:\/\/remunomex.uas.edu.mx\/wp-content\/uploads\/2017\/08\/MUSEO-IV-CENTENARIO-DE-PINOS-10.jpg\" \/>\n\n\n\t<div class=\"ms-thumb\" ><div class=\"ms-tab-context\"><div class=&quot;ms-tab-context&quot;><\/div><\/div>\n<\/div>\n\t\t\t\t<\/div>\n\t\t\t\t<div  class=\"ms-slide\" data-delay=\"3\" data-fill-mode=\"fit\"  >\n\t\t\t\t\t<img src=\"http:\/\/remunomex.uas.edu.mx\/wp-content\/plugins\/master-slider\/public\/assets\/css\/blank.gif\" alt=\"\" title=\"\" data-src=\"http:\/\/remunomex.uas.edu.mx\/wp-content\/uploads\/2017\/08\/MUSEO-IV-CENTENARIO-DE-PINOS-11.jpg\" \/>\n\n\n\t<div class=\"ms-thumb\" ><div class=\"ms-tab-context\"><div class=&quot;ms-tab-context&quot;><\/div><\/div>\n<\/div>\n\t\t\t\t<\/div>\n\n\t\t\t<\/div>\n\t\t\t<!-- END MasterSlider Main -->\n\n\t\t\t \n\t\t<\/div>\n\t\t<!-- END MasterSlider -->\n\n\t\t<script>\n\t\t(function ( $ ) {\n\t\t\t\"use strict\";\n\n\t\t\t$(function () {\n\t\t\t\tvar masterslider_533f = new MasterSlider();\n\n\t\t\t\t\/\/ slider controls\n\t\t\t\tmasterslider_533f.control('arrows'     ,{ autohide:true, overVideo:true  });\t\t\t\tmasterslider_533f.control('bullets'    ,{ autohide:false, overVideo:true, dir:'h', align:'bottom' , margin:10  });\n\n\t\t\t\tmasterslider_533f.control('scrollbar'  ,{ autohide:true, overVideo:true, dir:'h', inset:true, align:'top', color:'#404040' , margin:10  , width:4 });\n\t\t\t\t\/\/ slider setup\n\t\t\t\tmasterslider_533f.setup(\"MS69f7605fd533f\", {\n\t\t\t\t\t\twidth           : 800,\n\t\t\t\t\t\theight          : 480,\n\t\t\t\t\t\tminHeight       : 0,\n\t\t\t\t\t\tspace           : 0,\n\t\t\t\t\t\tstart           : 1,\n\t\t\t\t\t\tgrabCursor      : true,\n\t\t\t\t\t\tswipe           : true,\n\t\t\t\t\t\tmouse           : true,\n\t\t\t\t\t\tlayout          : \"boxed\",\n\t\t\t\t\t\twheel           : false,\n\t\t\t\t\t\tautoplay        : false,\n\t\t\t\t\t\tinstantStartLayers:false,\n\t\t\t\t\t\tloop            : false,\n\t\t\t\t\t\tshuffle         : false,\n\t\t\t\t\t\tpreload         : 0,\n\t\t\t\t\t\theightLimit     : true,\n\t\t\t\t\t\tautoHeight      : false,\n\t\t\t\t\t\tsmoothHeight    : true,\n\t\t\t\t\t\tendPause        : false,\n\t\t\t\t\t\toverPause       : true,\n\t\t\t\t\t\tfillMode        : \"fill\",\n\t\t\t\t\t\tcenterControls  : false,\n\t\t\t\t\t\tstartOnAppear   : false,\n\t\t\t\t\t\tlayersMode      : \"center\",\n\t\t\t\t\t\thideLayers      : false,\n\t\t\t\t\t\tfullscreenMargin: 0,\n\t\t\t\t\t\tspeed           : 20,\n\t\t\t\t\t\tdir             : \"h\",\n\t\t\t\t\t\tparallaxMode    : 'swipe',\n\t\t\t\t\t\tview            : \"basic\"\n\t\t\t\t});\n\n\t\t\t\t\n\t\t\t\twindow.masterslider_instances = window.masterslider_instances || [];\n\t\t\t\twindow.masterslider_instances.push( masterslider_533f );\n\t\t\t });\n\n\t\t})(jQuery);\n\t\t<\/script>\n\n\n<hr \/>\n<div><strong>Direccion<\/strong><br \/>\nBenito Ju\u00e1rez No. 2<br \/>\nZona Centro, C.P. 98920<br \/>\nPinos, Zacatecas<\/div>\n<div><\/div>\n<div><strong>Informaci\u00f3n de la direcci\u00f3n del museo<\/strong><\/div>\n<div><img loading=\"lazy\" class=\"\" src=\"https:\/\/imagenescityexpress.scdn6.secure.raxcdn.com\/sites\/default\/files\/2017-06\/pinos-zacatecas.jpg\" alt=\"Imagen relacionada\" width=\"240\" height=\"158\" \/>\u00a0<img loading=\"lazy\" class=\"\" src=\"https:\/\/s3-us-west-1.amazonaws.com\/tipsparatuviaje\/wp-content\/uploads\/2016\/12\/clima-pinos-zacatecas.jpg\" alt=\"Resultado de imagen para pinos zacatecas\" width=\"226\" height=\"157\" \/>\u00a0<img loading=\"lazy\" class=\"\" src=\"http:\/\/periodicolafuente.com\/wp-content\/uploads\/2016\/08\/D%C2%B4Tour-Hacienda-Grande-pinos-zacatecas.jpg\" alt=\"Imagen relacionada\" width=\"270\" height=\"155\" \/><\/div>\n<div style=\"text-align: justify;\">Pinos\u00a0fue fundado el 12 de febrero de 1594 bajo el nombre de \u201cReal de Nuestra Se\u00f1ora de la Pur\u00edsima Concepci\u00f3n de Cuzco y Descubrimiento de Minas que llaman de la Sierra de Pinos\u201d y formaba una etapa importante del\u00a0Camino Real de Tierra Adentro, conectando la\u00a0Ciudad de M\u00e9xico\u00a0con\u00a0Santa Fe, Su nombre actual se debe a los bosques que cubr\u00edan la sierra y cuya madera fue usada en la fundici\u00f3n de los metales. Se localiza en el estado de\u00a0Zacatecas\u00a0dentro del desierto del\u00a0Gran Tunal. En 2010 cuenta con una poblaci\u00f3n de 8.000 habitantes y se encuentra dividido en 3 barrios; Centro, La Cuadrilla, y Tlaxcala.<\/div>\n<p>&nbsp;<\/p>\n<div><strong>Tel\u00e9fono<\/strong>: (045) 110-23-36 y\u00a0\u00a0(496) 864-09-10<\/div>\n<p>&nbsp;<\/p>\n<div><strong>Horario<\/strong><\/div>\n<div>De 9 a.m. a 4 p.m.<\/div>\n<div>S\u00e1bados y Domingos con previa solicitud (flexibilidad de horarios).<\/div>\n<p>&nbsp;<\/p>\n<div><strong>Datos generales<\/strong><br \/>\nEste peque\u00f1o museo contiene piezas arqueol\u00f3gicas de los primeros pobladores de la regi\u00f3n. En sus salas tambi\u00e9n encontrar\u00e1s piezas de arte y fotograf\u00edas que te har\u00e1n part\u00edcipe de la rica historia de Pinos. Con el mismo objetivo se exhiben algunos documentos originales. Al visitarlo comprender\u00e1s mejor la trascendencia y la importancia de Pinos en la localidad.<\/div>\n<p>&nbsp;<\/p>\n<div><strong>Fecha de fundaci\u00f3n<\/strong><br \/>\n5 de Mayo de 1994.<\/div>\n<p>&nbsp;<\/p>\n<div>\n<div><strong>Redes Sociales<\/strong><\/div>\n<div>\n<p>Correo electr\u00f3nico: laura_1419@hotmail.com &#8211; museo_iv_centenario@hotmail.com<\/p>\n<hr \/>\n<\/div>\n<\/div>\n<h3 style=\"text-align: center;\">Responsable del Museo<\/h3>\n<div style=\"text-align: center;\">C. J. Jes\u00fas Mart\u00ednez Mar\u00edn<\/div>\n","protected":false},"excerpt":{"rendered":"<p>Direccion Benito Ju\u00e1rez No. 2 Zona Centro, C.P. 98920 Pinos, Zacatecas Informaci\u00f3n de la direcci\u00f3n del museo \u00a0\u00a0 Pinos\u00a0fue fundado<\/p>\n","protected":false},"author":1,"featured_media":0,"parent":0,"menu_order":0,"comment_status":"closed","ping_status":"closed","template":"","meta":[],"_links":{"self":[{"href":"http:\/\/remunomex.uas.edu.mx\/index.php\/wp-json\/wp\/v2\/pages\/85"}],"collection":[{"href":"http:\/\/remunomex.uas.edu.mx\/index.php\/wp-json\/wp\/v2\/pages"}],"about":[{"href":"http:\/\/remunomex.uas.edu.mx\/index.php\/wp-json\/wp\/v2\/types\/page"}],"author":[{"embeddable":true,"href":"http:\/\/remunomex.uas.edu.mx\/index.php\/wp-json\/wp\/v2\/users\/1"}],"replies":[{"embeddable":true,"href":"http:\/\/remunomex.uas.edu.mx\/index.php\/wp-json\/wp\/v2\/comments?post=85"}],"version-history":[{"count":10,"href":"http:\/\/remunomex.uas.edu.mx\/index.php\/wp-json\/wp\/v2\/pages\/85\/revisions"}],"predecessor-version":[{"id":1323,"href":"http:\/\/remunomex.uas.edu.mx\/index.php\/wp-json\/wp\/v2\/pages\/85\/revisions\/1323"}],"wp:attachment":[{"href":"http:\/\/remunomex.uas.edu.mx\/index.php\/wp-json\/wp\/v2\/media?parent=85"}],"curies":[{"name":"wp","href":"https:\/\/api.w.org\/{rel}","templated":true}]}}