{"id":90,"date":"2017-06-25T02:09:55","date_gmt":"2017-06-25T02:09:55","guid":{"rendered":"http:\/\/remunomex.uas.edu.mx\/?page_id=90"},"modified":"2019-01-03T19:34:01","modified_gmt":"2019-01-03T19:34:01","slug":"__trashed-4","status":"publish","type":"page","link":"http:\/\/remunomex.uas.edu.mx\/index.php\/__trashed-4\/","title":{"rendered":"MUSEO CHEPINQUE DE OJO CALIENTE"},"content":{"rendered":"\n\t\t<!-- MasterSlider -->\n\t\t<div id=\"P_MS69f76195b4ed2\" class=\"master-slider-parent msl ms-parent-id-35\" style=\"max-width:945px;\">\n\n\t\t\t\n\t\t\t<!-- MasterSlider Main -->\n\t\t\t<div id=\"MS69f76195b4ed2\" class=\"master-slider ms-skin-light-6 round-skin\" >\n\t\t\t\t \t\t\t\t \n\t\t\t\t<div  class=\"ms-slide\" data-delay=\"3\" data-fill-mode=\"fit\"  >\n\t\t\t\t\t<img src=\"http:\/\/remunomex.uas.edu.mx\/wp-content\/plugins\/master-slider\/public\/assets\/css\/blank.gif\" alt=\"\" title=\"\" data-src=\"http:\/\/remunomex.uas.edu.mx\/wp-content\/uploads\/2017\/08\/MUSEO-CHEPINQUE-DE-OJO-CALIENTE-7.jpg\" \/>\n\n\n\t<div class=\"ms-thumb\" ><div class=\"ms-tab-context\"><div class=&quot;ms-tab-context&quot;><\/div><\/div>\n<\/div>\n\t\t\t\t<\/div>\n\t\t\t\t<div  class=\"ms-slide\" data-delay=\"3\" data-fill-mode=\"fit\"  >\n\t\t\t\t\t<img src=\"http:\/\/remunomex.uas.edu.mx\/wp-content\/plugins\/master-slider\/public\/assets\/css\/blank.gif\" alt=\"\" title=\"\" data-src=\"http:\/\/remunomex.uas.edu.mx\/wp-content\/uploads\/2017\/08\/MUSEO-CHEPINQUE-DE-OJO-CALIENTE-4.jpg\" \/>\n\n\n\t<div class=\"ms-thumb\" ><div class=\"ms-tab-context\"><div class=&quot;ms-tab-context&quot;><\/div><\/div>\n<\/div>\n\t\t\t\t<\/div>\n\t\t\t\t<div  class=\"ms-slide\" data-delay=\"3\" data-fill-mode=\"fit\"  >\n\t\t\t\t\t<img src=\"http:\/\/remunomex.uas.edu.mx\/wp-content\/plugins\/master-slider\/public\/assets\/css\/blank.gif\" alt=\"\" title=\"\" data-src=\"http:\/\/remunomex.uas.edu.mx\/wp-content\/uploads\/2017\/08\/MUSEO-CHEPINQUE-DE-OJO-CALIENTE-2.jpg\" \/>\n\n\n\t<div class=\"ms-thumb\" ><div class=\"ms-tab-context\"><div class=&quot;ms-tab-context&quot;><\/div><\/div>\n<\/div>\n\t\t\t\t<\/div>\n\t\t\t\t<div  class=\"ms-slide\" data-delay=\"3\" data-fill-mode=\"fit\"  >\n\t\t\t\t\t<img src=\"http:\/\/remunomex.uas.edu.mx\/wp-content\/plugins\/master-slider\/public\/assets\/css\/blank.gif\" alt=\"\" title=\"\" data-src=\"http:\/\/remunomex.uas.edu.mx\/wp-content\/uploads\/2017\/08\/MUSEO-CHEPINQUE-DE-OJO-CALIENTE-1.jpg\" \/>\n\n\n\t<div class=\"ms-thumb\" ><div class=\"ms-tab-context\"><div class=&quot;ms-tab-context&quot;><\/div><\/div>\n<\/div>\n\t\t\t\t<\/div>\n\t\t\t\t<div  class=\"ms-slide\" data-delay=\"3\" data-fill-mode=\"fill\"  >\n\t\t\t\t\t<img src=\"http:\/\/remunomex.uas.edu.mx\/wp-content\/plugins\/master-slider\/public\/assets\/css\/blank.gif\" alt=\"\" title=\"\" data-src=\"http:\/\/remunomex.uas.edu.mx\/wp-content\/uploads\/2017\/08\/MUSEO-CHEPINQUE-DE-OJO-CALIENTE-5.jpg\" \/>\n\n\n\t<div class=\"ms-thumb\" ><div class=\"ms-tab-context\"><div class=&quot;ms-tab-context&quot;><\/div><\/div>\n<\/div>\n\t\t\t\t<\/div>\n\t\t\t\t<div  class=\"ms-slide\" data-delay=\"3\" data-fill-mode=\"fit\"  >\n\t\t\t\t\t<img src=\"http:\/\/remunomex.uas.edu.mx\/wp-content\/plugins\/master-slider\/public\/assets\/css\/blank.gif\" alt=\"\" title=\"\" data-src=\"http:\/\/remunomex.uas.edu.mx\/wp-content\/uploads\/2017\/08\/MUSEO-CHEPINQUE-DE-OJO-CALIENTE-6.jpg\" \/>\n\n\n\t<div class=\"ms-thumb\" ><div class=\"ms-tab-context\"><div class=&quot;ms-tab-context&quot;><\/div><\/div>\n<\/div>\n\t\t\t\t<\/div>\n\t\t\t\t<div  class=\"ms-slide\" data-delay=\"3\" data-fill-mode=\"fit\"  >\n\t\t\t\t\t<img src=\"http:\/\/remunomex.uas.edu.mx\/wp-content\/plugins\/master-slider\/public\/assets\/css\/blank.gif\" alt=\"\" title=\"\" data-src=\"http:\/\/remunomex.uas.edu.mx\/wp-content\/uploads\/2017\/08\/MUSEO-CHEPINQUE-DE-OJO-CALIENTE-8.jpg\" \/>\n\n\n\t<div class=\"ms-thumb\" ><div class=\"ms-tab-context\"><div class=&quot;ms-tab-context&quot;><\/div><\/div>\n<\/div>\n\t\t\t\t<\/div>\n\t\t\t\t<div  class=\"ms-slide\" data-delay=\"3\" data-fill-mode=\"fit\"  >\n\t\t\t\t\t<img src=\"http:\/\/remunomex.uas.edu.mx\/wp-content\/plugins\/master-slider\/public\/assets\/css\/blank.gif\" alt=\"\" title=\"\" data-src=\"http:\/\/remunomex.uas.edu.mx\/wp-content\/uploads\/2017\/08\/MUSEO-CHEPINQUE-DE-OJO-CALIENTE-9.jpg\" \/>\n\n\n\t<div class=\"ms-thumb\" ><div class=\"ms-tab-context\"><div class=&quot;ms-tab-context&quot;><\/div><\/div>\n<\/div>\n\t\t\t\t<\/div>\n\n\t\t\t<\/div>\n\t\t\t<!-- END MasterSlider Main -->\n\n\t\t\t \n\t\t<\/div>\n\t\t<!-- END MasterSlider -->\n\n\t\t<script>\n\t\t(function ( $ ) {\n\t\t\t\"use strict\";\n\n\t\t\t$(function () {\n\t\t\t\tvar masterslider_4ed2 = new MasterSlider();\n\n\t\t\t\t\/\/ slider controls\n\t\t\t\tmasterslider_4ed2.control('arrows'     ,{ autohide:true, overVideo:true  });\t\t\t\tmasterslider_4ed2.control('bullets'    ,{ autohide:false, overVideo:true, dir:'h', align:'bottom' , margin:10  });\n\n\t\t\t\tmasterslider_4ed2.control('scrollbar'  ,{ autohide:true, overVideo:true, dir:'h', inset:true, align:'top', color:'#404040' , margin:10  , width:4 });\n\t\t\t\t\/\/ slider setup\n\t\t\t\tmasterslider_4ed2.setup(\"MS69f76195b4ed2\", {\n\t\t\t\t\t\twidth           : 800,\n\t\t\t\t\t\theight          : 480,\n\t\t\t\t\t\tminHeight       : 0,\n\t\t\t\t\t\tspace           : 0,\n\t\t\t\t\t\tstart           : 1,\n\t\t\t\t\t\tgrabCursor      : true,\n\t\t\t\t\t\tswipe           : true,\n\t\t\t\t\t\tmouse           : true,\n\t\t\t\t\t\tlayout          : \"boxed\",\n\t\t\t\t\t\twheel           : false,\n\t\t\t\t\t\tautoplay        : false,\n\t\t\t\t\t\tinstantStartLayers:false,\n\t\t\t\t\t\tloop            : false,\n\t\t\t\t\t\tshuffle         : false,\n\t\t\t\t\t\tpreload         : 0,\n\t\t\t\t\t\theightLimit     : true,\n\t\t\t\t\t\tautoHeight      : false,\n\t\t\t\t\t\tsmoothHeight    : true,\n\t\t\t\t\t\tendPause        : false,\n\t\t\t\t\t\toverPause       : true,\n\t\t\t\t\t\tfillMode        : \"fill\",\n\t\t\t\t\t\tcenterControls  : false,\n\t\t\t\t\t\tstartOnAppear   : false,\n\t\t\t\t\t\tlayersMode      : \"center\",\n\t\t\t\t\t\thideLayers      : false,\n\t\t\t\t\t\tfullscreenMargin: 0,\n\t\t\t\t\t\tspeed           : 20,\n\t\t\t\t\t\tdir             : \"h\",\n\t\t\t\t\t\tparallaxMode    : 'swipe',\n\t\t\t\t\t\tview            : \"basic\"\n\t\t\t\t});\n\n\t\t\t\t\n\t\t\t\twindow.masterslider_instances = window.masterslider_instances || [];\n\t\t\t\twindow.masterslider_instances.push( masterslider_4ed2 );\n\t\t\t });\n\n\t\t})(jQuery);\n\t\t<\/script>\n\n\n<div id=\"imagen\">\n<hr \/>\n<div id=\"informacion\"><strong>Direccion<\/strong><\/div>\n<div>Plaza Principal S\/N<\/div>\n<div>Centro, C.P. 98727<\/div>\n<div>Chepinque, Ojocaliente, Zacatecas<\/div>\n<p><b>Informaci\u00f3n<\/b><strong>\u00a0de la direcci\u00f3n del museo<\/strong><\/p>\n<p><img loading=\"lazy\" class=\"\" src=\"https:\/\/upload.wikimedia.org\/wikipedia\/commons\/thumb\/e\/e8\/Templo_de_Nuestra_Se%C3%B1ora_de_los_Milagros%2C_Ojocaliente%2C_Zacatecas_09.jpg\/1200px-Templo_de_Nuestra_Se%C3%B1ora_de_los_Milagros%2C_Ojocaliente%2C_Zacatecas_09.jpg\" alt=\"Resultado de imagen para ojocaliente zacatecas\" width=\"204\" height=\"153\" \/>\u00a0<img loading=\"lazy\" class=\"\" src=\"https:\/\/www.elsoldezacatecas.com.mx\/policiaca\/usukxp-11cap01.jpg\/ALTERNATES\/LANDSCAPE_1140\/11cap01.jpg\" alt=\"Resultado de imagen para ojocaliente zacatecas\" width=\"244\" height=\"152\" \/>\u00a0<img loading=\"lazy\" class=\"\" src=\"http:\/\/ntrzacatecas.com\/content\/uploads\/2017\/10\/ojocaliente-1000x586.jpg\" alt=\"Resultado de imagen para ojocaliente zacatecas\" width=\"260\" height=\"152\" \/><\/p>\n<div style=\"text-align: justify;\">El municipio de Ojocaliente se encuentra en la regi\u00f3n centro del estado de Zacatecas o de los valles del estado. Se localiza a los 22\u00b0 con 35&#8242; de latitud Norte y 102\u00b0 con 15&#8242; de longitud Oeste. Cuenta con una superficie territorial de 645 km\u00b2. Colinda al norte con los municipios de\u00a0Guadalupe,\u00a0Trancoso\u00a0y\u00a0General P\u00e1nfilo Natera; al sur con\u00a0Cuauht\u00e9moc\u00a0y\u00a0Luis Moya; al poniente con\u00a0Genaro Codina\u00a0y oriente con\u00a0Noria de \u00c1ngeles\u00a0y\u00a0Villa Gonz\u00e1lez Ortega.<\/div>\n<p>&nbsp;<\/p>\n<div><strong>Tel\u00e9fono<\/strong>: (458) 944-55-92<\/div>\n<p>&nbsp;<\/p>\n<div><strong>Horario<\/strong><br \/>\nCon previa cita.<\/div>\n<p>&nbsp;<\/p>\n<div><strong>Datos generales<\/strong><br \/>\nEl museo Chepinque se integra con al menos mil piezas, entre las que se encuentran vasijas, una novedosa coladera (que es una olla com\u00fan de barro con cientos de agujeros), metates, flechas, lanzas, piezas de ornato y todo tipo de herramientas, as\u00ed como silbatos con formas de animales, morteros y joyas de coral. Esto demuestra que Chepinque fue un punto de venta comercial en el que hubo asentamientos permanentes donde vivieron culturas muy desarrolladas que proven\u00edan de las costas. En la comunidad Buenavista, colindante a Chepinque, se localizan algunas pinturas rupestres.<\/div>\n<p>&nbsp;<\/p>\n<div><strong>Fecha de fundaci\u00f3n<\/strong><br \/>\n25 de Julio de 2000.<\/div>\n<div>\n<div>\n<hr \/>\n<\/div>\n<h3 style=\"text-align: center;\">Responsable del Museo<\/h3>\n<div style=\"text-align: center;\">Alberto D\u00edas de Le\u00f3n L\u00f3pez<\/div>\n<\/div>\n<\/div>\n","protected":false},"excerpt":{"rendered":"<p>Direccion Plaza Principal S\/N Centro, C.P. 98727 Chepinque, Ojocaliente, Zacatecas Informaci\u00f3n\u00a0de la direcci\u00f3n del museo \u00a0\u00a0 El municipio de Ojocaliente<\/p>\n","protected":false},"author":1,"featured_media":0,"parent":0,"menu_order":0,"comment_status":"closed","ping_status":"closed","template":"","meta":[],"_links":{"self":[{"href":"http:\/\/remunomex.uas.edu.mx\/index.php\/wp-json\/wp\/v2\/pages\/90"}],"collection":[{"href":"http:\/\/remunomex.uas.edu.mx\/index.php\/wp-json\/wp\/v2\/pages"}],"about":[{"href":"http:\/\/remunomex.uas.edu.mx\/index.php\/wp-json\/wp\/v2\/types\/page"}],"author":[{"embeddable":true,"href":"http:\/\/remunomex.uas.edu.mx\/index.php\/wp-json\/wp\/v2\/users\/1"}],"replies":[{"embeddable":true,"href":"http:\/\/remunomex.uas.edu.mx\/index.php\/wp-json\/wp\/v2\/comments?post=90"}],"version-history":[{"count":7,"href":"http:\/\/remunomex.uas.edu.mx\/index.php\/wp-json\/wp\/v2\/pages\/90\/revisions"}],"predecessor-version":[{"id":1304,"href":"http:\/\/remunomex.uas.edu.mx\/index.php\/wp-json\/wp\/v2\/pages\/90\/revisions\/1304"}],"wp:attachment":[{"href":"http:\/\/remunomex.uas.edu.mx\/index.php\/wp-json\/wp\/v2\/media?parent=90"}],"curies":[{"name":"wp","href":"https:\/\/api.w.org\/{rel}","templated":true}]}}