{"id":99,"date":"2017-06-28T00:27:54","date_gmt":"2017-06-28T00:27:54","guid":{"rendered":"http:\/\/remunomex.uas.edu.mx\/?page_id=99"},"modified":"2019-01-03T00:06:33","modified_gmt":"2019-01-03T00:06:33","slug":"museo-buenavista-de-buenavista","status":"publish","type":"page","link":"http:\/\/remunomex.uas.edu.mx\/index.php\/museo-buenavista-de-buenavista\/","title":{"rendered":"MUSEO BUENAVISTA DE BUENAVISTA"},"content":{"rendered":"\n\t\t<!-- MasterSlider -->\n\t\t<div id=\"P_MS69f7606c7474d\" class=\"master-slider-parent msl ms-parent-id-34\" style=\"max-width:945px;\">\n\n\t\t\t\n\t\t\t<!-- MasterSlider Main -->\n\t\t\t<div id=\"MS69f7606c7474d\" class=\"master-slider ms-skin-light-6 round-skin\" >\n\t\t\t\t \t\t\t\t \n\t\t\t\t<div  class=\"ms-slide\" data-delay=\"3\" data-fill-mode=\"fit\"  >\n\t\t\t\t\t<img src=\"http:\/\/remunomex.uas.edu.mx\/wp-content\/plugins\/master-slider\/public\/assets\/css\/blank.gif\" alt=\"\" title=\"\" data-src=\"http:\/\/remunomex.uas.edu.mx\/wp-content\/uploads\/2017\/08\/MUSEO-BUENAVISTA-DE-BUENAVISTA-3.jpg\" \/>\n\n\n\t<div class=\"ms-thumb\" ><div class=\"ms-tab-context\"><div class=&quot;ms-tab-context&quot;><\/div><\/div>\n<\/div>\n\t\t\t\t<\/div>\n\t\t\t\t<div  class=\"ms-slide\" data-delay=\"3\" data-fill-mode=\"fill\"  >\n\t\t\t\t\t<img src=\"http:\/\/remunomex.uas.edu.mx\/wp-content\/plugins\/master-slider\/public\/assets\/css\/blank.gif\" alt=\"\" title=\"\" data-src=\"http:\/\/remunomex.uas.edu.mx\/wp-content\/uploads\/2017\/08\/MUSEO-BUENAVISTA-DE-BUENAVISTA-1.jpg\" \/>\n\n\n\t<div class=\"ms-thumb\" ><div class=\"ms-tab-context\"><div class=&quot;ms-tab-context&quot;><\/div><\/div>\n<\/div>\n\t\t\t\t<\/div>\n\t\t\t\t<div  class=\"ms-slide\" data-delay=\"3\" data-fill-mode=\"fit\"  >\n\t\t\t\t\t<img src=\"http:\/\/remunomex.uas.edu.mx\/wp-content\/plugins\/master-slider\/public\/assets\/css\/blank.gif\" alt=\"\" title=\"\" data-src=\"http:\/\/remunomex.uas.edu.mx\/wp-content\/uploads\/2017\/08\/MUSEO-BUENAVISTA-DE-BUENAVISTA-2.jpg\" \/>\n\n\n\t<div class=\"ms-thumb\" ><div class=\"ms-tab-context\"><div class=&quot;ms-tab-context&quot;><\/div><\/div>\n<\/div>\n\t\t\t\t<\/div>\n\t\t\t\t<div  class=\"ms-slide\" data-delay=\"3\" data-fill-mode=\"fill\"  >\n\t\t\t\t\t<img src=\"http:\/\/remunomex.uas.edu.mx\/wp-content\/plugins\/master-slider\/public\/assets\/css\/blank.gif\" alt=\"\" title=\"\" data-src=\"http:\/\/remunomex.uas.edu.mx\/wp-content\/uploads\/2017\/08\/MUSEO-BUENAVISTA-DE-BUENAVISTA-4.jpg\" \/>\n\n\n\t<div class=\"ms-thumb\" ><div class=\"ms-tab-context\"><div class=&quot;ms-tab-context&quot;><\/div><\/div>\n<\/div>\n\t\t\t\t<\/div>\n\t\t\t\t<div  class=\"ms-slide\" data-delay=\"3\" data-fill-mode=\"fit\"  >\n\t\t\t\t\t<img src=\"http:\/\/remunomex.uas.edu.mx\/wp-content\/plugins\/master-slider\/public\/assets\/css\/blank.gif\" alt=\"\" title=\"\" data-src=\"http:\/\/remunomex.uas.edu.mx\/wp-content\/uploads\/2017\/08\/MUSEO-BUENAVISTA-DE-BUENAVISTA-7.jpg\" \/>\n\n\n\t<div class=\"ms-thumb\" ><div class=\"ms-tab-context\"><div class=&quot;ms-tab-context&quot;><\/div><\/div>\n<\/div>\n\t\t\t\t<\/div>\n\n\t\t\t<\/div>\n\t\t\t<!-- END MasterSlider Main -->\n\n\t\t\t \n\t\t<\/div>\n\t\t<!-- END MasterSlider -->\n\n\t\t<script>\n\t\t(function ( $ ) {\n\t\t\t\"use strict\";\n\n\t\t\t$(function () {\n\t\t\t\tvar masterslider_474d = new MasterSlider();\n\n\t\t\t\t\/\/ slider controls\n\t\t\t\tmasterslider_474d.control('arrows'     ,{ autohide:true, overVideo:true  });\t\t\t\tmasterslider_474d.control('bullets'    ,{ autohide:false, overVideo:true, dir:'h', align:'bottom' , margin:10  });\n\n\t\t\t\tmasterslider_474d.control('scrollbar'  ,{ autohide:true, overVideo:true, dir:'h', inset:true, align:'top', color:'#404040' , margin:10  , width:4 });\n\t\t\t\t\/\/ slider setup\n\t\t\t\tmasterslider_474d.setup(\"MS69f7606c7474d\", {\n\t\t\t\t\t\twidth           : 800,\n\t\t\t\t\t\theight          : 480,\n\t\t\t\t\t\tminHeight       : 0,\n\t\t\t\t\t\tspace           : 0,\n\t\t\t\t\t\tstart           : 1,\n\t\t\t\t\t\tgrabCursor      : true,\n\t\t\t\t\t\tswipe           : true,\n\t\t\t\t\t\tmouse           : true,\n\t\t\t\t\t\tlayout          : \"boxed\",\n\t\t\t\t\t\twheel           : false,\n\t\t\t\t\t\tautoplay        : false,\n\t\t\t\t\t\tinstantStartLayers:false,\n\t\t\t\t\t\tloop            : false,\n\t\t\t\t\t\tshuffle         : false,\n\t\t\t\t\t\tpreload         : 0,\n\t\t\t\t\t\theightLimit     : true,\n\t\t\t\t\t\tautoHeight      : false,\n\t\t\t\t\t\tsmoothHeight    : true,\n\t\t\t\t\t\tendPause        : false,\n\t\t\t\t\t\toverPause       : true,\n\t\t\t\t\t\tfillMode        : \"fill\",\n\t\t\t\t\t\tcenterControls  : false,\n\t\t\t\t\t\tstartOnAppear   : false,\n\t\t\t\t\t\tlayersMode      : \"center\",\n\t\t\t\t\t\thideLayers      : false,\n\t\t\t\t\t\tfullscreenMargin: 0,\n\t\t\t\t\t\tspeed           : 20,\n\t\t\t\t\t\tdir             : \"h\",\n\t\t\t\t\t\tparallaxMode    : 'swipe',\n\t\t\t\t\t\tview            : \"basic\"\n\t\t\t\t});\n\n\t\t\t\t\n\t\t\t\twindow.masterslider_instances = window.masterslider_instances || [];\n\t\t\t\twindow.masterslider_instances.push( masterslider_474d );\n\t\t\t });\n\n\t\t})(jQuery);\n\t\t<\/script>\n\n\n<hr \/>\n<div id=\"informacion\"><strong>Direccion<\/strong><br \/>\nCentro S\/N<br \/>\nCentro, C.P. 98724<br \/>\nBuenavista, Ojocaliente, Zacatecas<\/p>\n<p><strong>Informaci\u00f3n de la direcci\u00f3n del museo<br \/>\n<\/strong><\/div>\n<div><img loading=\"lazy\" class=\"\" src=\"https:\/\/mw2.google.com\/mw-panoramio\/photos\/medium\/1834283.jpg\" alt=\"Resultado de imagen para buenavista ojocaliente zacatecas\" width=\"219\" height=\"164\" \/>\u00a0<img loading=\"lazy\" class=\"\" src=\"https:\/\/mw2.google.com\/mw-panoramio\/photos\/medium\/16202591.jpg\" alt=\"Imagen relacionada\" width=\"217\" height=\"162\" \/>\u00a0<img loading=\"lazy\" class=\"\" src=\"https:\/\/www.imagenzac.com.mx\/images\/notas\/2015\/03\/21\/2s5.jpg\" alt=\"Imagen relacionada\" width=\"217\" height=\"163\" \/><\/div>\n<div style=\"text-align: justify;\">La rancher\u00eda Buenavista se localiza en el municipio de\u00a0Ojocaliente. El clima predominante es templado, presenta una temperatura media anual de 18\u00b0C. Su c\u00f3digo postal es 98724 y su clave lada es 458. Algunos de los atractivos del municipio de Ojocaliente son El templo de Nuestra Se\u00f1ora de los Milagros que data del siglo XVIII. La Feria de la Uva y de la Tuna efectuada del 31 de agosto al 8 de septiembre.<\/div>\n<p><\/p>\n<div><strong>Tel\u00e9fono:<\/strong> (458) 944-22-78<\/div>\n<p>&nbsp;<\/p>\n<div><strong>Horario<\/strong><\/div>\n<div>S\u00f3lo se da servicio cuando hay visitas de grupos escolares.<\/div>\n<p>&nbsp;<\/p>\n<div><strong>Datos generales<\/strong><br \/>\nContiene piezas en exhibici\u00f3n como: puntas de flecha, raspadores, hachas, mazos, pedazos de cer\u00e1mica, dijes, botones, algunas piezas representativas, como una escultura (\u00eddolo chichimeca), un oso, un perrito, entre otras. Tambi\u00e9n cuenta con muelas de molcajete y metate.<\/div>\n<p>&nbsp;<\/p>\n<div><strong>Fecha de fundaci\u00f3n<\/strong><br \/>\n21 de Marzo de 2004.<\/div>\n<p>&nbsp;<\/p>\n<div><strong>Redes Sociales<\/strong><\/div>\n<div>Correo electr\u00f3nico:\u00a0ma.eugeniajuarez_q@hotmail.com<\/div>\n<div>\n<hr \/>\n<\/div>\n<h3 style=\"text-align: center;\">Responsable del Museo<\/h3>\n<div style=\"text-align: center;\">Eugenia Amador<\/div>\n","protected":false},"excerpt":{"rendered":"<p>Direccion Centro S\/N Centro, C.P. 98724 Buenavista, Ojocaliente, Zacatecas Informaci\u00f3n de la direcci\u00f3n del museo \u00a0\u00a0 La rancher\u00eda Buenavista se<\/p>\n","protected":false},"author":1,"featured_media":0,"parent":0,"menu_order":0,"comment_status":"closed","ping_status":"closed","template":"","meta":[],"_links":{"self":[{"href":"http:\/\/remunomex.uas.edu.mx\/index.php\/wp-json\/wp\/v2\/pages\/99"}],"collection":[{"href":"http:\/\/remunomex.uas.edu.mx\/index.php\/wp-json\/wp\/v2\/pages"}],"about":[{"href":"http:\/\/remunomex.uas.edu.mx\/index.php\/wp-json\/wp\/v2\/types\/page"}],"author":[{"embeddable":true,"href":"http:\/\/remunomex.uas.edu.mx\/index.php\/wp-json\/wp\/v2\/users\/1"}],"replies":[{"embeddable":true,"href":"http:\/\/remunomex.uas.edu.mx\/index.php\/wp-json\/wp\/v2\/comments?post=99"}],"version-history":[{"count":8,"href":"http:\/\/remunomex.uas.edu.mx\/index.php\/wp-json\/wp\/v2\/pages\/99\/revisions"}],"predecessor-version":[{"id":1294,"href":"http:\/\/remunomex.uas.edu.mx\/index.php\/wp-json\/wp\/v2\/pages\/99\/revisions\/1294"}],"wp:attachment":[{"href":"http:\/\/remunomex.uas.edu.mx\/index.php\/wp-json\/wp\/v2\/media?parent=99"}],"curies":[{"name":"wp","href":"https:\/\/api.w.org\/{rel}","templated":true}]}}